{"id":3049,"date":"2015-09-18T10:28:02","date_gmt":"2015-09-18T09:28:02","guid":{"rendered":"http:\/\/84.39.218.255\/wp-content\/uploads\/2015\/09\/?page_id=3049"},"modified":"2015-09-18T10:28:02","modified_gmt":"2015-09-18T09:28:02","slug":"1-skupni-javni-razpis-za-izbor-projektov","status":"publish","type":"page","link":"http:\/\/www.si-hr.eu\/si\/razpisi\/1-skupni-javni-razpis-za-izbor-projektov\/","title":{"rendered":"1. skupni javni razpis za izbor projektov"},"content":{"rendered":"<h3>1. javni razpis OP IPA SI-HR 2007-2013<\/h3>\n<p>Prvi javni razpis Operativnega programa \u010dezmejnega sodelovanja Slovenija-Hrva\u0161ka 2007-2013 je bil objavljen 20. 6. 2008, zaklju\u010dil pa se je 20. 10. 2008.<\/p>\n<h3>Dopolnitev razpisne dokumentacije 1. JR OP IPA SI-HR 2007-2013 (14. 10. 2008)<\/h3>\n<p>Dopolnitev razpisne dokumentacije 1. javnega razpisa za izbor projektov v okviru Operativnega programa IPA Slovenija- Hrva\u0161ka 2007-2013, ki se nana\u0161a na POPRAVEK PRIJAVNICE &#8211; DEL B z dne 14. 10. 2008.<\/p>\n<p><a class=\"link_pdf\" href=\"http:\/\/84.39.218.255\/wp-content\/uploads\/2015\/09\/POPRAVEK%201.%20JR%20SI-HR%20NOVO%203%20SI_1.pdf\" target=\"_blank\">Popravek 1. JR OP IPA SI-HR 2007-2013 (194.4k)<\/a><\/p>\n<p><a class=\"link_xls\" href=\"http:\/\/84.39.218.255\/wp-content\/uploads\/2015\/09\/prijavnica%20prijavni%20obrazac%20del%20dio%20B%20.xls\" target=\"_blank\">Prijavnica del B &#8211; Prijavni obrazac del B OP IPA SI-HR 2007-2013 novo (416.5k)<\/a><\/p>\n<h3>Dopolnitve sprememb razpisne dokumentacije 1. JR OP IPA 2007-2013 (10. 10. 2008)<\/h3>\n<p>Dopolnitev sprememb 1. javnega razpisa in razpisne dokumentacije v okviru Operativnega programa IPA Slovenija \u2013 Hrva\u0161ka 2007-2013 objavljenega 20. junija 2008 in njegovih sprememb objavljenih 3. oktobra 2008 (UL RS \u0161t. 94\/2008).<\/p>\n<p><a class=\"link_pdf\" href=\"http:\/\/84.39.218.255\/wp-content\/uploads\/2015\/09\/1.%20JR%20OP%20SI-HR%20SI_2.pdf\" target=\"_blank\">1. JR IPA SI-HR 2007-2013 novo (1.1M)<\/a><\/p>\n<p><a class=\"link_pdf\" href=\"http:\/\/84.39.218.255\/wp-content\/uploads\/2015\/09\/Dopolnitev%20popravkov%201%20JR%20SI-HR%20NOVO%202%20SI_2.pdf\" target=\"_blank\">Dopolnitev popravkov 1. JR OP IPA SI-HR 2007-2013 (156.5k)<\/a><\/p>\n<p><a class=\"link_pdf\" href=\"http:\/\/84.39.218.255\/wp-content\/uploads\/2015\/09\/OP%20IPA%20SI-HR%202007-2013_SI_1.pdf\" target=\"_blank\">OP IPA SI-HR 2007-2013 novo (1.7M)<\/a><\/p>\n<p><a class=\"link_pdf\" href=\"http:\/\/84.39.218.255\/wp-content\/uploads\/2015\/09\/PIP%20SI-HR%20NOVO%202%20SI_2.pdf\" target=\"_blank\">PIP OP IPA SI-HR 2007-2013 novo (819.1k)<\/a><\/p>\n<p><a class=\"link_doc\" href=\"http:\/\/84.39.218.255\/wp-content\/uploads\/2015\/09\/Prijavnica%20del%20A%20-%20Prijavni%20obrazac%20dio%20A%20SI-HR_5.doc\" target=\"_blank\">Prijavnica del A &#8211; Prijavni obrazac dio A OP IPA SI-HR 2007-2013 novo (538k)<\/a><\/p>\n<p><a class=\"link_xls\" href=\"http:\/\/84.39.218.255\/wp-content\/uploads\/2015\/09\/Prijavnica%20del%20B%20-%20Prijavni%20obrazac%20dio%20B%20NOVO%202%20SI-HR_3.xls\" target=\"_blank\">Prijavnica del B &#8211; Prijavni obrazac dio B OP IPA SI-HR 2007-2013 (396.5k)<\/a><\/p>\n<p><a class=\"link_pdf\" href=\"http:\/\/84.39.218.255\/wp-content\/uploads\/2015\/09\/Pogodba%20o%20sofinanciranju%20SI_4.pdf\" target=\"_blank\">Pogodba o sofinanciranju OP IPA 2007-2013 (290.9k)<\/a><\/p>\n<p><a class=\"link_pdf\" href=\"http:\/\/84.39.218.255\/wp-content\/uploads\/2015\/09\/Sporazum%20o%20partnerstvu%20SI_4.pdf\" target=\"_blank\">Sporazum o partnerstvu OP IPA SI-HR 2007-2013 (157.8k)<\/a><\/p>\n<p><a class=\"link_doc\" href=\"http:\/\/84.39.218.255\/wp-content\/uploads\/2015\/09\/nalepka%20za%20ovojnico_3.doc\" target=\"_blank\">Nalepka za ovojnico (24.5k)<\/a><\/p>\n<h3>Spremembe razpisne dokumentacije 1. JR OP IPA SI-HR 2007-2013 (3. 10. 2008)<\/h3>\n<p>Spremembe razpisne dokumentacije 1. JR za izbor projektov v okviru OP IPA SI-HR 2007-2013 z dne 3. 10. 2008, objavljenega 20. junija 2008.<\/p>\n<p><a class=\"link_pdf\" href=\"http:\/\/84.39.218.255\/wp-content\/uploads\/2015\/09\/1.%20JR%20OP%20SI-HR%20NOVO%20SI.pdf\" target=\"_blank\">1. JR IPA SI-HR 2007-2013 (1.1M)<\/a><\/p>\n<p><a class=\"link_pdf\" href=\"http:\/\/84.39.218.255\/wp-content\/uploads\/2015\/09\/Popravki%201.%20JR%20SI-HR%20NOVO%20SI.pdf\" target=\"_blank\">Popravki 1. JR OP IPA SI-HR 2007-2013 (844.4k)<\/a><\/p>\n<p><a class=\"link_pdf\" href=\"http:\/\/84.39.218.255\/wp-content\/uploads\/2015\/09\/OP%20IPA%20SI-HR%202007-2013_SI_2.pdf\" target=\"_blank\">OP IPA SI-HR 2007-2013 (1.7M)<\/a><\/p>\n<p><a class=\"link_pdf\" href=\"http:\/\/84.39.218.255\/wp-content\/uploads\/2015\/09\/PIP%20SI-HR%20NOVO%20SI.pdf\" target=\"_blank\">PIP OP IPA SI-HR 2007-2013 (1.7M)<\/a><\/p>\n<p><a class=\"link_doc\" href=\"http:\/\/84.39.218.255\/wp-content\/uploads\/2015\/09\/Prijavnica%20del%20A%20-%20Prijavni%20obrazac%20dio%20A%20NOVO%20SI-HR.doc\" target=\"_blank\">Prijavnica del A &#8211; Prijavni obrazac dio A OP IPA SI-HR 2007-2013 (538.5k)<\/a><\/p>\n<p><a class=\"link_xls\" href=\"http:\/\/84.39.218.255\/wp-content\/uploads\/2015\/09\/Prijavnica%20del%20B%20-%20Prijavni%20obrazac%20dio%20B%20NOVO%20SI-HR.xls\" target=\"_blank\">Prijavnica del B &#8211; Prijavni obrazac dio B OP IPA SI-HR 2007-2013 (400k)<\/a><\/p>\n<p><a class=\"link_pdf\" href=\"http:\/\/84.39.218.255\/wp-content\/uploads\/2015\/09\/Pogodba%20o%20sofinanciranju%20SI_3.pdf\" target=\"_blank\">Pogodba o sofinanciranju OP IPA 2007-2013 (290.9k)<\/a><\/p>\n<p><a class=\"link_pdf\" href=\"http:\/\/84.39.218.255\/wp-content\/uploads\/2015\/09\/Sporazum%20o%20partnerstvu%20SI_3.pdf\" target=\"_blank\">Sporazum o partnerstvu OP IPA SI-HR 2007-2013 (157.8k)<\/a><\/p>\n<p><a class=\"link_doc\" href=\"http:\/\/84.39.218.255\/wp-content\/uploads\/2015\/09\/nalepka%20za%20ovojnico-1.doc\" target=\"_blank\">Nalepka za ovojnico (24.5k)<\/a><\/p>\n<h3>Razpisna dokumentacija, objavljena v Uradnem listu dne 20. 6. 2008<\/h3>\n<p>Tu lahko najdete razpisno dokumentacijo z dne 20. 6. 2008.<\/p>\n<p><a class=\"link_pdf\" href=\"http:\/\/84.39.218.255\/wp-content\/uploads\/2015\/09\/1.JR%20SI-HR%20SI.pdf\" target=\"_blank\">1. JR IPA SI-HR 2007-2013 (178.7k)<\/a><\/p>\n<p><a class=\"link_pdf\" href=\"http:\/\/84.39.218.255\/wp-content\/uploads\/2015\/09\/OP%20IPA%20SI-HR%202007-2013_SI_3.pdf\" target=\"_blank\">OP IPA SI-HR 2007-2013 (1.7M)<\/a><\/p>\n<p><a class=\"link_pdf\" href=\"http:\/\/84.39.218.255\/wp-content\/uploads\/2015\/09\/PIP%20SI-HR%20SI.pdf\" target=\"_blank\">PIP OP IPA SI-HR 2007-2013 (1.7M)<\/a><\/p>\n<p><a class=\"link_pdf\" href=\"http:\/\/84.39.218.255\/wp-content\/uploads\/2015\/09\/Pogodba%20o%20sofinanciranju%20SI.pdf\" target=\"_blank\">Pogodba o sofinanciranju OP IPA SI-HR 2007-2013 (290.9k)<\/a><\/p>\n<p><a class=\"link_doc\" href=\"http:\/\/84.39.218.255\/wp-content\/uploads\/2015\/09\/Prijavnica%20del%20A%20-%20Prijavni%20obrazac%20dio%20A%20SI-HR.doc\" target=\"_blank\">Prijavnica del A &#8211; Prijavni obrazac dio A OP IPA SI-HR 2007-2013 (520k)<\/a><\/p>\n<p><a class=\"link_xls\" href=\"http:\/\/84.39.218.255\/wp-content\/uploads\/2015\/09\/Prijavnica%20del%20B%20-%20Prijavni%20obrazac%20dio%20B%20SI-HR.xls\" target=\"_blank\">Prijavnica del B &#8211; Prijavni obrazac dio B OP IPA SI-HR 2007-2013 (316k)<\/a><\/p>\n<p><a class=\"link_pdf\" href=\"http:\/\/84.39.218.255\/wp-content\/uploads\/2015\/09\/Sporazum%20o%20partnerstvu%20SI.pdf\" target=\"_blank\">Sporazum o partnerstvu OP IPA SI-HR 2007-2013 (157.8k)<\/a><\/p>\n","protected":false},"excerpt":{"rendered":"<p>1. javni razpis OP IPA SI-HR 2007-2013 Prvi javni razpis Operativnega programa \u010dezmejnega sodelovanja Slovenija-Hrva\u0161ka 2007-2013 je bil objavljen 20. 6. 2008, zaklju\u010dil pa se je 20. 10. 2008. Dopolnitev &hellip; <a href=\"http:\/\/www.si-hr.eu\/si\/razpisi\/1-skupni-javni-razpis-za-izbor-projektov\/\" class=\"more-link\">Preberi ve\u010d <span class=\"screen-reader-text\">1. skupni javni razpis za izbor projektov<\/span> <span class=\"meta-nav\">&rarr;<\/span><\/a><\/p>\n","protected":false},"author":1,"featured_media":0,"parent":11,"menu_order":0,"comment_status":"closed","ping_status":"closed","template":"","meta":{"ngg_post_thumbnail":0},"acf":[],"_links":{"self":[{"href":"http:\/\/www.si-hr.eu\/si\/wp-json\/wp\/v2\/pages\/3049"}],"collection":[{"href":"http:\/\/www.si-hr.eu\/si\/wp-json\/wp\/v2\/pages"}],"about":[{"href":"http:\/\/www.si-hr.eu\/si\/wp-json\/wp\/v2\/types\/page"}],"author":[{"embeddable":true,"href":"http:\/\/www.si-hr.eu\/si\/wp-json\/wp\/v2\/users\/1"}],"replies":[{"embeddable":true,"href":"http:\/\/www.si-hr.eu\/si\/wp-json\/wp\/v2\/comments?post=3049"}],"version-history":[{"count":1,"href":"http:\/\/www.si-hr.eu\/si\/wp-json\/wp\/v2\/pages\/3049\/revisions"}],"predecessor-version":[{"id":3050,"href":"http:\/\/www.si-hr.eu\/si\/wp-json\/wp\/v2\/pages\/3049\/revisions\/3050"}],"up":[{"embeddable":true,"href":"http:\/\/www.si-hr.eu\/si\/wp-json\/wp\/v2\/pages\/11"}],"wp:attachment":[{"href":"http:\/\/www.si-hr.eu\/si\/wp-json\/wp\/v2\/media?parent=3049"}],"curies":[{"name":"wp","href":"https:\/\/api.w.org\/{rel}","templated":true}]}}