{"id":3051,"date":"2015-09-18T10:29:53","date_gmt":"2015-09-18T09:29:53","guid":{"rendered":"http:\/\/84.39.218.255\/wp-content\/uploads\/2015\/09\/?page_id=3051"},"modified":"2015-09-18T10:29:53","modified_gmt":"2015-09-18T09:29:53","slug":"informativni-dogodki","status":"publish","type":"page","link":"http:\/\/www.si-hr.eu\/si\/razpisi\/1-skupni-javni-razpis-za-izbor-projektov\/informativni-dogodki\/","title":{"rendered":"Informativni dogodki"},"content":{"rendered":"<p>Tu lahko najdete vse informacije, povezane z informativnimi dogodki, ki so vezane na 1. javni razpis OP IPA SI-HR 2007-2013.<\/p>\n<p>Vse dokumente, ki se nana\u0161ajo na informativna dogajanja in delavnice, lahko najdete na spodnjih povezavah. Gradivo za hrva\u0161ke projektne partnerje najdete na hrva\u0161ki razli\u010dici spletne strani.<\/p>\n<p><a href=\"http:\/\/www.si-hr.eu\/news_sl\/archivdetail\/category\/arhiv\/podpis_pogodb_o_sofinanciranju_za_projekte_odobrene_v_1._jr_op_ipa_si-\">PODPIS POGODB O SOFINANCIRANJU ZA PROJEKTE ODOBRENE V 1. JR OP IPA SI-HR 2007-2013<\/a><\/p>\n<p><a href=\"http:\/\/www.si-hr.eu\/news_sl\/archivdetail\/category\/arhiv\/slavnostni_podpis_pogodb_za_odobrene_projekte_op_ipa_si-hr_2007-2013\">Slavnostni podpis pogodb za odobrene projekte OP IPA SI-HR 2007-2013<\/a><\/p>\n<h3>Dnevi odprtih vrat<\/h3>\n<p>Tu lahko najdete objavo dnevov odprtih vrat.<\/p>\n<p><a class=\"link_doc\" href=\"http:\/\/84.39.218.255\/wp-content\/uploads\/2015\/09\/dnevi%20odprtih%20vrat.doc\" target=\"_blank\">Dnevi odprtih vrat (235.5k)<\/a><\/p>\n<p><a class=\"link_doc\" href=\"http:\/\/84.39.218.255\/wp-content\/uploads\/2015\/09\/PODALJ%C5%A0ANJE%20DNEVOV%20ODPRTIH%20VRAT.doc\" target=\"_blank\">Podalj\u0161anje dnevov odprtih vrat (21k)<\/a><\/p>\n<h3>Delavnice<\/h3>\n<p>Tu lahko najdete najavo delavnic na slovenski in hrva\u0161ki strani.<\/p>\n<p><a class=\"link_doc\" href=\"http:\/\/84.39.218.255\/wp-content\/uploads\/2015\/09\/vabilo_info%20delavnice.doc\" target=\"_blank\">Delavnice- Slovenija (275k)<\/a><\/p>\n<p><a class=\"link_doc\" href=\"http:\/\/84.39.218.255\/wp-content\/uploads\/2015\/09\/Delavnice%20na%20hrva%C5%A1ki%20strani.doc\" target=\"_blank\">Delavnice &#8211; Hrva\u0161ka (54.5k)<\/a><\/p>\n<h3>Uvodna prireditev Operativnega programa IPA Slovenija-Hrva\u0161ka 2007-2013<\/h3>\n<p>Tu lahko najdete gradivo uvodne prireditve Operativnega programa \u010dezmejenega sodelovanja Slovenija-Hrva\u0161ka 2007-2013, ki je potekala 15. septembra 2008 na Oto\u010dcu.<\/p>\n<p><a class=\"link_doc\" href=\"http:\/\/84.39.218.255\/wp-content\/uploads\/2015\/09\/Vabilo%20-%20poziv.doc\" target=\"_blank\">Vabilo (236k)<\/a><\/p>\n<p><a class=\"link_pdf\" href=\"http:\/\/84.39.218.255\/wp-content\/uploads\/2015\/09\/Program.pdf\" target=\"_blank\">Program (241k)<\/a><\/p>\n<p><a class=\"link_pdf\" href=\"http:\/\/84.39.218.255\/wp-content\/uploads\/2015\/09\/1.%20JAVNI%20RAZPIS%2015.9.2008.pdf\" target=\"_blank\">1. javni razpis_SI (2.1M)<\/a><\/p>\n<p><a class=\"link_pdf\" href=\"http:\/\/84.39.218.255\/wp-content\/uploads\/2015\/09\/1.%20POZIV%20NA%20DOSTAVU%20PROJEKATA%2015.9.2008.pdf\" target=\"_blank\">1. poziv za dostavu projekata_HR (2.1M)<\/a><\/p>\n<p><a class=\"link_pdf\" href=\"http:\/\/84.39.218.255\/wp-content\/uploads\/2015\/09\/CBC%2015.9.2008%20EN.pdf\" target=\"_blank\">\u010cezmejno sodelovanje v Sloveniji_EN (935.4k)<\/a><\/p>\n<p><a class=\"link_pdf\" href=\"http:\/\/84.39.218.255\/wp-content\/uploads\/2015\/09\/EK%2015.9.2008%20EN.pdf\" target=\"_blank\">Evropska komisija &#8211; IPA_EN (490.2k)<\/a><\/p>\n<p><a class=\"link_pdf\" href=\"http:\/\/84.39.218.255\/wp-content\/uploads\/2015\/09\/NATJE%C4%8CAJNA%20DOKUMENTACIJA%2015.9.2008.pdf\" target=\"_blank\">Razpisna dokumetacija_HR (879.1k)<\/a><\/p>\n<p><a class=\"link_pdf\" href=\"http:\/\/84.39.218.255\/wp-content\/uploads\/2015\/09\/OP%20SI-HR%2015.9.2008%20%20EN.pdf\" target=\"_blank\">Operativni program SI-HR 2007-2013_EN (1.3M)<\/a><\/p>\n<p><a class=\"link_pdf\" href=\"http:\/\/84.39.218.255\/wp-content\/uploads\/2015\/09\/PIM%20SI-HR%2015.9.2008%20HR.pdf\" target=\"_blank\">PIM OP IPA SI-HR 2007-2013_HR (1.8M)<\/a><\/p>\n<p><a class=\"link_pdf\" href=\"http:\/\/84.39.218.255\/wp-content\/uploads\/2015\/09\/PIM%20SI-HR%2015.9.2008%20SI.pdf\" target=\"_blank\">PIM OP IPA SI-HR 2007-2013_SI (1.8M)<\/a><\/p>\n<p><a class=\"link_pdf\" href=\"http:\/\/84.39.218.255\/wp-content\/uploads\/2015\/09\/PRIHVATLJIVI%20TRO%C5%A0KOVI%2015.9.2008.pdf\" target=\"_blank\">Upravi\u010deni stro\u0161ki_HR (1.8M)<\/a><\/p>\n<p><a class=\"link_pdf\" href=\"http:\/\/84.39.218.255\/wp-content\/uploads\/2015\/09\/RAZPISNA%20DOKUMENTACIJA%2015.9.2008.pdf\" target=\"_blank\">Razpisna dokumentacija _SI (877.4k)<\/a><\/p>\n<p><a class=\"link_pdf\" href=\"http:\/\/84.39.218.255\/wp-content\/uploads\/2015\/09\/UPRAVI%C4%8CENI%20STRO%C5%A0KI%2015.9.2008.pdf\" target=\"_blank\">Upravi\u010deni stro\u0161ki_SI (1.8M)<\/a><\/p>\n","protected":false},"excerpt":{"rendered":"<p>Tu lahko najdete vse informacije, povezane z informativnimi dogodki, ki so vezane na 1. javni razpis OP IPA SI-HR 2007-2013. Vse dokumente, ki se nana\u0161ajo na informativna dogajanja in delavnice, &hellip; <a href=\"http:\/\/www.si-hr.eu\/si\/razpisi\/1-skupni-javni-razpis-za-izbor-projektov\/informativni-dogodki\/\" class=\"more-link\">Preberi ve\u010d <span class=\"screen-reader-text\">Informativni dogodki<\/span> <span class=\"meta-nav\">&rarr;<\/span><\/a><\/p>\n","protected":false},"author":1,"featured_media":0,"parent":3049,"menu_order":0,"comment_status":"closed","ping_status":"closed","template":"","meta":{"ngg_post_thumbnail":0},"acf":[],"_links":{"self":[{"href":"http:\/\/www.si-hr.eu\/si\/wp-json\/wp\/v2\/pages\/3051"}],"collection":[{"href":"http:\/\/www.si-hr.eu\/si\/wp-json\/wp\/v2\/pages"}],"about":[{"href":"http:\/\/www.si-hr.eu\/si\/wp-json\/wp\/v2\/types\/page"}],"author":[{"embeddable":true,"href":"http:\/\/www.si-hr.eu\/si\/wp-json\/wp\/v2\/users\/1"}],"replies":[{"embeddable":true,"href":"http:\/\/www.si-hr.eu\/si\/wp-json\/wp\/v2\/comments?post=3051"}],"version-history":[{"count":1,"href":"http:\/\/www.si-hr.eu\/si\/wp-json\/wp\/v2\/pages\/3051\/revisions"}],"predecessor-version":[{"id":3052,"href":"http:\/\/www.si-hr.eu\/si\/wp-json\/wp\/v2\/pages\/3051\/revisions\/3052"}],"up":[{"embeddable":true,"href":"http:\/\/www.si-hr.eu\/si\/wp-json\/wp\/v2\/pages\/3049"}],"wp:attachment":[{"href":"http:\/\/www.si-hr.eu\/si\/wp-json\/wp\/v2\/media?parent=3051"}],"curies":[{"name":"wp","href":"https:\/\/api.w.org\/{rel}","templated":true}]}}