{"id":3053,"date":"2015-09-18T10:30:26","date_gmt":"2015-09-18T09:30:26","guid":{"rendered":"http:\/\/84.39.218.255\/wp-content\/uploads\/2015\/09\/?page_id=3053"},"modified":"2015-09-18T10:30:26","modified_gmt":"2015-09-18T09:30:26","slug":"pogosto-zastavljena-vprasanja-faq","status":"publish","type":"page","link":"http:\/\/www.si-hr.eu\/si\/razpisi\/1-skupni-javni-razpis-za-izbor-projektov\/pogosto-zastavljena-vprasanja-faq\/","title":{"rendered":"Pogosto zastavljena vpra\u0161anja (FAQ)"},"content":{"rendered":"<p>Tu si lahko nalo\u017eite pogosto zastavljena vpra\u0161anja, ki se nana\u0161ajo na 1. javni razpis OP IPA SI-HR 2007-2013.<\/p>\n<p><a class=\"link_pdf\" href=\"http:\/\/84.39.218.255\/wp-content\/uploads\/2015\/09\/FAQ%201.%20JR.pdf\" target=\"_blank\">FAQ 1. JR (1.4M)<\/a><\/p>\n","protected":false},"excerpt":{"rendered":"<p>Tu si lahko nalo\u017eite pogosto zastavljena vpra\u0161anja, ki se nana\u0161ajo na 1. javni razpis OP IPA SI-HR 2007-2013. FAQ 1. JR (1.4M)<\/p>\n","protected":false},"author":1,"featured_media":0,"parent":3049,"menu_order":0,"comment_status":"closed","ping_status":"closed","template":"","meta":{"ngg_post_thumbnail":0},"acf":[],"_links":{"self":[{"href":"http:\/\/www.si-hr.eu\/si\/wp-json\/wp\/v2\/pages\/3053"}],"collection":[{"href":"http:\/\/www.si-hr.eu\/si\/wp-json\/wp\/v2\/pages"}],"about":[{"href":"http:\/\/www.si-hr.eu\/si\/wp-json\/wp\/v2\/types\/page"}],"author":[{"embeddable":true,"href":"http:\/\/www.si-hr.eu\/si\/wp-json\/wp\/v2\/users\/1"}],"replies":[{"embeddable":true,"href":"http:\/\/www.si-hr.eu\/si\/wp-json\/wp\/v2\/comments?post=3053"}],"version-history":[{"count":1,"href":"http:\/\/www.si-hr.eu\/si\/wp-json\/wp\/v2\/pages\/3053\/revisions"}],"predecessor-version":[{"id":3054,"href":"http:\/\/www.si-hr.eu\/si\/wp-json\/wp\/v2\/pages\/3053\/revisions\/3054"}],"up":[{"embeddable":true,"href":"http:\/\/www.si-hr.eu\/si\/wp-json\/wp\/v2\/pages\/3049"}],"wp:attachment":[{"href":"http:\/\/www.si-hr.eu\/si\/wp-json\/wp\/v2\/media?parent=3053"}],"curies":[{"name":"wp","href":"https:\/\/api.w.org\/{rel}","templated":true}]}}