{"id":3064,"date":"2015-09-18T10:56:15","date_gmt":"2015-09-18T09:56:15","guid":{"rendered":"http:\/\/84.39.218.255\/wp-content\/uploads\/2015\/09\/?page_id=3064"},"modified":"2015-09-18T10:56:15","modified_gmt":"2015-09-18T09:56:15","slug":"ipa-in-ets","status":"publish","type":"page","link":"http:\/\/www.si-hr.eu\/si\/program\/ipa-in-ets\/","title":{"rendered":"IPA in ETS"},"content":{"rendered":"<p><b>Instrument predpristopne pomo\u010di (IPA)<\/b> je nov pravni in finan\u010dni instrument Evropske unije, ki je nadomestil vrsto programov in finan\u010dnih instrumentov Skupnosti, namenjenih predpristopni pomo\u010di dr\u017eavam kandidatkam ali potencialnim kandidatkam. IPA zajema pet podro\u010dij:<\/p>\n<p>1. pomo\u010d pri prehodu in krepitvi institucij;<br \/>\n2. \u010dezmejno sodelovanje (z dr\u017eavami \u010dlanicami EU in drugimi dr\u017eavami, ki izpolnjujejo pogoje IPA);<br \/>\n3. regionalni razvoj (promet, okolje in gospodarski razvoj);<br \/>\n4. \u010dlove\u0161ki viri (krepitev \u010dlove\u0161kega kapitala in boj proti izklju\u010denosti);<br \/>\n5. razvoj pode\u017eelja.<\/p>\n<p>Dr\u017eave upravi\u010denke se delijo na dve kategoriji:<br \/>\n\u2022 dr\u017eave kandidatke za pristop (Hrva\u0161ka (do 1.7.2013), Tur\u010dija in Nekdanja jugoslovanska republika Makedonija) so upravi\u010dene do sredstev na vseh petih podro\u010djih IPA;<br \/>\n\u2022 morebitne dr\u017eave kandidatke zahodnega Balkana (Albanija, Bosna in Hercegovina, \u010crna gora in Srbija, vklju\u010dno s Kosovom) so upravi\u010dene samo do sredstev na prvih dveh podro\u010djih.<\/p>\n<p>IPA tako pripravlja dr\u017eave kandidatke na upravljanje evropskih skladov, ki zajemajo ista podro\u010dja: Evropski sklad za regionalni razvoj (ESRR), Kohezijski sklad, Evropski socialni sklad (ESS), Evropski kmetijski sklad za razvoj pode\u017eelja (EKSRP).<\/p>\n<p>IPA se uporablja za dr\u017eave kandidatke in potencialne dr\u017eave kandidatke ter dr\u017eave \u010dlanice, ki sodelujejo v \u010dezmejnih programih s temi dr\u017eavami. Ta nov instrument omogo\u010da sodelujo\u010dim dr\u017eavam na zunanjih mejah EU, da vzpostavijo skupen program, za katerega veljajo natan\u010dno dolo\u010dena pravila, s \u010dimer so ustvarjeni osnovni pogoji za razvoj pravih \u010dezmejnih projektov.<\/p>\n<p>1. julija 2013 je Republika Hrva\u0161ka vstopila v Evropsko unijo in tako postala dr\u017eava \u010dlanica. S tem je tudi program \u010dezmejnega sodelovanja med Slovenijo in Hrva\u0161ko postal del programov v okviru kohezijske politike EU, ki kot svoj tretji cilj opredeljuje Evropsko teritorialno sodelovanje (ETS), ki je usmerjeno v krepitev \u010dezmejnega, transnacionalnega in medregionalnega sodelovanja.<\/p>\n<p>Na evropski ravni je za Evropsko teritorialno sodelovanje (cilj 3) skupno namenjenih 2,52 % vseh kohezijskih sredstev oziroma 7,75 milijarde evrov. Od tega je najve\u010d, in sicer 73,86 % sredstev oz. 5.576 milijarde evrov iz cilja Evropskega teritorialnega sodelovanja namenjenih \u010dezmejnemu sodelovanju, 20,95 % oz. 1.582 milijarde evrov transnacionalnemu sodelovanju ter 5,19 % oz. 392 milijonov evrov medregionalnemu sodelovanju.<\/p>\n<p>Cilj Evropsko teritorialno sodelovanje za programsko obdobje 2007-2013 preko<br \/>\nEvropskega sklada za regionalni razvoj (ESRR) svojo pomo\u010d osredoto\u010da na tri glavna podro\u010dja sodelovanja:<br \/>\n\u2022 razvoj \u010dezmejnih gospodarskih, socialnih in okoljskih dejavnosti s pomo\u010djo skupnih strategij za trajnostni teritorialni razvoj;<br \/>\n\u2022 krepitev transnacionalnega sodelovanja s pomo\u010djo dejavnosti na podro\u010dju prednostnih nalog Skupnosti in spodbujanje integriranega teritorialnega razvoja;<br \/>\n\u2022 pove\u010danje u\u010dinkovitosti regionalnih politik s spodbujanjem medregionalnega sodelovanja z izmenjavo izku\u0161enj na ustreznem teritorialnem nivoju.<\/p>\n<p>\u010cezmejnemu sodelovanju med Republiko Slovenijo in Republiko Hrva\u0161ko je namenjen Operativni program Slovenija-Hrva\u0161ka 2007-2013.<\/p>\n","protected":false},"excerpt":{"rendered":"<p>Instrument predpristopne pomo\u010di (IPA) je nov pravni in finan\u010dni instrument Evropske unije, ki je nadomestil vrsto programov in finan\u010dnih instrumentov Skupnosti, namenjenih predpristopni pomo\u010di dr\u017eavam kandidatkam ali potencialnim kandidatkam. IPA &hellip; <a href=\"http:\/\/www.si-hr.eu\/si\/program\/ipa-in-ets\/\" class=\"more-link\">Preberi ve\u010d <span class=\"screen-reader-text\">IPA in ETS<\/span> <span class=\"meta-nav\">&rarr;<\/span><\/a><\/p>\n","protected":false},"author":1,"featured_media":0,"parent":9,"menu_order":0,"comment_status":"closed","ping_status":"closed","template":"","meta":{"ngg_post_thumbnail":0},"acf":[],"_links":{"self":[{"href":"http:\/\/www.si-hr.eu\/si\/wp-json\/wp\/v2\/pages\/3064"}],"collection":[{"href":"http:\/\/www.si-hr.eu\/si\/wp-json\/wp\/v2\/pages"}],"about":[{"href":"http:\/\/www.si-hr.eu\/si\/wp-json\/wp\/v2\/types\/page"}],"author":[{"embeddable":true,"href":"http:\/\/www.si-hr.eu\/si\/wp-json\/wp\/v2\/users\/1"}],"replies":[{"embeddable":true,"href":"http:\/\/www.si-hr.eu\/si\/wp-json\/wp\/v2\/comments?post=3064"}],"version-history":[{"count":1,"href":"http:\/\/www.si-hr.eu\/si\/wp-json\/wp\/v2\/pages\/3064\/revisions"}],"predecessor-version":[{"id":3065,"href":"http:\/\/www.si-hr.eu\/si\/wp-json\/wp\/v2\/pages\/3064\/revisions\/3065"}],"up":[{"embeddable":true,"href":"http:\/\/www.si-hr.eu\/si\/wp-json\/wp\/v2\/pages\/9"}],"wp:attachment":[{"href":"http:\/\/www.si-hr.eu\/si\/wp-json\/wp\/v2\/media?parent=3064"}],"curies":[{"name":"wp","href":"https:\/\/api.w.org\/{rel}","templated":true}]}}