{"id":3066,"date":"2015-09-18T10:57:15","date_gmt":"2015-09-18T09:57:15","guid":{"rendered":"http:\/\/84.39.218.255\/wp-content\/uploads\/2015\/09\/?page_id=3066"},"modified":"2015-09-18T10:57:15","modified_gmt":"2015-09-18T09:57:15","slug":"programsko-obmocje","status":"publish","type":"page","link":"http:\/\/www.si-hr.eu\/si\/program\/programsko-obmocje\/","title":{"rendered":"Programsko obmo\u010dje"},"content":{"rendered":"<p>Ciljno obmo\u010dje programa je obmo\u010dje skupne slovensko-hrva\u0161ke meje. Upravi\u010dene \u017eupanije in regije so teritorialne enote na ravni NUTS 3. Zato so upravi\u010dene regije na ravni NUTS 3 v Sloveniji in Hrva\u0161ki naslednje:<\/p>\n<table class=\"tcontent\">\n<tbody>\n<tr>\n<th>SLOVENIJA (statisti\u010dne regije)<\/th>\n<th>HRVA\u0160KA (\u017eupanije)<\/th>\n<\/tr>\n<tr>\n<td>Pomurska<\/td>\n<td>Me\u0111imurska<\/td>\n<\/tr>\n<tr>\n<td>Podravska<\/td>\n<td>Vara\u017edinska<\/td>\n<\/tr>\n<tr>\n<td>Savinjska<\/td>\n<td>Krapinsko-zagorska<\/td>\n<\/tr>\n<tr>\n<td>Spodnjeposavska<\/td>\n<td>Zagreba\u010dka<\/td>\n<\/tr>\n<tr>\n<td>Jugovzhodna Slovenija<\/td>\n<td>Karlova\u010dka<\/td>\n<\/tr>\n<tr>\n<td>Notranjsko-kra\u0161ka<\/td>\n<td>Primorsko-goranska<\/td>\n<\/tr>\n<tr>\n<td>Obalno-kra\u0161ka<\/td>\n<td>Istarska \u017eupanija<\/td>\n<\/tr>\n<tr>\n<td>Osrednjeslovenska (20 %)<\/td>\n<td>Grad Zagreb (20 %)<\/td>\n<\/tr>\n<\/tbody>\n<\/table>\n<p>&nbsp;<\/p>\n<p><a href=\"http:\/\/84.39.218.255\/wp-content\/uploads\/2015\/09\/wp-content\/uploads\/2015\/09\/\/program_region_big_hr.jpg\"><img decoding=\"async\" loading=\"lazy\" class=\"alignleft size-full wp-image-3067\" src=\"http:\/\/84.39.218.255\/wp-content\/uploads\/2015\/09\/wp-content\/uploads\/2015\/09\/\/program_region_big_hr.jpg\" alt=\"program_region_big_hr\" width=\"602\" height=\"411\" \/><\/a><\/p>\n","protected":false},"excerpt":{"rendered":"<p>Ciljno obmo\u010dje programa je obmo\u010dje skupne slovensko-hrva\u0161ke meje. Upravi\u010dene \u017eupanije in regije so teritorialne enote na ravni NUTS 3. Zato so upravi\u010dene regije na ravni NUTS 3 v Sloveniji in &hellip; <a href=\"http:\/\/www.si-hr.eu\/si\/program\/programsko-obmocje\/\" class=\"more-link\">Preberi ve\u010d <span class=\"screen-reader-text\">Programsko obmo\u010dje<\/span> <span class=\"meta-nav\">&rarr;<\/span><\/a><\/p>\n","protected":false},"author":1,"featured_media":0,"parent":9,"menu_order":0,"comment_status":"closed","ping_status":"closed","template":"","meta":{"ngg_post_thumbnail":0},"acf":[],"_links":{"self":[{"href":"http:\/\/www.si-hr.eu\/si\/wp-json\/wp\/v2\/pages\/3066"}],"collection":[{"href":"http:\/\/www.si-hr.eu\/si\/wp-json\/wp\/v2\/pages"}],"about":[{"href":"http:\/\/www.si-hr.eu\/si\/wp-json\/wp\/v2\/types\/page"}],"author":[{"embeddable":true,"href":"http:\/\/www.si-hr.eu\/si\/wp-json\/wp\/v2\/users\/1"}],"replies":[{"embeddable":true,"href":"http:\/\/www.si-hr.eu\/si\/wp-json\/wp\/v2\/comments?post=3066"}],"version-history":[{"count":1,"href":"http:\/\/www.si-hr.eu\/si\/wp-json\/wp\/v2\/pages\/3066\/revisions"}],"predecessor-version":[{"id":3068,"href":"http:\/\/www.si-hr.eu\/si\/wp-json\/wp\/v2\/pages\/3066\/revisions\/3068"}],"up":[{"embeddable":true,"href":"http:\/\/www.si-hr.eu\/si\/wp-json\/wp\/v2\/pages\/9"}],"wp:attachment":[{"href":"http:\/\/www.si-hr.eu\/si\/wp-json\/wp\/v2\/media?parent=3066"}],"curies":[{"name":"wp","href":"https:\/\/api.w.org\/{rel}","templated":true}]}}