{"id":3084,"date":"2015-09-18T11:17:34","date_gmt":"2015-09-18T10:17:34","guid":{"rendered":"http:\/\/84.39.218.255\/wp-content\/uploads\/2015\/09\/?page_id=3084"},"modified":"2015-09-18T11:17:34","modified_gmt":"2015-09-18T10:17:34","slug":"zlozenka-programa","status":"publish","type":"page","link":"http:\/\/www.si-hr.eu\/si\/program\/zlozenka-programa\/","title":{"rendered":"Zlo\u017eenka programa"},"content":{"rendered":"<p>Tu si lahko ogledate in nalo\u017eite splo\u0161no zlo\u017eenko Operativnega programa IPA SI-HR 2007-2013.<\/p>\n<p><a class=\"link_pdf\" href=\"http:\/\/84.39.218.255\/wp-content\/uploads\/2015\/09\/SLO.pdf\" target=\"_blank\">Letak (1.5M)<\/a><\/p>\n","protected":false},"excerpt":{"rendered":"<p>Tu si lahko ogledate in nalo\u017eite splo\u0161no zlo\u017eenko Operativnega programa IPA SI-HR 2007-2013. Letak (1.5M)<\/p>\n","protected":false},"author":1,"featured_media":0,"parent":9,"menu_order":0,"comment_status":"closed","ping_status":"closed","template":"","meta":{"ngg_post_thumbnail":0},"acf":[],"_links":{"self":[{"href":"http:\/\/www.si-hr.eu\/si\/wp-json\/wp\/v2\/pages\/3084"}],"collection":[{"href":"http:\/\/www.si-hr.eu\/si\/wp-json\/wp\/v2\/pages"}],"about":[{"href":"http:\/\/www.si-hr.eu\/si\/wp-json\/wp\/v2\/types\/page"}],"author":[{"embeddable":true,"href":"http:\/\/www.si-hr.eu\/si\/wp-json\/wp\/v2\/users\/1"}],"replies":[{"embeddable":true,"href":"http:\/\/www.si-hr.eu\/si\/wp-json\/wp\/v2\/comments?post=3084"}],"version-history":[{"count":1,"href":"http:\/\/www.si-hr.eu\/si\/wp-json\/wp\/v2\/pages\/3084\/revisions"}],"predecessor-version":[{"id":3085,"href":"http:\/\/www.si-hr.eu\/si\/wp-json\/wp\/v2\/pages\/3084\/revisions\/3085"}],"up":[{"embeddable":true,"href":"http:\/\/www.si-hr.eu\/si\/wp-json\/wp\/v2\/pages\/9"}],"wp:attachment":[{"href":"http:\/\/www.si-hr.eu\/si\/wp-json\/wp\/v2\/media?parent=3084"}],"curies":[{"name":"wp","href":"https:\/\/api.w.org\/{rel}","templated":true}]}}