{"id":8599,"date":"2015-09-24T08:51:06","date_gmt":"2015-09-24T07:51:06","guid":{"rendered":"http:\/\/84.39.218.255\/?page_id=8599"},"modified":"2015-10-06T09:57:46","modified_gmt":"2015-10-06T08:57:46","slug":"delavnice-za-porocanje","status":"publish","type":"page","link":"http:\/\/www.si-hr.eu\/si\/galerija\/delavnice-za-porocanje\/","title":{"rendered":"Delavnice za poro\u010danje"},"content":{"rendered":"<p>Tu najdete slike z delavnic za poro\u010danje, ki so bile na Ptuju (2.6.2011) in Mo\u0161\u0107eni\u010dki Dragi<br \/>\n(31.5.2011).<\/p>\n","protected":false},"excerpt":{"rendered":"<p>Tu najdete slike z delavnic za poro\u010danje, ki so bile na Ptuju (2.6.2011) in Mo\u0161\u0107eni\u010dki Dragi (31.5.2011).<\/p>\n","protected":false},"author":1,"featured_media":0,"parent":8591,"menu_order":0,"comment_status":"closed","ping_status":"closed","template":"","meta":{"ngg_post_thumbnail":0},"acf":[],"_links":{"self":[{"href":"http:\/\/www.si-hr.eu\/si\/wp-json\/wp\/v2\/pages\/8599"}],"collection":[{"href":"http:\/\/www.si-hr.eu\/si\/wp-json\/wp\/v2\/pages"}],"about":[{"href":"http:\/\/www.si-hr.eu\/si\/wp-json\/wp\/v2\/types\/page"}],"author":[{"embeddable":true,"href":"http:\/\/www.si-hr.eu\/si\/wp-json\/wp\/v2\/users\/1"}],"replies":[{"embeddable":true,"href":"http:\/\/www.si-hr.eu\/si\/wp-json\/wp\/v2\/comments?post=8599"}],"version-history":[{"count":3,"href":"http:\/\/www.si-hr.eu\/si\/wp-json\/wp\/v2\/pages\/8599\/revisions"}],"predecessor-version":[{"id":8910,"href":"http:\/\/www.si-hr.eu\/si\/wp-json\/wp\/v2\/pages\/8599\/revisions\/8910"}],"up":[{"embeddable":true,"href":"http:\/\/www.si-hr.eu\/si\/wp-json\/wp\/v2\/pages\/8591"}],"wp:attachment":[{"href":"http:\/\/www.si-hr.eu\/si\/wp-json\/wp\/v2\/media?parent=8599"}],"curies":[{"name":"wp","href":"https:\/\/api.w.org\/{rel}","templated":true}]}}