{"id":8601,"date":"2015-09-24T08:51:33","date_gmt":"2015-09-24T07:51:33","guid":{"rendered":"http:\/\/84.39.218.255\/?page_id=8601"},"modified":"2015-09-24T08:51:33","modified_gmt":"2015-09-24T07:51:33","slug":"delavnica-za-koncne-upravicence-v-karlovcu","status":"publish","type":"page","link":"http:\/\/www.si-hr.eu\/si\/galerija\/delavnica-za-koncne-upravicence-v-karlovcu\/","title":{"rendered":"Delavnica za kon\u010dne upravi\u010dence v Karlovcu"},"content":{"rendered":"<p>Delavnica za kon\u010dne upravi\u010dence v Karlovcu 10.12.2009.<\/p>\n","protected":false},"excerpt":{"rendered":"<p>Delavnica za kon\u010dne upravi\u010dence v Karlovcu 10.12.2009.<\/p>\n","protected":false},"author":1,"featured_media":0,"parent":8591,"menu_order":0,"comment_status":"closed","ping_status":"closed","template":"","meta":{"ngg_post_thumbnail":0},"acf":[],"_links":{"self":[{"href":"http:\/\/www.si-hr.eu\/si\/wp-json\/wp\/v2\/pages\/8601"}],"collection":[{"href":"http:\/\/www.si-hr.eu\/si\/wp-json\/wp\/v2\/pages"}],"about":[{"href":"http:\/\/www.si-hr.eu\/si\/wp-json\/wp\/v2\/types\/page"}],"author":[{"embeddable":true,"href":"http:\/\/www.si-hr.eu\/si\/wp-json\/wp\/v2\/users\/1"}],"replies":[{"embeddable":true,"href":"http:\/\/www.si-hr.eu\/si\/wp-json\/wp\/v2\/comments?post=8601"}],"version-history":[{"count":1,"href":"http:\/\/www.si-hr.eu\/si\/wp-json\/wp\/v2\/pages\/8601\/revisions"}],"predecessor-version":[{"id":8602,"href":"http:\/\/www.si-hr.eu\/si\/wp-json\/wp\/v2\/pages\/8601\/revisions\/8602"}],"up":[{"embeddable":true,"href":"http:\/\/www.si-hr.eu\/si\/wp-json\/wp\/v2\/pages\/8591"}],"wp:attachment":[{"href":"http:\/\/www.si-hr.eu\/si\/wp-json\/wp\/v2\/media?parent=8601"}],"curies":[{"name":"wp","href":"https:\/\/api.w.org\/{rel}","templated":true}]}}