{"id":1235,"date":"2016-09-05T12:36:57","date_gmt":"2016-09-05T11:36:57","guid":{"rendered":"http:\/\/84.39.218.255\/si2\/?page_id=1235"},"modified":"2016-11-09T14:20:12","modified_gmt":"2016-11-09T13:20:12","slug":"logotip-programa","status":"publish","type":"page","link":"http:\/\/www.si-hr.eu\/si2\/logotip-programa\/","title":{"rendered":"Logotip programa"},"content":{"rendered":"<div id='layer_slider_1'  class='avia-layerslider main_color avia-shadow  avia-builder-el-0  el_before_av_one_full  avia-builder-el-first  container_wrap sidebar_right'  style='height: 251px;'  ><\/div><div id='after_layer_slider_1'  class='main_color av_default_container_wrap container_wrap sidebar_right'  ><div class='container av-section-cont-open' ><div class='template-page content  av-content-small alpha units'><div class='post-entry post-entry-type-page post-entry-1235'><div class='entry-content-wrapper clearfix'>\n\n<style type=\"text\/css\" data-created_by=\"avia_inline_auto\" id=\"style-css-av-av_one_full-352b07ef7d3bc99b2e9f92e7a9e06bdb\">\n.flex_column.av-av_one_full-352b07ef7d3bc99b2e9f92e7a9e06bdb{\nborder-radius:0px 0px 0px 0px;\n-webkit-border-radius:0px 0px 0px 0px;\n-moz-border-radius:0px 0px 0px 0px;\n}\n<\/style>\n<div class='flex_column av-av_one_full-352b07ef7d3bc99b2e9f92e7a9e06bdb av_one_full  avia-builder-el-1  el_after_av_layerslider  el_before_av_one_fourth  avia-builder-el-first  first flex_column_div av-zero-column-padding '   ><style type=\"text\/css\" data-created_by=\"avia_inline_auto\" id=\"style-css-av-av_heading-f4a3775ce71584c31c99d051582a78e5\">\n#top .av-special-heading.av-av_heading-f4a3775ce71584c31c99d051582a78e5{\npadding-bottom:3px;\n}\nbody .av-special-heading.av-av_heading-f4a3775ce71584c31c99d051582a78e5 .av-special-heading-tag .heading-char{\nfont-size:25px;\n}\n.av-special-heading.av-av_heading-f4a3775ce71584c31c99d051582a78e5 .av-subheading{\nfont-size:15px;\n}\n<\/style>\n<div  class='av-special-heading av-av_heading-f4a3775ce71584c31c99d051582a78e5 av-special-heading-h3  avia-builder-el-2  avia-builder-el-no-sibling '><h3 class='av-special-heading-tag'  itemprop=\"headline\"  >Logotip programa Interreg V-A Slovenija-Hrva\u0161ka<\/h3><div class=\"special-heading-border\"><div class=\"special-heading-inner-border\"><\/div><\/div><\/div><\/div>\n\n<style type=\"text\/css\" data-created_by=\"avia_inline_auto\" id=\"style-css-av-av_one_fourth-352b07ef7d3bc99b2e9f92e7a9e06bdb\">\n.flex_column.av-av_one_fourth-352b07ef7d3bc99b2e9f92e7a9e06bdb{\nborder-radius:0px 0px 0px 0px;\n-webkit-border-radius:0px 0px 0px 0px;\n-moz-border-radius:0px 0px 0px 0px;\n}\n<\/style>\n<div class='flex_column av-av_one_fourth-352b07ef7d3bc99b2e9f92e7a9e06bdb av_one_fourth  avia-builder-el-3  el_after_av_one_full  el_before_av_three_fourth  first flex_column_div av-zero-column-padding column-top-margin'   ><p>\n<style type=\"text\/css\" data-created_by=\"avia_inline_auto\" id=\"style-css-av-av_font_icon-7e7ef13954cdd59affcb2220154fce52\">\n.av_font_icon.av-av_font_icon-7e7ef13954cdd59affcb2220154fce52 .av-icon-char{\nfont-size:50px;\nline-height:50px;\nwidth:50px;\n}\n<\/style>\n<span  class='av_font_icon av-av_font_icon-7e7ef13954cdd59affcb2220154fce52 avia_animate_when_visible av-icon-style-border avia-icon-pos-center av-no-color avia-icon-animate'><a href='http:\/\/www.si-hr.eu\/si2\/download\/Interreg_SI-HR_logo.zip'  target=\"_blank\"  rel=\"noopener noreferrer\" class='av-icon-char' aria-hidden='true' data-av_icon='\ue82d' data-av_iconfont='entypo-fontello' ><\/a><span class='av_icon_caption av-special-font'>Prenesite logotip programa<\/span><\/span><br \/>\n<div  class='av-hotspot-image-container av-av_image_hotspot-3b25d95dc077aa480e68ae7cff9a98c9  avia-builder-el-5  el_after_av_font_icon  avia-builder-el-last  av-hotspot-numbered avia_animated_image avia_animate_when_almost_visible pop-up av-mobile-fallback-active  av-non-fullwidth-hotspot-image'  itemprop=\"image\" itemscope=\"itemscope\" itemtype=\"https:\/\/schema.org\/ImageObject\" ><div class='av-hotspot-container'><div class='av-hotspot-container-inner-cell'><div class='av-hotspot-container-inner-wrap'><img decoding=\"async\" class='wp-image-16 avia-img-lazy-loading-not-16 avia_image' src=\"http:\/\/www.si-hr.eu\/si2\/wp-content\/uploads\/sites\/14\/2015\/10\/interreg_si-hr_sl_rgb.png\" alt='' title='interreg_si-hr_sl_rgb'  height=\"115\" width=\"370\"  itemprop=\"thumbnailUrl\" srcset=\"http:\/\/www.si-hr.eu\/si2\/wp-content\/uploads\/sites\/14\/2015\/10\/interreg_si-hr_sl_rgb.png 370w, http:\/\/www.si-hr.eu\/si2\/wp-content\/uploads\/sites\/14\/2015\/10\/interreg_si-hr_sl_rgb-300x93.png 300w\" sizes=\"(max-width: 370px) 100vw, 370px\" \/><\/div><\/div><\/div><\/div><\/p><\/div>\n<style type=\"text\/css\" data-created_by=\"avia_inline_auto\" id=\"style-css-av-av_three_fourth-2a64de42b738552fe666ca889af77e28\">\n.flex_column.av-av_three_fourth-2a64de42b738552fe666ca889af77e28{\nborder-radius:0px 0px 0px 0px;\n-webkit-border-radius:0px 0px 0px 0px;\n-moz-border-radius:0px 0px 0px 0px;\n}\n<\/style>\n<div class='flex_column av-av_three_fourth-2a64de42b738552fe666ca889af77e28 av_three_fourth  avia-builder-el-6  el_after_av_one_fourth  avia-builder-el-last  flex_column_div av-zero-column-padding column-top-margin'   ><section  class='av_textblock_section av-av_textblock-0366cc7376be6c9e82a3e9cc8987b64f'  itemscope=\"itemscope\" itemtype=\"https:\/\/schema.org\/CreativeWork\" ><div class='avia_textblock'  itemprop=\"text\" ><p>Eden izmed glavnih ciljev v programskem obdobju 2014-2020 je pove\u010danje prepoznavnosti \u00bbznamke\u00ab <em>Interreg<\/em> in z njo povezanih programov. S tega razloga je logotip programa najbolj pomemben element celostne podobe Programa sodelovanja Interreg V-A Slovenija-Hrva\u0161ka\u00a0v tem programskem obdobju.<\/p>\n<p>Da bi izpolnili zahteve, ki jih je zastavila Evropska komisija, je program sprejel priro\u010dnik celovite grafi\u010dne podobe, ki opredeljuje obvezen programski logotip in njegovo uporabo. Upravi\u010denci morajo logotip programa uporabiti skozi celotno izvajanje projekta, kar pomeni v vseh dokumentih, na spletni strani (\u010de obstaja), v komunikaciji povezani s projektom, v okviru dogodkov, na publikacijah itd.<\/p>\n<p>Za ve\u010d informacij o pravilni uporabi logotipa si oglejte 6. del\u00a0<strong><a href=\"http:\/\/84.39.218.255\/si2\/prirocnik-o-izvajanju-projektov\/\" target=\"_blank\" rel=\"noopener\">Navodil o informiranju in obve\u0161\u010danju<\/a><\/strong>, namenjen informiranju in obve\u0161\u010danju:<\/p>\n<p><a href=\"http:\/\/84.39.218.255\/si2\/wp-content\/uploads\/sites\/14\/2016\/07\/Prirocnik_6_del_-_Informiranje_in_obvescanje.pdf\">Priro\u010dnik 6. del \u2013 Informiranje in obve\u0161\u010danje<\/a><\/p>\n<\/div><\/section><\/div><\/p>\n","protected":false},"excerpt":{"rendered":"","protected":false},"author":1,"featured_media":0,"parent":0,"menu_order":0,"comment_status":"closed","ping_status":"closed","template":"","meta":{"ngg_post_thumbnail":0},"acf":[],"_links":{"self":[{"href":"http:\/\/www.si-hr.eu\/si2\/wp-json\/wp\/v2\/pages\/1235"}],"collection":[{"href":"http:\/\/www.si-hr.eu\/si2\/wp-json\/wp\/v2\/pages"}],"about":[{"href":"http:\/\/www.si-hr.eu\/si2\/wp-json\/wp\/v2\/types\/page"}],"author":[{"embeddable":true,"href":"http:\/\/www.si-hr.eu\/si2\/wp-json\/wp\/v2\/users\/1"}],"replies":[{"embeddable":true,"href":"http:\/\/www.si-hr.eu\/si2\/wp-json\/wp\/v2\/comments?post=1235"}],"version-history":[{"count":4,"href":"http:\/\/www.si-hr.eu\/si2\/wp-json\/wp\/v2\/pages\/1235\/revisions"}],"predecessor-version":[{"id":1688,"href":"http:\/\/www.si-hr.eu\/si2\/wp-json\/wp\/v2\/pages\/1235\/revisions\/1688"}],"wp:attachment":[{"href":"http:\/\/www.si-hr.eu\/si2\/wp-json\/wp\/v2\/media?parent=1235"}],"curies":[{"name":"wp","href":"https:\/\/api.w.org\/{rel}","templated":true}]}}