{"id":1624,"date":"2016-11-02T16:01:20","date_gmt":"2016-11-02T15:01:20","guid":{"rendered":"http:\/\/84.39.218.255\/si2\/?page_id=1624"},"modified":"2016-11-02T16:20:06","modified_gmt":"2016-11-02T15:20:06","slug":"ozivljen-kras","status":"publish","type":"page","link":"http:\/\/www.si-hr.eu\/si2\/map-2\/ozivljen-kras\/","title":{"rendered":"O\u017dIVLJEN KRAS"},"content":{"rendered":"\n<style type=\"text\/css\" data-created_by=\"avia_inline_auto\" id=\"style-css-av-av_one_full-352b07ef7d3bc99b2e9f92e7a9e06bdb\">\n.flex_column.av-av_one_full-352b07ef7d3bc99b2e9f92e7a9e06bdb{\nborder-radius:0px 0px 0px 0px;\n-webkit-border-radius:0px 0px 0px 0px;\n-moz-border-radius:0px 0px 0px 0px;\n}\n<\/style>\n<div class='flex_column av-av_one_full-352b07ef7d3bc99b2e9f92e7a9e06bdb av_one_full  avia-builder-el-0  el_before_av_one_half  avia-builder-el-first  first flex_column_div av-zero-column-padding '   ><style type=\"text\/css\" data-created_by=\"avia_inline_auto\" id=\"style-css-av-av_heading-16885c32c958a1841280be36777350ad\">\n#top .av-special-heading.av-av_heading-16885c32c958a1841280be36777350ad{\npadding-bottom:10px;\n}\nbody .av-special-heading.av-av_heading-16885c32c958a1841280be36777350ad .av-special-heading-tag .heading-char{\nfont-size:25px;\n}\n.av-special-heading.av-av_heading-16885c32c958a1841280be36777350ad .av-subheading{\nfont-size:15px;\n}\n<\/style>\n<div  class='av-special-heading av-av_heading-16885c32c958a1841280be36777350ad av-special-heading-h3 blockquote modern-quote modern-centered  avia-builder-el-1  avia-builder-el-no-sibling '><h3 class='av-special-heading-tag'  itemprop=\"headline\"  >TRAJNOSTNO UPRAVLJANJE Z NARAVNIMI VIRI<br \/>\nOHRANJANJE OBMO\u010cIJ VARSTVA NARAVE IN KULTURNE DEDI\u0160\u010cINE<\/h3><div class=\"special-heading-border\"><div class=\"special-heading-inner-border\"><\/div><\/div><\/div><\/div>\n<style type=\"text\/css\" data-created_by=\"avia_inline_auto\" id=\"style-css-av-av_one_half-352b07ef7d3bc99b2e9f92e7a9e06bdb\">\n.flex_column.av-av_one_half-352b07ef7d3bc99b2e9f92e7a9e06bdb{\nborder-radius:0px 0px 0px 0px;\n-webkit-border-radius:0px 0px 0px 0px;\n-moz-border-radius:0px 0px 0px 0px;\n}\n<\/style>\n<div class='flex_column av-av_one_half-352b07ef7d3bc99b2e9f92e7a9e06bdb av_one_half  avia-builder-el-2  el_after_av_one_full  el_before_av_one_half  first flex_column_div av-zero-column-padding column-top-margin'   ><p>\n<style type=\"text\/css\" data-created_by=\"avia_inline_auto\" id=\"style-css-av-av_image-5635c9068e33d7548315844e66b15fac\">\n.avia-image-container.av-av_image-5635c9068e33d7548315844e66b15fac .av-image-caption-overlay-center{\ncolor:#ffffff;\n}\n<\/style>\n<div  class='avia-image-container av-av_image-5635c9068e33d7548315844e66b15fac av-styling- avia-align-center  avia-builder-el-3  el_before_av_textblock  avia-builder-el-first '  itemprop=\"image\" itemscope=\"itemscope\" itemtype=\"https:\/\/schema.org\/ImageObject\" ><div class=\"avia-image-container-inner\"><div class=\"avia-image-overlay-wrap\"><img decoding=\"async\" class='wp-image-1627 avia-img-lazy-loading-not-1627 avia_image' src=\"http:\/\/www.si-hr.eu\/si2\/wp-content\/uploads\/sites\/14\/2016\/11\/OzIVLJEN-KRAS.jpg\" alt='' title='OzIVLJEN KRAS'  height=\"680\" width=\"1024\"  itemprop=\"thumbnailUrl\" srcset=\"http:\/\/www.si-hr.eu\/si2\/wp-content\/uploads\/sites\/14\/2016\/11\/OzIVLJEN-KRAS.jpg 1024w, http:\/\/www.si-hr.eu\/si2\/wp-content\/uploads\/sites\/14\/2016\/11\/OzIVLJEN-KRAS-300x199.jpg 300w, http:\/\/www.si-hr.eu\/si2\/wp-content\/uploads\/sites\/14\/2016\/11\/OzIVLJEN-KRAS-600x398.jpg 600w, http:\/\/www.si-hr.eu\/si2\/wp-content\/uploads\/sites\/14\/2016\/11\/OzIVLJEN-KRAS-705x468.jpg 705w, http:\/\/www.si-hr.eu\/si2\/wp-content\/uploads\/sites\/14\/2016\/11\/OzIVLJEN-KRAS-450x299.jpg 450w\" sizes=\"(max-width: 1024px) 100vw, 1024px\" \/><\/div><\/div><\/div><br \/>\n<section  class='av_textblock_section av-av_textblock-0366cc7376be6c9e82a3e9cc8987b64f'  itemscope=\"itemscope\" itemtype=\"https:\/\/schema.org\/CreativeWork\" ><div class='avia_textblock'  itemprop=\"text\" ><p style=\"text-align: center;\"><strong>O\u017dIVLJEN KRAS<\/strong><\/p>\n<\/div><\/section><br \/>\n<section  class='av_textblock_section av-av_textblock-0366cc7376be6c9e82a3e9cc8987b64f'  itemscope=\"itemscope\" itemtype=\"https:\/\/schema.org\/CreativeWork\" ><div class='avia_textblock'  itemprop=\"text\" ><p align=\"JUSTIFY\"><span lang=\"sl-SI\"><i><b>Opis vsebine projekta<\/b><\/i><\/span><\/p>\n<p align=\"JUSTIFY\"><span lang=\"sl-SI\">Specifi\u010dni \u010dezmejni cilji projekta so: primerno vzdr\u017eevanje zavarovanih in naravnih obmo\u010dij in prepre\u010devanje nadaljnjega zara\u0161\u010danja krajine; pove\u010danje vrednosti naravnih in kulturnih elementov krasa preko revitalizacije in renaturacije dedi\u0161\u010dine ter ozave\u0161\u010danje lokalnih prebivalcev in obiskovalcev obmo\u010dja o pomembnosti naravnih in kulturnih virov z na\u010dini ohranitve. Najpomembnej\u0161i \u010dezmejni u\u010dinek projekta je bila ohranitev enot naravne in kulturne dedi\u0161\u010dine na kra\u0161kem projektnem obmo\u010dju. Skozi sodelovanje med partnerji so \u010dezmejni u\u010dinki projekta skupna strategija upravljanja s kra\u0161kimi obmo\u010dji. Obnovljena dedi\u0161\u010dina in uspe\u0161na promocija projekta in osve\u0161\u010danje v javnosti so prispevale k ohranjanju naravnih in kulturnih virov na celotnem obmo\u010dju krasa. Sredstva EU so koristila predvsem pri skupnem na\u010drtovanju in povezovalnem efektu med partnerji, ki morajo med seboj sodelovati, da dose\u017eejo zastavljene cilje. Med dr\u017eavama namre\u010d ni drugih ustreznih sredstev za spodbujanje tovrstnega sodelovanja in upravljanja, poleg tega je dodana vrednost sofinanciranja IPA za hrva\u0161ka partnerja tudi pridobitev pomembne izku\u0161nje na podro\u010dju izvajanja projektov sofinanciranih iz EU. <\/span><\/p>\n<\/div><\/section><\/p><\/div>\n<style type=\"text\/css\" data-created_by=\"avia_inline_auto\" id=\"style-css-av-av_one_half-2a64de42b738552fe666ca889af77e28\">\n.flex_column.av-av_one_half-2a64de42b738552fe666ca889af77e28{\nborder-radius:0px 0px 0px 0px;\n-webkit-border-radius:0px 0px 0px 0px;\n-moz-border-radius:0px 0px 0px 0px;\n}\n<\/style>\n<div class='flex_column av-av_one_half-2a64de42b738552fe666ca889af77e28 av_one_half  avia-builder-el-6  el_after_av_one_half  el_before_av_one_full  flex_column_div av-zero-column-padding column-top-margin'   ><section  class='av_textblock_section av-av_textblock-0366cc7376be6c9e82a3e9cc8987b64f'  itemscope=\"itemscope\" itemtype=\"https:\/\/schema.org\/CreativeWork\" ><div class='avia_textblock'  itemprop=\"text\" ><table border=\"1\" width=\"636\" cellspacing=\"0\" cellpadding=\"7\">\n<colgroup>\n<col width=\"200\" \/>\n<col width=\"406\" \/> <\/colgroup>\n<tbody>\n<tr>\n<td bgcolor=\"#f2f2f2\" width=\"200\" height=\"3\"><span lang=\"sl-SI\"><b>Naslov projekta<\/b><\/span><\/td>\n<td bgcolor=\"#ffffff\" width=\"406\">\n<p align=\"JUSTIFY\"><span lang=\"sl-SI\">Ohranjanje raznolikosti kra\u0161kih obmo\u010dij s pomo\u010djo revitalizacije kulturne in renaturacije naravne dedi\u0161\u010dine<\/span><\/p>\n<\/td>\n<\/tr>\n<tr>\n<td bgcolor=\"#f2f2f2\" width=\"200\" height=\"9\"><span lang=\"sl-SI\"><b>ESRR sredstva<\/b><\/span><\/td>\n<td bgcolor=\"#ffffff\" width=\"406\"><span lang=\"sl-SI\">270.935,99 EUR<\/span><\/td>\n<\/tr>\n<tr>\n<td bgcolor=\"#f2f2f2\" width=\"200\" height=\"9\"><span lang=\"sl-SI\"><b>Trajanje projekta <\/b><\/span><\/p>\n<p><span lang=\"sl-SI\"><b>(mesec\/leto \u2013 mesec\/leto)<\/b><\/span><\/td>\n<td bgcolor=\"#ffffff\" width=\"406\"><span lang=\"sl-SI\">1.1.2014 &#8211; 17.6.2015 <\/span><\/td>\n<\/tr>\n<tr>\n<td bgcolor=\"#f2f2f2\" width=\"200\" height=\"9\"><span lang=\"sl-SI\"><b>Vodilni partner<\/b><\/span><\/td>\n<td bgcolor=\"#ffffff\" width=\"406\"><span lang=\"sl-SI\">Javni zavod kobilarna Lipica <\/span><\/td>\n<\/tr>\n<tr>\n<td bgcolor=\"#f2f2f2\" width=\"200\" height=\"9\"><span lang=\"sl-SI\"><b>Partnerji<\/b><\/span><\/td>\n<td bgcolor=\"#ffffff\" width=\"406\"><span style=\"color: #000000;\"><span lang=\"sl-SI\">Op\u0107ina Vrbnik <\/span><\/span><\/p>\n<p><span style=\"color: #000000;\"><span lang=\"sl-SI\">Op\u0107ina Punat <\/span><\/span><\/td>\n<\/tr>\n<tr>\n<td bgcolor=\"#f2f2f2\" width=\"200\" height=\"16\"><span lang=\"sl-SI\"><b>Vklju\u010dene regije<\/b><\/span><\/td>\n<td bgcolor=\"#ffffff\" width=\"406\"><span lang=\"sl-SI\">SI: Obalno-kra\u0161ka regija<\/span><\/p>\n<p><span lang=\"sl-SI\">HR: Primorsko-goranska \u017eupanija<\/span><\/td>\n<\/tr>\n<tr>\n<td bgcolor=\"#f2f2f2\" width=\"200\" height=\"21\"><span lang=\"sl-SI\"><b>Spletna stran projekta<\/b><\/span><\/td>\n<td valign=\"BOTTOM\" bgcolor=\"#ffffff\" width=\"406\"><span lang=\"sl-SI\">SL: <a href=\"http:\/\/www.ozivljenkras.com\/%23kras\">http:\/\/www.ozivljenkras.com\/#kras<\/a><\/span><\/p>\n<p><span lang=\"sl-SI\">HR: <a href=\"http:\/\/www.ozivljenkras.com\/%23kras\">http:\/\/www.ozivljenkras.com\/#kras<\/a><\/span><\/p>\n<p><span lang=\"sl-SI\">EN:<\/span> <a href=\"http:\/\/www.ozivljenkras.com\/english\/%23what-is-karst\"><span lang=\"sl-SI\">http:\/\/www.ozivljenkras.com\/english\/#what-is-karst<\/span><\/a><\/td>\n<\/tr>\n<\/tbody>\n<\/table>\n<\/div><\/section><br \/>\n<section  class='av_textblock_section av-av_textblock-0366cc7376be6c9e82a3e9cc8987b64f'  itemscope=\"itemscope\" itemtype=\"https:\/\/schema.org\/CreativeWork\" ><div class='avia_textblock'  itemprop=\"text\" ><p align=\"JUSTIFY\"><span lang=\"sl-SI\"><i><b>Klju\u010dni dose\u017eeni rezultati in izvedene aktivnosti <\/b><\/i><\/span><span lang=\"sl-SI\"><i>(kvantitanivni podatki; max. 3 &#8211; 5)<\/i><\/span><\/p>\n<p align=\"JUSTIFY\"><span lang=\"sl-SI\">1 sanacija tradicionalnega pa\u0161nika;<\/span><\/p>\n<p align=\"JUSTIFY\"><span lang=\"sl-SI\">2 urejeni tradicionalni zgodovinski poti;<\/span><\/p>\n<p align=\"JUSTIFY\"><span lang=\"sl-SI\">1 skupna dvojezi\u010dna strategija.<\/span><\/p>\n<\/div><\/section><\/p><\/div>\n<style type=\"text\/css\" data-created_by=\"avia_inline_auto\" id=\"style-css-av-av_one_full-352b07ef7d3bc99b2e9f92e7a9e06bdb\">\n.flex_column.av-av_one_full-352b07ef7d3bc99b2e9f92e7a9e06bdb{\nborder-radius:0px 0px 0px 0px;\n-webkit-border-radius:0px 0px 0px 0px;\n-moz-border-radius:0px 0px 0px 0px;\n}\n<\/style>\n<div class='flex_column av-av_one_full-352b07ef7d3bc99b2e9f92e7a9e06bdb av_one_full  avia-builder-el-9  el_after_av_one_half  avia-builder-el-last  first flex_column_div av-zero-column-padding column-top-margin'   ><style type=\"text\/css\" data-created_by=\"avia_inline_auto\" id=\"style-css-av-av_image-07c75ed4fab3cd4d1e39734eaf68337d\">\n.avia-image-container.av-av_image-07c75ed4fab3cd4d1e39734eaf68337d .av-image-caption-overlay-center{\ncolor:#ffffff;\n}\n<\/style>\n<div  class='avia-image-container av-av_image-07c75ed4fab3cd4d1e39734eaf68337d av-styling- avia-align-center  avia-builder-el-10  avia-builder-el-no-sibling '  itemprop=\"image\" itemscope=\"itemscope\" itemtype=\"https:\/\/schema.org\/ImageObject\" ><div class=\"avia-image-container-inner\"><div class=\"avia-image-overlay-wrap\"><img decoding=\"async\" class='wp-image-1626 avia-img-lazy-loading-not-1626 avia_image' src=\"http:\/\/www.si-hr.eu\/si2\/wp-content\/uploads\/sites\/14\/2016\/11\/OzIVLJEN-KRAS-logo.png\" alt='' title='OzIVLJEN KRAS logo'  height=\"132\" width=\"360\"  itemprop=\"thumbnailUrl\" srcset=\"http:\/\/www.si-hr.eu\/si2\/wp-content\/uploads\/sites\/14\/2016\/11\/OzIVLJEN-KRAS-logo.png 360w, http:\/\/www.si-hr.eu\/si2\/wp-content\/uploads\/sites\/14\/2016\/11\/OzIVLJEN-KRAS-logo-300x110.png 300w\" sizes=\"(max-width: 360px) 100vw, 360px\" \/><\/div><\/div><\/div><\/div><\/p>\n","protected":false},"excerpt":{"rendered":"","protected":false},"author":3,"featured_media":0,"parent":1483,"menu_order":0,"comment_status":"closed","ping_status":"closed","template":"","meta":{"ngg_post_thumbnail":0},"acf":[],"_links":{"self":[{"href":"http:\/\/www.si-hr.eu\/si2\/wp-json\/wp\/v2\/pages\/1624"}],"collection":[{"href":"http:\/\/www.si-hr.eu\/si2\/wp-json\/wp\/v2\/pages"}],"about":[{"href":"http:\/\/www.si-hr.eu\/si2\/wp-json\/wp\/v2\/types\/page"}],"author":[{"embeddable":true,"href":"http:\/\/www.si-hr.eu\/si2\/wp-json\/wp\/v2\/users\/3"}],"replies":[{"embeddable":true,"href":"http:\/\/www.si-hr.eu\/si2\/wp-json\/wp\/v2\/comments?post=1624"}],"version-history":[{"count":3,"href":"http:\/\/www.si-hr.eu\/si2\/wp-json\/wp\/v2\/pages\/1624\/revisions"}],"predecessor-version":[{"id":1629,"href":"http:\/\/www.si-hr.eu\/si2\/wp-json\/wp\/v2\/pages\/1624\/revisions\/1629"}],"up":[{"embeddable":true,"href":"http:\/\/www.si-hr.eu\/si2\/wp-json\/wp\/v2\/pages\/1483"}],"wp:attachment":[{"href":"http:\/\/www.si-hr.eu\/si2\/wp-json\/wp\/v2\/media?parent=1624"}],"curies":[{"name":"wp","href":"https:\/\/api.w.org\/{rel}","templated":true}]}}