{"id":1772,"date":"2016-11-17T13:54:18","date_gmt":"2016-11-17T12:54:18","guid":{"rendered":"http:\/\/www.si-hr.eu\/si2\/?page_id=1772"},"modified":"2016-11-17T13:57:10","modified_gmt":"2016-11-17T12:57:10","slug":"dobra-voda-za-vse","status":"publish","type":"page","link":"http:\/\/www.si-hr.eu\/si2\/map-2\/dobra-voda-za-vse\/","title":{"rendered":"DOBRA VODA ZA VSE"},"content":{"rendered":"\n<style type=\"text\/css\" data-created_by=\"avia_inline_auto\" id=\"style-css-av-av_one_full-352b07ef7d3bc99b2e9f92e7a9e06bdb\">\n.flex_column.av-av_one_full-352b07ef7d3bc99b2e9f92e7a9e06bdb{\nborder-radius:0px 0px 0px 0px;\n-webkit-border-radius:0px 0px 0px 0px;\n-moz-border-radius:0px 0px 0px 0px;\n}\n<\/style>\n<div class='flex_column av-av_one_full-352b07ef7d3bc99b2e9f92e7a9e06bdb av_one_full  avia-builder-el-0  el_before_av_one_half  avia-builder-el-first  first flex_column_div av-zero-column-padding '   ><style type=\"text\/css\" data-created_by=\"avia_inline_auto\" id=\"style-css-av-av_heading-50170861d68542331cebf662a0431892\">\n#top .av-special-heading.av-av_heading-50170861d68542331cebf662a0431892{\npadding-bottom:10px;\n}\nbody .av-special-heading.av-av_heading-50170861d68542331cebf662a0431892 .av-special-heading-tag .heading-char{\nfont-size:25px;\n}\n.av-special-heading.av-av_heading-50170861d68542331cebf662a0431892 .av-subheading{\nfont-size:15px;\n}\n<\/style>\n<div  class='av-special-heading av-av_heading-50170861d68542331cebf662a0431892 av-special-heading-h3 blockquote modern-quote modern-centered  avia-builder-el-1  avia-builder-el-no-sibling '><h3 class='av-special-heading-tag'  itemprop=\"headline\"  >TRAJNOSTNO UPRAVLJANJE Z NARAVNIMI VIRI<br \/>\nZA\u0160\u010cITA OKOLJA<\/h3><div class=\"special-heading-border\"><div class=\"special-heading-inner-border\"><\/div><\/div><\/div><\/div>\n\n<style type=\"text\/css\" data-created_by=\"avia_inline_auto\" id=\"style-css-av-av_one_half-352b07ef7d3bc99b2e9f92e7a9e06bdb\">\n.flex_column.av-av_one_half-352b07ef7d3bc99b2e9f92e7a9e06bdb{\nborder-radius:0px 0px 0px 0px;\n-webkit-border-radius:0px 0px 0px 0px;\n-moz-border-radius:0px 0px 0px 0px;\n}\n<\/style>\n<div class='flex_column av-av_one_half-352b07ef7d3bc99b2e9f92e7a9e06bdb av_one_half  avia-builder-el-2  el_after_av_one_full  el_before_av_one_half  first flex_column_div av-zero-column-padding column-top-margin'   ><p>\n<style type=\"text\/css\" data-created_by=\"avia_inline_auto\" id=\"style-css-av-av_image-4c6042ff3f0531e319d92ac1d99def81\">\n.avia-image-container.av-av_image-4c6042ff3f0531e319d92ac1d99def81 .av-image-caption-overlay-center{\ncolor:#ffffff;\n}\n<\/style>\n<div  class='avia-image-container av-av_image-4c6042ff3f0531e319d92ac1d99def81 av-styling- avia-align-center  avia-builder-el-3  el_before_av_textblock  avia-builder-el-first '  itemprop=\"image\" itemscope=\"itemscope\" itemtype=\"https:\/\/schema.org\/ImageObject\" ><div class=\"avia-image-container-inner\"><div class=\"avia-image-overlay-wrap\"><img decoding=\"async\" class='wp-image-1775 avia-img-lazy-loading-not-1775 avia_image' src=\"http:\/\/www.si-hr.eu\/si2\/wp-content\/uploads\/sites\/14\/2016\/11\/DOBRA-VODA-ZA-VSE-1030x773.jpg\" alt='' title='DOBRA VODA ZA VSE'  height=\"773\" width=\"1030\"  itemprop=\"thumbnailUrl\" srcset=\"http:\/\/www.si-hr.eu\/si2\/wp-content\/uploads\/sites\/14\/2016\/11\/DOBRA-VODA-ZA-VSE-1030x773.jpg 1030w, http:\/\/www.si-hr.eu\/si2\/wp-content\/uploads\/sites\/14\/2016\/11\/DOBRA-VODA-ZA-VSE-300x225.jpg 300w, http:\/\/www.si-hr.eu\/si2\/wp-content\/uploads\/sites\/14\/2016\/11\/DOBRA-VODA-ZA-VSE-600x450.jpg 600w, http:\/\/www.si-hr.eu\/si2\/wp-content\/uploads\/sites\/14\/2016\/11\/DOBRA-VODA-ZA-VSE-705x529.jpg 705w, http:\/\/www.si-hr.eu\/si2\/wp-content\/uploads\/sites\/14\/2016\/11\/DOBRA-VODA-ZA-VSE-450x338.jpg 450w, http:\/\/www.si-hr.eu\/si2\/wp-content\/uploads\/sites\/14\/2016\/11\/DOBRA-VODA-ZA-VSE.jpg 1386w\" sizes=\"(max-width: 1030px) 100vw, 1030px\" \/><\/div><\/div><\/div><br \/>\n<section  class='av_textblock_section av-av_textblock-0366cc7376be6c9e82a3e9cc8987b64f'  itemscope=\"itemscope\" itemtype=\"https:\/\/schema.org\/CreativeWork\" ><div class='avia_textblock'  itemprop=\"text\" ><p lang=\"sl-SI\" align=\"CENTER\"><b>DOBRA VODA ZA VSE<\/b><\/p>\n<\/div><\/section><br \/>\n<section  class='av_textblock_section av-av_textblock-0366cc7376be6c9e82a3e9cc8987b64f'  itemscope=\"itemscope\" itemtype=\"https:\/\/schema.org\/CreativeWork\" ><div class='avia_textblock'  itemprop=\"text\" ><p lang=\"sl-SI\" align=\"JUSTIFY\"><i><b>Opis vsebine projekta<\/b><\/i><\/p>\n<p align=\"JUSTIFY\"><span lang=\"sl-SI\">Specifi\u010dni \u010dezmejni cilji projekta so bili: izbolj\u0161anje okoljske ozave\u0161\u010denosti na \u010dezmejnem obmo\u010dju in Ubla\u017eitev okoljskega tveganja in zmanj\u0161evanje okoljskega onesna\u017eevanja s skupnim na\u010drtovanjem in spremljanjem naravnega vira &#8211; vode na \u010dezmejnem obmo\u010dju. Dodana vrednost projekta se odra\u017ea v izbolj\u0161anju kakovosti \u017eivljenjskih pogojev za prebivalce, izbolj\u0161anju naravnega in \u017eivljenjskega okolja, ohranjanju biotske raznovrstnosti, gospodarskem razvoju in razvoju turizma, ekonomski in socialni koheziji ter trajnostnega razvoja. U\u010dinki projekta so bili: strategije za\u0161\u010dite vodnih resursov na \u010dezmejnem obmo\u010dju; projektna dokumentacija in spremni projekti in elaborati za izbolj\u0161anje sistema odvodnje; \u010dezmejna mre\u017ea informacijskih centrov; \u00bbmonitoring\u00ab vod; nakup \u010dolna; promocijski materiali; obiski primerom dobre prakse; objava znanstvenih \u010dlankov; delavnice; tiskovne in strokovne konference.<\/span><\/p>\n<\/div><\/section><br \/>\n<section  class='av_textblock_section av-av_textblock-0366cc7376be6c9e82a3e9cc8987b64f'  itemscope=\"itemscope\" itemtype=\"https:\/\/schema.org\/CreativeWork\" ><div class='avia_textblock'  itemprop=\"text\" ><p align=\"JUSTIFY\"><span lang=\"sl-SI\"><i><b>Klju\u010dni dose\u017eeni rezultati in izvedene aktivnosti <\/b><\/i><\/span><span lang=\"sl-SI\"><i>(kvantitanivni podatki; max. 3 &#8211; 5)<\/i><\/span><\/p>\n<p lang=\"sl-SI\" align=\"JUSTIFY\">1 skupna strategija za razpr\u0161ena naselja obre\u017enega dela;<\/p>\n<p lang=\"sl-SI\" align=\"JUSTIFY\">1 skupni operativni program za razpr\u0161ena naselja obre\u017enega dela;<\/p>\n<p lang=\"sl-SI\" align=\"JUSTIFY\">Izdelana projektna tehni\u010dna dokumentacija za 11 naselij za konvencionalni sistem odvzema;<\/p>\n<p lang=\"sl-SI\" align=\"JUSTIFY\">20 izobra\u017eevalnih delavnic.<\/p>\n<\/div><\/section><\/p><\/div>\n<style type=\"text\/css\" data-created_by=\"avia_inline_auto\" id=\"style-css-av-av_one_half-2a64de42b738552fe666ca889af77e28\">\n.flex_column.av-av_one_half-2a64de42b738552fe666ca889af77e28{\nborder-radius:0px 0px 0px 0px;\n-webkit-border-radius:0px 0px 0px 0px;\n-moz-border-radius:0px 0px 0px 0px;\n}\n<\/style>\n<div class='flex_column av-av_one_half-2a64de42b738552fe666ca889af77e28 av_one_half  avia-builder-el-7  el_after_av_one_half  el_before_av_image  flex_column_div av-zero-column-padding column-top-margin'   ><section  class='av_textblock_section av-av_textblock-0366cc7376be6c9e82a3e9cc8987b64f'  itemscope=\"itemscope\" itemtype=\"https:\/\/schema.org\/CreativeWork\" ><div class='avia_textblock'  itemprop=\"text\" ><table border=\"1\" width=\"637\" cellspacing=\"0\" cellpadding=\"7\">\n<colgroup>\n<col width=\"200\" \/>\n<col width=\"407\" \/> <\/colgroup>\n<tbody>\n<tr>\n<td bgcolor=\"#f2f2f2\" width=\"200\" height=\"8\">\n<p lang=\"sl-SI\"><b>Naslov projekta<\/b><\/p>\n<\/td>\n<td width=\"407\"><span lang=\"sl-SI\">Trajnostno upravljanje z vodami med Muro in Dravo <\/span><\/td>\n<\/tr>\n<tr>\n<td bgcolor=\"#f2f2f2\" width=\"200\" height=\"9\">\n<p lang=\"sl-SI\"><b>ESRR sredstva<\/b><\/p>\n<\/td>\n<td width=\"407\">704.320,65 EUR<\/td>\n<\/tr>\n<tr>\n<td bgcolor=\"#f2f2f2\" width=\"200\" height=\"9\">\n<p lang=\"sl-SI\"><b>Trajanje projekta <\/b><\/p>\n<p lang=\"sl-SI\"><b>(mesec\/leto \u2013 mesec\/leto)<\/b><\/p>\n<\/td>\n<td width=\"407\">01.01.2014 \u2013 17.06.2015<\/td>\n<\/tr>\n<tr>\n<td bgcolor=\"#f2f2f2\" width=\"200\" height=\"9\"><span lang=\"sl-SI\"><b>Vodilni partner<\/b><\/span><\/td>\n<td width=\"407\">Me\u0111imurske vode d.o.o.<\/td>\n<\/tr>\n<tr>\n<td bgcolor=\"#f2f2f2\" width=\"200\" height=\"9\">\n<p lang=\"sl-SI\"><b>Partnerji<\/b><\/p>\n<\/td>\n<td width=\"407\">Hrvatske vode &#8211; VGO Vara\u017edin<\/p>\n<p>Me\u0111imurska priroda<\/p>\n<p>Univerza v Mariboru &#8211; ERM centar<\/p>\n<p>Ekoremediacijski tehnolo\u0161ki center &#8211; ERTC<\/p>\n<p>Center za zdravje in razvoj Murska Sobota<\/p>\n<p>Ob\u010dina Kri\u017eevci<\/p>\n<p>Ob\u010dina Ljutomer<\/p>\n<p>Ob\u010dina Razkri\u017eje<\/p>\n<p>Ob\u010dina Sredi\u0161\u010de ob Dravi<\/td>\n<\/tr>\n<tr>\n<td bgcolor=\"#f2f2f2\" width=\"200\" height=\"9\">\n<p lang=\"sl-SI\"><b>Vklju\u010dene regije<\/b><\/p>\n<\/td>\n<td width=\"407\">SI: Pomurska regija, Podravska regija<\/p>\n<p>HR: Me\u0111imurska \u017eupanija<\/td>\n<\/tr>\n<tr>\n<td bgcolor=\"#f2f2f2\" width=\"200\" height=\"21\">\n<p lang=\"sl-SI\"><b>Spletna stran projekta<\/b><\/p>\n<\/td>\n<td valign=\"BOTTOM\" width=\"407\">SI: <span style=\"color: #0000ff;\"><u><a href=\"http:\/\/www.dobravodazavse.com\/slo\">http:\/\/www.dobravodazavse.com\/slo<\/a><\/u><\/span><\/p>\n<p>HR: <span style=\"color: #0000ff;\"><u><a href=\"http:\/\/www.dobravodazavse.com\/hr\">http:\/\/www.dobravodazavse.com\/hr<\/a><\/u><\/span><\/td>\n<\/tr>\n<\/tbody>\n<\/table>\n<\/div><\/section><\/div>\n<style type=\"text\/css\" data-created_by=\"avia_inline_auto\" id=\"style-css-av-av_image-eebc1a6f0b3f4e10e12658261d3eb23e\">\n.avia-image-container.av-av_image-eebc1a6f0b3f4e10e12658261d3eb23e .av-image-caption-overlay-center{\ncolor:#ffffff;\n}\n<\/style>\n<div  class='avia-image-container av-av_image-eebc1a6f0b3f4e10e12658261d3eb23e av-styling- avia-align-center  avia-builder-el-9  el_after_av_one_half  avia-builder-el-last '  itemprop=\"image\" itemscope=\"itemscope\" itemtype=\"https:\/\/schema.org\/ImageObject\" ><div class=\"avia-image-container-inner\"><div class=\"avia-image-overlay-wrap\"><img decoding=\"async\" class='wp-image-1774 avia-img-lazy-loading-not-1774 avia_image' src=\"http:\/\/www.si-hr.eu\/si2\/wp-content\/uploads\/sites\/14\/2016\/11\/DOBRA-VODA-ZA-VSE-logo-300x139.jpg\" alt='' title='DOBRA VODA ZA VSE logo'  height=\"139\" width=\"300\"  itemprop=\"thumbnailUrl\" srcset=\"http:\/\/www.si-hr.eu\/si2\/wp-content\/uploads\/sites\/14\/2016\/11\/DOBRA-VODA-ZA-VSE-logo-300x139.jpg 300w, http:\/\/www.si-hr.eu\/si2\/wp-content\/uploads\/sites\/14\/2016\/11\/DOBRA-VODA-ZA-VSE-logo-1030x477.jpg 1030w, http:\/\/www.si-hr.eu\/si2\/wp-content\/uploads\/sites\/14\/2016\/11\/DOBRA-VODA-ZA-VSE-logo-600x278.jpg 600w, http:\/\/www.si-hr.eu\/si2\/wp-content\/uploads\/sites\/14\/2016\/11\/DOBRA-VODA-ZA-VSE-logo-705x326.jpg 705w, http:\/\/www.si-hr.eu\/si2\/wp-content\/uploads\/sites\/14\/2016\/11\/DOBRA-VODA-ZA-VSE-logo-450x208.jpg 450w, http:\/\/www.si-hr.eu\/si2\/wp-content\/uploads\/sites\/14\/2016\/11\/DOBRA-VODA-ZA-VSE-logo.jpg 1387w\" sizes=\"(max-width: 300px) 100vw, 300px\" \/><\/div><\/div><\/div><\/p>\n","protected":false},"excerpt":{"rendered":"","protected":false},"author":3,"featured_media":0,"parent":1483,"menu_order":0,"comment_status":"closed","ping_status":"closed","template":"","meta":{"ngg_post_thumbnail":0},"acf":[],"_links":{"self":[{"href":"http:\/\/www.si-hr.eu\/si2\/wp-json\/wp\/v2\/pages\/1772"}],"collection":[{"href":"http:\/\/www.si-hr.eu\/si2\/wp-json\/wp\/v2\/pages"}],"about":[{"href":"http:\/\/www.si-hr.eu\/si2\/wp-json\/wp\/v2\/types\/page"}],"author":[{"embeddable":true,"href":"http:\/\/www.si-hr.eu\/si2\/wp-json\/wp\/v2\/users\/3"}],"replies":[{"embeddable":true,"href":"http:\/\/www.si-hr.eu\/si2\/wp-json\/wp\/v2\/comments?post=1772"}],"version-history":[{"count":3,"href":"http:\/\/www.si-hr.eu\/si2\/wp-json\/wp\/v2\/pages\/1772\/revisions"}],"predecessor-version":[{"id":1777,"href":"http:\/\/www.si-hr.eu\/si2\/wp-json\/wp\/v2\/pages\/1772\/revisions\/1777"}],"up":[{"embeddable":true,"href":"http:\/\/www.si-hr.eu\/si2\/wp-json\/wp\/v2\/pages\/1483"}],"wp:attachment":[{"href":"http:\/\/www.si-hr.eu\/si2\/wp-json\/wp\/v2\/media?parent=1772"}],"curies":[{"name":"wp","href":"https:\/\/api.w.org\/{rel}","templated":true}]}}