{"id":188,"date":"2015-10-02T21:16:43","date_gmt":"2015-10-02T20:16:43","guid":{"rendered":"http:\/\/84.39.218.252\/si2\/?page_id=24"},"modified":"2018-11-07T09:54:21","modified_gmt":"2018-11-07T08:54:21","slug":"o-programu","status":"publish","type":"page","link":"http:\/\/www.si-hr.eu\/si2\/program\/o-programu\/","title":{"rendered":"O programu"},"content":{"rendered":"<div id='layer_slider_1'  class='avia-layerslider main_color avia-shadow  avia-builder-el-0  el_before_av_three_fourth  avia-builder-el-first  container_wrap sidebar_right'  style='height: 251px;'  ><\/div><div id='after_layer_slider_1'  class='main_color av_default_container_wrap container_wrap sidebar_right'  ><div class='container av-section-cont-open' ><div class='template-page content  av-content-small alpha units'><div class='post-entry post-entry-type-page post-entry-188'><div class='entry-content-wrapper clearfix'>\n\n<style type=\"text\/css\" data-created_by=\"avia_inline_auto\" id=\"style-css-av-av_three_fourth-352b07ef7d3bc99b2e9f92e7a9e06bdb\">\n.flex_column.av-av_three_fourth-352b07ef7d3bc99b2e9f92e7a9e06bdb{\nborder-radius:0px 0px 0px 0px;\n-webkit-border-radius:0px 0px 0px 0px;\n-moz-border-radius:0px 0px 0px 0px;\n}\n<\/style>\n<div class='flex_column av-av_three_fourth-352b07ef7d3bc99b2e9f92e7a9e06bdb av_three_fourth  avia-builder-el-1  el_after_av_layerslider  el_before_av_one_fourth  avia-builder-el-first  first flex_column_div av-zero-column-padding '   ><section  class='av_textblock_section av-av_textblock-0366cc7376be6c9e82a3e9cc8987b64f'  itemscope=\"itemscope\" itemtype=\"https:\/\/schema.org\/CreativeWork\" ><div class='avia_textblock'  itemprop=\"text\" ><p style=\"text-align: justify;\">\u010cezmejno sodelovanje med Slovenijo in Hrva\u0161ko je podprto \u017ee od leta 2003 iz ve\u010d instrumentov EU, za\u010den\u0161i s PHARE\/ CARDS (2003), s trilateralnim sosedskim programom Slovenija \u2013 Mad\u017earska &#8211; Hrva\u0161ka (2004-2006), in Instrumentom za predpristopno pomo\u010d (IPA) \u010dezmejnim programom (2007-2013). Upravne in izvedbene ureditve, uvedene v posameznem programskem obdobju, kot so skupni razpisi za zbiranje predlogov, skupni projekti in na\u010delo vodilnega partnerja, so postopoma izbolj\u0161ale pogoje sodelovanja, prispevale pa so tudi k odpravi nekaterih pomembnih ovir. Z vstopom Hrva\u0161ke v EU 1. julija 2013 novo obdobje sodelovanja 2014-2020 odpira nove prilo\u017enosti in izzive.<\/p>\n<p style=\"text-align: justify;\"><strong><span style=\"color: #000080;\">Namen \u010dezmejnega sodelovanja je re\u0161evanje skupnih izzivov, ki smo jih skupaj prepoznali v obmejnem obmo\u010dju, obenem pa izkoristiti neizkori\u0161\u010dene potenciale rasti in krepiti proces sodelovanja za splo\u0161ni skladni razvoj Unije.<\/span><\/strong><\/p>\n<\/div><\/section><\/div>\n\n<style type=\"text\/css\" data-created_by=\"avia_inline_auto\" id=\"style-css-av-av_one_fourth-2a64de42b738552fe666ca889af77e28\">\n.flex_column.av-av_one_fourth-2a64de42b738552fe666ca889af77e28{\nborder-radius:0px 0px 0px 0px;\n-webkit-border-radius:0px 0px 0px 0px;\n-moz-border-radius:0px 0px 0px 0px;\n}\n<\/style>\n<div class='flex_column av-av_one_fourth-2a64de42b738552fe666ca889af77e28 av_one_fourth  avia-builder-el-3  el_after_av_three_fourth  el_before_av_one_full  flex_column_div av-zero-column-padding '   ><p>\n<style type=\"text\/css\" data-created_by=\"avia_inline_auto\" id=\"style-css-av-av_font_icon-8a3d9311227a05d94cb2fbcd7515885c\">\n.av_font_icon.av-av_font_icon-8a3d9311227a05d94cb2fbcd7515885c{\ncolor:#000080;\nborder-color:#000080;\n}\n.av_font_icon.av-av_font_icon-8a3d9311227a05d94cb2fbcd7515885c .av-icon-char{\nfont-size:40px;\nline-height:40px;\n}\n<\/style>\n<span  class='av_font_icon av-av_font_icon-8a3d9311227a05d94cb2fbcd7515885c avia_animate_when_visible av-icon-style- avia-icon-pos-center avia-icon-animate'><span class='av-icon-char' aria-hidden='true' data-av_icon='\ue81e' data-av_iconfont='entypo-fontello' ><\/span><\/span><br \/>\n<section  class='av_textblock_section av-av_textblock-2de302bf1aa3cf4c9157dbe6f50ac7eb'  itemscope=\"itemscope\" itemtype=\"https:\/\/schema.org\/CreativeWork\" ><div class='avia_textblock'  itemprop=\"text\" ><p style=\"text-align: center;\"><span style=\"color: #000080;\"><strong>Za ve\u010d informacij si preberite:<\/strong><\/span><\/p>\n<p style=\"text-align: center;\"><a href=\"http:\/\/www.si-hr.eu\/si2\/wp-content\/uploads\/sites\/14\/2015\/10\/Program-sodelovanja-INTERREG-V-A-SI-HR.pdf\">Program sodelovanja INTERREG V-A SI-HR<\/a><\/p>\n<\/div><\/section><\/p><\/div>\n<style type=\"text\/css\" data-created_by=\"avia_inline_auto\" id=\"style-css-av-av_one_full-352b07ef7d3bc99b2e9f92e7a9e06bdb\">\n.flex_column.av-av_one_full-352b07ef7d3bc99b2e9f92e7a9e06bdb{\nborder-radius:0px 0px 0px 0px;\n-webkit-border-radius:0px 0px 0px 0px;\n-moz-border-radius:0px 0px 0px 0px;\n}\n<\/style>\n<div class='flex_column av-av_one_full-352b07ef7d3bc99b2e9f92e7a9e06bdb av_one_full  avia-builder-el-6  el_after_av_one_fourth  el_before_av_one_third  first flex_column_div av-zero-column-padding column-top-margin'   ><section  class='av_textblock_section av-av_textblock-0366cc7376be6c9e82a3e9cc8987b64f'  itemscope=\"itemscope\" itemtype=\"https:\/\/schema.org\/CreativeWork\" ><div class='avia_textblock'  itemprop=\"text\" ><h2><strong><span style=\"color: #000080;\">PROGRAMSKO OBMO\u010cJE<\/span><\/strong><\/h2>\n<p>Program sodelovanja Interreg V-A Slovenija-Hrva\u0161ka obsega 17 NUTS 3 regij &#8211; statisti\u010dne regije v Sloveniji in \u017eupanije na Hrva\u0161kem:<\/p>\n<\/div><\/section><\/div><\/p>\n\n<style type=\"text\/css\" data-created_by=\"avia_inline_auto\" id=\"style-css-av-av_one_third-0b3d022d448fac6ff7b57de2817fe205\">\n.flex_column.av-av_one_third-0b3d022d448fac6ff7b57de2817fe205{\nborder-radius:0px 0px 0px 0px;\n-webkit-border-radius:0px 0px 0px 0px;\n-moz-border-radius:0px 0px 0px 0px;\n}\n<\/style>\n<div class='flex_column av-av_one_third-0b3d022d448fac6ff7b57de2817fe205 av_one_third  avia-builder-el-8  el_after_av_one_full  el_before_av_two_third  first no_margin flex_column_div av-zero-column-padding column-top-margin'   ><section  class='av_textblock_section av-av_textblock-0366cc7376be6c9e82a3e9cc8987b64f'  itemscope=\"itemscope\" itemtype=\"https:\/\/schema.org\/CreativeWork\" ><div class='avia_textblock'  itemprop=\"text\" ><p><span style=\"color: #000080;\"><strong>Slovenija:<\/strong><\/span><\/p>\n<ul>\n<li>Pomurska regija,<\/li>\n<li>Podravska regija,<\/li>\n<li>Savinjska regija,<\/li>\n<li>Zasavska regija,<\/li>\n<li>Posavska regija,<\/li>\n<li>regija Jugovzhodna Slovenija,<\/li>\n<li>Osrednjeslovenska regija,<\/li>\n<li>Primorsko-notranjska regija,<\/li>\n<li>Obalno-kra\u0161ka regija;<\/li>\n<\/ul>\n<p style=\"text-align: justify;\"><span style=\"color: #808080;\"><span style=\"color: #000080;\"><strong>Hrva\u0161ka:<\/strong><\/span> <\/span><\/p>\n<ul>\n<li style=\"text-align: justify;\">Primorsko-goranska \u017eupanija,<\/li>\n<li style=\"text-align: justify;\">Istarska \u017eupanija,<\/li>\n<li style=\"text-align: justify;\">Mesto Zagreb,<\/li>\n<li style=\"text-align: justify;\">Zagreba\u010dka \u017eupanija,<\/li>\n<li style=\"text-align: justify;\">Krapinsko-zagorska \u017eupanija,<\/li>\n<li style=\"text-align: justify;\">Vara\u017edinska \u017eupanija,<\/li>\n<li style=\"text-align: justify;\">Me\u0111imurska \u017eupanija in<\/li>\n<li style=\"text-align: justify;\">Karlova\u010dka \u017eupanija.<\/li>\n<\/ul>\n<\/div><\/section><\/div>\n\n<style type=\"text\/css\" data-created_by=\"avia_inline_auto\" id=\"style-css-av-av_two_third-60e65def2443d4fedd70f2f69834ac0f\">\n.flex_column.av-av_two_third-60e65def2443d4fedd70f2f69834ac0f{\nborder-radius:0px 0px 0px 0px;\n-webkit-border-radius:0px 0px 0px 0px;\n-moz-border-radius:0px 0px 0px 0px;\n}\n<\/style>\n<div class='flex_column av-av_two_third-60e65def2443d4fedd70f2f69834ac0f av_two_third  avia-builder-el-10  el_after_av_one_third  el_before_av_one_full  no_margin flex_column_div av-zero-column-padding column-top-margin'   ><style type=\"text\/css\" data-created_by=\"avia_inline_auto\" id=\"style-css-av-av_image-96f1c0f6f682c51aedd4a6752d6e4e09\">\n.avia-image-container.av-av_image-96f1c0f6f682c51aedd4a6752d6e4e09 .av-image-caption-overlay-center{\ncolor:#ffffff;\n}\n<\/style>\n<div  class='avia-image-container av-av_image-96f1c0f6f682c51aedd4a6752d6e4e09 av-styling- av-hover-grow avia-align-right  avia-builder-el-11  avia-builder-el-no-sibling '  itemprop=\"image\" itemscope=\"itemscope\" itemtype=\"https:\/\/schema.org\/ImageObject\" ><div class=\"avia-image-container-inner\"><div class=\"avia-image-overlay-wrap\"><img decoding=\"async\" class='wp-image-471 avia-img-lazy-loading-not-471 avia_image' src=\"http:\/\/www.si-hr.eu\/si2\/wp-content\/uploads\/sites\/14\/2015\/10\/nuts3_program_area2.jpg\" alt='' title='nuts3_program_area2'  height=\"2481\" width=\"3506\"  itemprop=\"thumbnailUrl\" srcset=\"http:\/\/www.si-hr.eu\/si2\/wp-content\/uploads\/sites\/14\/2015\/10\/nuts3_program_area2.jpg 3506w, http:\/\/www.si-hr.eu\/si2\/wp-content\/uploads\/sites\/14\/2015\/10\/nuts3_program_area2-300x212.jpg 300w, http:\/\/www.si-hr.eu\/si2\/wp-content\/uploads\/sites\/14\/2015\/10\/nuts3_program_area2-1030x729.jpg 1030w, http:\/\/www.si-hr.eu\/si2\/wp-content\/uploads\/sites\/14\/2015\/10\/nuts3_program_area2-600x425.jpg 600w, http:\/\/www.si-hr.eu\/si2\/wp-content\/uploads\/sites\/14\/2015\/10\/nuts3_program_area2-1500x1061.jpg 1500w, http:\/\/www.si-hr.eu\/si2\/wp-content\/uploads\/sites\/14\/2015\/10\/nuts3_program_area2-260x185.jpg 260w, http:\/\/www.si-hr.eu\/si2\/wp-content\/uploads\/sites\/14\/2015\/10\/nuts3_program_area2-705x499.jpg 705w, http:\/\/www.si-hr.eu\/si2\/wp-content\/uploads\/sites\/14\/2015\/10\/nuts3_program_area2-450x318.jpg 450w\" sizes=\"(max-width: 3506px) 100vw, 3506px\" \/><\/div><\/div><\/div><\/div>\n\n<style type=\"text\/css\" data-created_by=\"avia_inline_auto\" id=\"style-css-av-av_one_full-352b07ef7d3bc99b2e9f92e7a9e06bdb\">\n.flex_column.av-av_one_full-352b07ef7d3bc99b2e9f92e7a9e06bdb{\nborder-radius:0px 0px 0px 0px;\n-webkit-border-radius:0px 0px 0px 0px;\n-moz-border-radius:0px 0px 0px 0px;\n}\n<\/style>\n<div class='flex_column av-av_one_full-352b07ef7d3bc99b2e9f92e7a9e06bdb av_one_full  avia-builder-el-12  el_after_av_two_third  el_before_av_textblock  first flex_column_div av-zero-column-padding column-top-margin'   ><style type=\"text\/css\" data-created_by=\"avia_inline_auto\" id=\"style-css-av-av_textblock-92fd3e282a2312cebffab14e3f2e0557\">\n#top .av_textblock_section.av-av_textblock-92fd3e282a2312cebffab14e3f2e0557 .avia_textblock{\ncolor:#008000;\n}\n<\/style>\n<section  class='av_textblock_section av-av_textblock-92fd3e282a2312cebffab14e3f2e0557'  itemscope=\"itemscope\" itemtype=\"https:\/\/schema.org\/CreativeWork\" ><div class='avia_textblock av_inherit_color'  itemprop=\"text\" ><h2><span style=\"color: #008000;\"><strong>VIZIJA:<\/strong> Povezani v zelenem.<\/span><\/h2>\n<p style=\"text-align: justify;\"><span style=\"color: #008000;\"><strong>\u201cProgram sodelovanja Slovenija &#8211; Hrva\u0161ka je namenjen razvoju trajnostnega, varnega in \u017eivahnega obmejnega obmo\u010dja s spodbujanjem pametnih pristopov k ohranjanju, mobilizaciji in upravljanju naravnih in kulturnih vrednot v korist ljudi, ki \u017eivijo in delajo ali obiskujejo obmo\u010dje.\u201d<\/strong><\/span><\/p>\n<p style=\"text-align: justify;\"><span style=\"color: #808080;\">Vizija izpostavlja splo\u0161no usmeritev v trajnostni razvoj. Glavni poudarek bo dan izkori\u0161\u010danju naravnih in kulturnih vrednot obmo\u010dja za ustvarjanje inovativnih, pametnih in u\u010dinkovitih re\u0161itev, ki prispevajo k ohranjanju in izbolj\u0161anju kakovosti okolja in njegove raznolike identitete na eni ter aktiviranju socialno-ekonomskih potencialov na drugi strani. Zagotavljanje varnega in \u017eivahnega obmo\u010dja je bistvenega pomena za ljudi in bo vzpostavljeno s pove\u010danjem zmogljivosti za institucionalno sodelovanje na vseh ravneh.<\/span><\/p>\n<\/div><\/section><\/div>\n<section  class='av_textblock_section av-av_textblock-0366cc7376be6c9e82a3e9cc8987b64f'  itemscope=\"itemscope\" itemtype=\"https:\/\/schema.org\/CreativeWork\" ><div class='avia_textblock'  itemprop=\"text\" ><h2><strong><br \/>\n<span style=\"color: #000080;\">PREDNOSTNE OSI PROGRAMA<\/span><\/strong><\/h2>\n<p>Prou\u010devanje danih tematskih ciljev ter njihov mo\u017eni prispevek k uresni\u010devanju zgornje vizije in k re\u0161evanju obstoje\u010dih potreb in izzivov programskega obmo\u010dja je skupino vodilo k izboru naslednjih treh prioritetnih osi:<\/p>\n<h4><span style=\"color: #000080;\">Prednostna os 1: <strong>Celostno obvladovanje poplavne ogro\u017eenosti v \u010dezmejnih pore\u010djih<\/strong><\/span><\/h4>\n<ul>\n<li><span style=\"color: #000080;\"><strong><em>Specifi\u010dni cilj 1.1: Zmanj\u0161anje\u00a0 poplavne ogro\u017eenosti v \u010dezmejnih pore\u010djih Dragonje, Kolpe, Sotle, Drave, Mure in Bregane \u00a0<\/em><\/strong><\/span>(Prednostna nalo\u017eba 5b: Spodbujanje nalo\u017eb za obravnavo posebnih tveganj, zagotavljanje pripravljenosti na nesre\u010de in razvijanje sistemov obvladovanja nesre\u010d)<\/li>\n<\/ul>\n<h4><span style=\"color: #000080;\"><strong>Prednostna os 2: Ohranjanje in trajnostna raba naravnih in kulturnih virov<\/strong><\/span><\/h4>\n<ul>\n<li><span style=\"color: #000080;\"><strong><em>Specifi\u010dni cilj 2.1: Aktivno ohranjanje dedi\u0161\u010dine preko trajnostnega turizma <\/em><\/strong><\/span>(Prednostna nalo\u017eba 6c: Ohranjanje, varstvo, promocija in razvijanje naravne in kulturne dedi\u0161\u010dine)<\/li>\n<\/ul>\n<ul>\n<li><span style=\"color: #000080;\"><strong><em>Specifi\u010dni cilj 2.2: Za\u0161\u010dita in obnova biotske raznovrstnosti in spodbujanje ekosistemskih storitev <\/em><\/strong><\/span>(Prednostna nalo\u017eba 6d: Varovanje in obnavljanje biotske raznovrstnosti in tal ter spodbujanje ekosistemskih storitev, vklju\u010dno z omre\u017ejem Natura 2000 in zelenimi infrastrukturami)<\/li>\n<\/ul>\n<h4><span style=\"color: #000080;\">Prednostna os 3: <strong>Zdrava, varna in dostopna obmejna obmo\u010dja<\/strong><\/span><\/h4>\n<ul>\n<li><span style=\"color: #000080;\"><em><strong>Specifi\u010dni cilj 3.1: Krepitev partnerstev med javnimi organi in dele\u017eniki za zdrava, varna in dostopna \u010dezmejna obmo\u010dja <\/strong><\/em><\/span>(Prednostna nalo\u017eba 11: Izbolj\u0161anje institucionalne zmogljivosti javnih organov in zainteresiranih strani ter prispevanje k u\u010dinkoviti javni upravi s spodbujanjem pravnega in upravnega sodelovanja med dr\u017eavljani in institucijami)<\/li>\n<\/ul>\n<\/div><\/section>\n<section  class='av_textblock_section av-av_textblock-0366cc7376be6c9e82a3e9cc8987b64f'  itemscope=\"itemscope\" itemtype=\"https:\/\/schema.org\/CreativeWork\" ><div class='avia_textblock'  itemprop=\"text\" ><h2><strong><br \/>\n<span style=\"color: #000080;\">PRORA\u010cUN IN FINAN\u010cNI NA\u010cRT<\/span><\/strong><\/h2>\n<p>Celotni program razpolaga s <span style=\"color: #000080;\"><strong>55,7 milijonov \u20ac<\/strong> <strong>(s sofinanciranjem ESRR: 46,1 milijonov \u20ac)<\/strong><\/span>. Prednostni osi 2 in 3 bosta izvedeni preko javnega razpisa. V okviru Prednostne osi 1 bodo financirani strate\u0161ki projekti, ki jih bo neposredno odobril Odbor za spremljanje. Program lahko sofinancira do najve\u010d 85 % upravi\u010denih stro\u0161kov.<\/p>\n<p>Razdelitev sredstev po prioritetnih oseh je slede\u010da:<\/p>\n<table width=\"90%\">\n<tbody>\n<tr>\n<td width=\"17%\"><strong>Prednostna os<\/strong><\/td>\n<td width=\"19%\"><strong>Naslov<\/strong><\/td>\n<td width=\"26%\"><strong>Specifi\u010dni cilj<\/strong><\/td>\n<td width=\"15%\"><strong>Podpora Unije (ESRR)<\/strong><\/td>\n<td width=\"20%\"><strong>Dele\u017e (%) celotne podpore Unije<\/strong><\/td>\n<\/tr>\n<tr>\n<td width=\"17%\"><span style=\"color: #333333;\">Prednostna os 1<\/span><\/td>\n<td width=\"19%\"><span style=\"color: #000080;\"><strong>Celostno obvladovanje poplavne ogro\u017eenosti v \u010dezmejnih pore\u010djih<\/strong><\/span><\/td>\n<td width=\"26%\"><span style=\"color: #000080;\">1.1. Zmanj\u0161evanje poplavne ogro\u017eenosti v \u010dezmejnih pore\u010djih Dragonje, Kolpe, Sotle, Drave, Mure in Bregane<\/span><\/td>\n<td width=\"15%\"><span style=\"color: #333333;\">10.026.557<\/span><\/td>\n<td width=\"20%\"><span style=\"color: #333333;\">21,74 %<\/span><\/td>\n<\/tr>\n<tr>\n<td width=\"17%\">Prednostna os 2<\/td>\n<td width=\"19%\"><span style=\"color: #000080;\"><strong>Ohranjanje in trajnostna raba naravnih in kulturnih virov<\/strong><\/span><\/td>\n<td width=\"26%\"><span style=\"color: #000080;\">2.1. Aktivno ohranjanje dedi\u0161\u010dine preko trajnostnega turizma<\/span><\/p>\n<p><span style=\"color: #000080;\">2.2.Za\u0161\u010dita in obnova biotske raznovrstnosti in spodbujanje ekosistemskih storitev<\/span><\/td>\n<td width=\"15%\">28.074.358<\/td>\n<td width=\"20%\">60,88 %<\/td>\n<\/tr>\n<tr>\n<td width=\"17%\"><span style=\"color: #333333;\">Prednostna os 3<\/span><\/td>\n<td width=\"19%\"><span style=\"color: #000080;\"><strong>Zdrava, varna in dostopna obmejna obmo\u010dja<\/strong><\/span><\/td>\n<td width=\"26%\"><span style=\"color: #000080;\">3.1. Krepitev partnerstev med javnimi organi in dele\u017eniki za zdrava, varna in dostopna \u010dezmejna obmo\u010dja<\/span><\/td>\n<td width=\"15%\"><span style=\"color: #333333;\">5.013.278<\/span><\/td>\n<td width=\"20%\"><span style=\"color: #333333;\">10,87 %<\/span><\/td>\n<\/tr>\n<tr>\n<td width=\"17%\">Prednostna os 4<\/td>\n<td width=\"19%\"><span style=\"color: #000080;\"><strong>Tehni\u010dna pomo\u010d<\/strong><\/span><\/td>\n<td width=\"26%\"><span style=\"color: #000080;\">TP<\/span><\/td>\n<td width=\"15%\">3.000.000<\/td>\n<td width=\"20%\">6,51 %<\/td>\n<\/tr>\n<tr>\n<td width=\"17%\"><span style=\"color: #000080;\"><strong>Skupaj<\/strong><\/span><\/td>\n<td width=\"19%\"><strong>\u00a0<\/strong><\/td>\n<td width=\"26%\"><strong>\u00a0<\/strong><\/td>\n<td width=\"15%\"><strong>46.114.193<\/strong><\/td>\n<td width=\"20%\"><strong>100 %<\/strong><\/td>\n<\/tr>\n<\/tbody>\n<\/table>\n<\/div><\/section>\n","protected":false},"excerpt":{"rendered":"","protected":false},"author":3,"featured_media":0,"parent":187,"menu_order":0,"comment_status":"closed","ping_status":"closed","template":"","meta":{"ngg_post_thumbnail":0},"acf":[],"_links":{"self":[{"href":"http:\/\/www.si-hr.eu\/si2\/wp-json\/wp\/v2\/pages\/188"}],"collection":[{"href":"http:\/\/www.si-hr.eu\/si2\/wp-json\/wp\/v2\/pages"}],"about":[{"href":"http:\/\/www.si-hr.eu\/si2\/wp-json\/wp\/v2\/types\/page"}],"author":[{"embeddable":true,"href":"http:\/\/www.si-hr.eu\/si2\/wp-json\/wp\/v2\/users\/3"}],"replies":[{"embeddable":true,"href":"http:\/\/www.si-hr.eu\/si2\/wp-json\/wp\/v2\/comments?post=188"}],"version-history":[{"count":46,"href":"http:\/\/www.si-hr.eu\/si2\/wp-json\/wp\/v2\/pages\/188\/revisions"}],"predecessor-version":[{"id":4002,"href":"http:\/\/www.si-hr.eu\/si2\/wp-json\/wp\/v2\/pages\/188\/revisions\/4002"}],"up":[{"embeddable":true,"href":"http:\/\/www.si-hr.eu\/si2\/wp-json\/wp\/v2\/pages\/187"}],"wp:attachment":[{"href":"http:\/\/www.si-hr.eu\/si2\/wp-json\/wp\/v2\/media?parent=188"}],"curies":[{"name":"wp","href":"https:\/\/api.w.org\/{rel}","templated":true}]}}