{"id":1887,"date":"2016-11-24T09:28:12","date_gmt":"2016-11-24T08:28:12","guid":{"rendered":"http:\/\/www.si-hr.eu\/si2\/?page_id=1887"},"modified":"2016-11-24T09:28:12","modified_gmt":"2016-11-24T08:28:12","slug":"rast-istre","status":"publish","type":"page","link":"http:\/\/www.si-hr.eu\/si2\/map-2\/rast-istre\/","title":{"rendered":"RAST ISTRE"},"content":{"rendered":"\n<style type=\"text\/css\" data-created_by=\"avia_inline_auto\" id=\"style-css-av-av_one_full-352b07ef7d3bc99b2e9f92e7a9e06bdb\">\n.flex_column.av-av_one_full-352b07ef7d3bc99b2e9f92e7a9e06bdb{\nborder-radius:0px 0px 0px 0px;\n-webkit-border-radius:0px 0px 0px 0px;\n-moz-border-radius:0px 0px 0px 0px;\n}\n<\/style>\n<div class='flex_column av-av_one_full-352b07ef7d3bc99b2e9f92e7a9e06bdb av_one_full  avia-builder-el-0  el_before_av_one_half  avia-builder-el-first  first flex_column_div av-zero-column-padding '   ><style type=\"text\/css\" data-created_by=\"avia_inline_auto\" id=\"style-css-av-av_heading-16885c32c958a1841280be36777350ad\">\n#top .av-special-heading.av-av_heading-16885c32c958a1841280be36777350ad{\npadding-bottom:10px;\n}\nbody .av-special-heading.av-av_heading-16885c32c958a1841280be36777350ad .av-special-heading-tag .heading-char{\nfont-size:25px;\n}\n.av-special-heading.av-av_heading-16885c32c958a1841280be36777350ad .av-subheading{\nfont-size:15px;\n}\n<\/style>\n<div  class='av-special-heading av-av_heading-16885c32c958a1841280be36777350ad av-special-heading-h3 blockquote modern-quote modern-centered  avia-builder-el-1  avia-builder-el-no-sibling '><h3 class='av-special-heading-tag'  itemprop=\"headline\"  >TRAJNOSTNO UPRAVLJANJE Z NARAVNIMI VIRI<br \/>\nOHRANJANJE OBMO\u010cIJ VARSTVA NARAVE IN KULTURNE DEDI\u0160\u010cINE<\/h3><div class=\"special-heading-border\"><div class=\"special-heading-inner-border\"><\/div><\/div><\/div><\/div>\n<style type=\"text\/css\" data-created_by=\"avia_inline_auto\" id=\"style-css-av-av_one_half-352b07ef7d3bc99b2e9f92e7a9e06bdb\">\n.flex_column.av-av_one_half-352b07ef7d3bc99b2e9f92e7a9e06bdb{\nborder-radius:0px 0px 0px 0px;\n-webkit-border-radius:0px 0px 0px 0px;\n-moz-border-radius:0px 0px 0px 0px;\n}\n<\/style>\n<div class='flex_column av-av_one_half-352b07ef7d3bc99b2e9f92e7a9e06bdb av_one_half  avia-builder-el-2  el_after_av_one_full  el_before_av_one_half  first flex_column_div av-zero-column-padding column-top-margin'   ><p>\n<style type=\"text\/css\" data-created_by=\"avia_inline_auto\" id=\"style-css-av-av_image-26e415f21dd0bd9243c2c6a7b36cdc77\">\n.avia-image-container.av-av_image-26e415f21dd0bd9243c2c6a7b36cdc77 .av-image-caption-overlay-center{\ncolor:#ffffff;\n}\n<\/style>\n<div  class='avia-image-container av-av_image-26e415f21dd0bd9243c2c6a7b36cdc77 av-styling- avia-align-center  avia-builder-el-3  el_before_av_textblock  avia-builder-el-first '  itemprop=\"image\" itemscope=\"itemscope\" itemtype=\"https:\/\/schema.org\/ImageObject\" ><div class=\"avia-image-container-inner\"><div class=\"avia-image-overlay-wrap\"><img decoding=\"async\" class='wp-image-1889 avia-img-lazy-loading-not-1889 avia_image' src=\"http:\/\/www.si-hr.eu\/si2\/wp-content\/uploads\/sites\/14\/2016\/11\/RAST-ISTRE.jpg\" alt='' title='RAST ISTRE'  height=\"580\" width=\"873\"  itemprop=\"thumbnailUrl\" srcset=\"http:\/\/www.si-hr.eu\/si2\/wp-content\/uploads\/sites\/14\/2016\/11\/RAST-ISTRE.jpg 873w, http:\/\/www.si-hr.eu\/si2\/wp-content\/uploads\/sites\/14\/2016\/11\/RAST-ISTRE-300x199.jpg 300w, http:\/\/www.si-hr.eu\/si2\/wp-content\/uploads\/sites\/14\/2016\/11\/RAST-ISTRE-600x399.jpg 600w, http:\/\/www.si-hr.eu\/si2\/wp-content\/uploads\/sites\/14\/2016\/11\/RAST-ISTRE-705x468.jpg 705w, http:\/\/www.si-hr.eu\/si2\/wp-content\/uploads\/sites\/14\/2016\/11\/RAST-ISTRE-450x299.jpg 450w\" sizes=\"(max-width: 873px) 100vw, 873px\" \/><\/div><\/div><\/div><br \/>\n<section  class='av_textblock_section av-av_textblock-0366cc7376be6c9e82a3e9cc8987b64f'  itemscope=\"itemscope\" itemtype=\"https:\/\/schema.org\/CreativeWork\" ><div class='avia_textblock'  itemprop=\"text\" ><p align=\"CENTER\"><span lang=\"sl-SI\"><b>RAST ISTRE<\/b><\/span><\/p>\n<\/div><\/section><br \/>\n<section  class='av_textblock_section av-av_textblock-0366cc7376be6c9e82a3e9cc8987b64f'  itemscope=\"itemscope\" itemtype=\"https:\/\/schema.org\/CreativeWork\" ><div class='avia_textblock'  itemprop=\"text\" ><p align=\"JUSTIFY\"><span lang=\"sl-SI\"><i><b>Opis vsebine projekta<\/b><\/i><\/span><\/p>\n<p align=\"JUSTIFY\"><span lang=\"sl-SI\">Lega Istre in klimatski dejavniki omogo\u010dajo uspe\u0161no gojenje vinske trte, oljk, fig kakor tudi sadnih vrst kot so mandelj, \u017ei\u017eola, granatno jabolko, navadna jagodi\u010dnica, koprivovec in nekaterih drugih (npr. o\u0161koru\u0161, murva, ne\u0161plja), ki bi potencialno lahko pove\u010dale pestrost pridelave ter obogatile turisti\u010dno ponudbo. Neko\u010d so bile te sadne vrste precej raz\u0161irjene, v zadnjem \u010dasu jih najdemo le redko. Omenjene sadne vrste na podro\u010dju Istre niso morfolo\u0161ko in botani\u010dno opisane, podatkov o biodiverziteti teh vrst v Istri tudi ni. Revitalizacijo gojenja omenjenih sadnih vrst pa lahko vidimo tudi kot tr\u017eno ni\u0161o, zaradi vsebnosti biolo\u0161ko aktivnih molekul kot so: antioksidanti, vitamini, esencialne ma\u0161\u010dobne kisline, ki bi jih lahko s pridom izkori\u0161\u010dali v \u017eivilski industriji in farmaciji. V projektu smo se osredoto\u010dili na naslednjih pet sadnih vrst: mandelj, \u017ei\u017eolo, granatno jabolko kot stare poznane sadne vrste na obmo\u010dju Istre, ter navadno jagodi\u010dnico in koprivovec kot samorasle sadne vrste na tem obmo\u010dju. Plodovi teh rastlin imajo razli\u010dne biolo\u0161ke u\u010dinke in prav zato se nam je zdelo smiselno obnoviti in raz\u0161iriti gojenje teh vrst rastlin v slovenski in hrva\u0161ki Istri ter pripraviti izdelke s prehransko in zdravilno vrednostjo. Osnovni cilji predlaganega projekta so bili vezani na popis stanja, o\u017eivljanje gojenja ter predstavitev in promocijo izbranih manj prepoznavnih sredozemskih kultur, v obujanju tradicionalne rabe plodov v kulinariki in eksperimentalno razvijanje novih produktov z dodano vrednostjo, ozave\u0161\u010danje javnosti o vlogi le teh, v krepitvi regionalne identitete in biolo\u0161ke raznolikosti, kakor tudi potencialnih ekonomskih u\u010dinkih predvsem v turizmu in gostinstvu na podro\u010dju celotne Istre.<\/span><\/p>\n<\/div><\/section><\/p><\/div>\n<style type=\"text\/css\" data-created_by=\"avia_inline_auto\" id=\"style-css-av-av_one_half-2a64de42b738552fe666ca889af77e28\">\n.flex_column.av-av_one_half-2a64de42b738552fe666ca889af77e28{\nborder-radius:0px 0px 0px 0px;\n-webkit-border-radius:0px 0px 0px 0px;\n-moz-border-radius:0px 0px 0px 0px;\n}\n<\/style>\n<div class='flex_column av-av_one_half-2a64de42b738552fe666ca889af77e28 av_one_half  avia-builder-el-6  el_after_av_one_half  el_before_av_image  flex_column_div av-zero-column-padding column-top-margin'   ><section  class='av_textblock_section av-av_textblock-0366cc7376be6c9e82a3e9cc8987b64f'  itemscope=\"itemscope\" itemtype=\"https:\/\/schema.org\/CreativeWork\" ><div class='avia_textblock'  itemprop=\"text\" ><table border=\"1\" width=\"636\" cellspacing=\"0\" cellpadding=\"7\">\n<colgroup>\n<col width=\"200\" \/>\n<col width=\"406\" \/> <\/colgroup>\n<tbody>\n<tr>\n<td bgcolor=\"#f2f2f2\" width=\"200\" height=\"8\"><span lang=\"sl-SI\"><b>Naslov projekta<\/b><\/span><\/td>\n<td bgcolor=\"#ffffff\" width=\"406\">\n<p align=\"JUSTIFY\"><span lang=\"sl-SI\">Ohranjanje naravne dedi\u0161\u010dine \u2013 revitalizacija sadnih vrst karakteristi\u010dnih za obmo\u010dje Istre <\/span><\/p>\n<\/td>\n<\/tr>\n<tr>\n<td bgcolor=\"#f2f2f2\" width=\"200\" height=\"9\"><span lang=\"sl-SI\"><b>ESRR sredstva<\/b><\/span><\/td>\n<td bgcolor=\"#ffffff\" width=\"406\"><span lang=\"sl-SI\">183.046,00 EUR<\/span><\/td>\n<\/tr>\n<tr>\n<td bgcolor=\"#f2f2f2\" width=\"200\" height=\"9\"><span lang=\"sl-SI\"><b>Trajanje projekta <\/b><\/span><\/p>\n<p><span lang=\"sl-SI\"><b>(mesec\/leto \u2013 mesec\/leto)<\/b><\/span><\/td>\n<td bgcolor=\"#ffffff\" width=\"406\"><span lang=\"sl-SI\">12.12.2013-17.09.2015 <\/span><\/td>\n<\/tr>\n<tr>\n<td bgcolor=\"#f2f2f2\" width=\"200\" height=\"9\"><span lang=\"sl-SI\"><b>Vodilni partner<\/b><\/span><\/td>\n<td bgcolor=\"#ffffff\" width=\"406\"><span lang=\"sl-SI\">Univerza v Ljubljani, Biotehni\u0161ka fakulteta<\/span><\/td>\n<\/tr>\n<tr>\n<td bgcolor=\"#f2f2f2\" width=\"200\" height=\"9\"><span lang=\"sl-SI\"><b>Partnerji<\/b><\/span><\/td>\n<td bgcolor=\"#ffffff\" width=\"406\"><span style=\"color: #000000;\"><span lang=\"sl-SI\">Univerza na Primorskem, Znanstveno-raziskovalno sredi\u0161\u010de<\/span><\/span><\/p>\n<p><span style=\"color: #000000;\"><span lang=\"sl-SI\">Institut za poljuprivredu i turizam Pore\u010d<\/span><\/span><\/p>\n<p><span style=\"color: #000000;\"><span lang=\"sl-SI\">Op\u0107ina Vi\u017einada<\/span><\/span><\/p>\n<p><span style=\"color: #000000;\"><span lang=\"sl-SI\">\u00bbTRIADA\u00ab Sveti Lovre\u010d<\/span><\/span><\/p>\n<p><span style=\"color: #000000;\"><span lang=\"sl-SI\">Dru\u0161tvo za trajnostni razvoj Istre D3<\/span><\/span><\/td>\n<\/tr>\n<tr>\n<td bgcolor=\"#f2f2f2\" width=\"200\" height=\"9\"><span lang=\"sl-SI\"><b>Vklju\u010dene regije<\/b><\/span><\/td>\n<td bgcolor=\"#ffffff\" width=\"406\"><span lang=\"sl-SI\">SI: Osrednjeslovenska regija, Obalno-kra\u0161ka regija <\/span><\/p>\n<p><span lang=\"sl-SI\">HR: Istarska \u017eupanija<\/span><\/td>\n<\/tr>\n<tr>\n<td bgcolor=\"#f2f2f2\" width=\"200\" height=\"21\"><span lang=\"sl-SI\"><b>Spletna stran projekta<\/b><\/span><\/td>\n<td valign=\"BOTTOM\" bgcolor=\"#ffffff\" width=\"406\"><span lang=\"sl-SI\">SI: <a href=\"http:\/\/www.rast-istre.eu\/sl\">http:\/\/www.rast-istre.eu\/sl<\/a><\/span><\/p>\n<p><span lang=\"sl-SI\">HR:<\/span> <a href=\"http:\/\/www.rast-istre.eu\/hr\"><span lang=\"sl-SI\">http:\/\/www.rast-istre.eu\/hr<\/span><\/a><\/p>\n<p><span lang=\"sl-SI\">EN:<\/span> <a href=\"http:\/\/www.rast-istre.eu\/en\"><span lang=\"sl-SI\">http:\/\/www.rast-istre.eu\/en<\/span><\/a><\/td>\n<\/tr>\n<\/tbody>\n<\/table>\n<\/div><\/section><br \/>\n<section  class='av_textblock_section av-av_textblock-0366cc7376be6c9e82a3e9cc8987b64f'  itemscope=\"itemscope\" itemtype=\"https:\/\/schema.org\/CreativeWork\" ><div class='avia_textblock'  itemprop=\"text\" ><p align=\"JUSTIFY\"><span lang=\"sl-SI\"><i><b>Klju\u010dni dose\u017eeni rezultati in izvedene aktivnosti <\/b><\/i><\/span><span lang=\"sl-SI\"><i>(kvantitanivni podatki; max. 3 &#8211; 5)<\/i><\/span><\/p>\n<p align=\"JUSTIFY\"><span lang=\"sl-SI\">1 ovrednotenje genskih virov mandlja, \u017ei\u017eole, granatnega jabolka, navadnega koprivovca in navadne jagodi\u010dnice v Istri;<\/span><\/p>\n<p align=\"JUSTIFY\"><span lang=\"sl-SI\">1 izdana publikacija in spletna stran ter promocijsko gradivo o omenjenih cultura;<\/span><\/p>\n<p align=\"JUSTIFY\"><span lang=\"sl-SI\">2 promocijska nasada \u017ei\u017eole (0,7 ha) in granatnega jabolka (1 ha).<\/span><\/p>\n<\/div><\/section><\/p><\/div>\n<style type=\"text\/css\" data-created_by=\"avia_inline_auto\" id=\"style-css-av-av_image-fb7a896488b8a90825f305b8281b0e3d\">\n.avia-image-container.av-av_image-fb7a896488b8a90825f305b8281b0e3d .av-image-caption-overlay-center{\ncolor:#ffffff;\n}\n<\/style>\n<div  class='avia-image-container av-av_image-fb7a896488b8a90825f305b8281b0e3d av-styling- avia-align-center  avia-builder-el-9  el_after_av_one_half  avia-builder-el-last '  itemprop=\"image\" itemscope=\"itemscope\" itemtype=\"https:\/\/schema.org\/ImageObject\" ><div class=\"avia-image-container-inner\"><div class=\"avia-image-overlay-wrap\"><img decoding=\"async\" class='wp-image-1888 avia-img-lazy-loading-not-1888 avia_image' src=\"http:\/\/www.si-hr.eu\/si2\/wp-content\/uploads\/sites\/14\/2016\/11\/RAST-ISTRE-logo.jpg\" alt='' title='RAST ISTRE logo'  height=\"418\" width=\"423\"  itemprop=\"thumbnailUrl\" srcset=\"http:\/\/www.si-hr.eu\/si2\/wp-content\/uploads\/sites\/14\/2016\/11\/RAST-ISTRE-logo.jpg 423w, http:\/\/www.si-hr.eu\/si2\/wp-content\/uploads\/sites\/14\/2016\/11\/RAST-ISTRE-logo-80x80.jpg 80w, http:\/\/www.si-hr.eu\/si2\/wp-content\/uploads\/sites\/14\/2016\/11\/RAST-ISTRE-logo-300x296.jpg 300w, http:\/\/www.si-hr.eu\/si2\/wp-content\/uploads\/sites\/14\/2016\/11\/RAST-ISTRE-logo-36x36.jpg 36w, http:\/\/www.si-hr.eu\/si2\/wp-content\/uploads\/sites\/14\/2016\/11\/RAST-ISTRE-logo-120x120.jpg 120w\" sizes=\"(max-width: 423px) 100vw, 423px\" \/><\/div><\/div><\/div><\/p>\n","protected":false},"excerpt":{"rendered":"","protected":false},"author":3,"featured_media":0,"parent":1483,"menu_order":0,"comment_status":"closed","ping_status":"closed","template":"","meta":{"ngg_post_thumbnail":0},"acf":[],"_links":{"self":[{"href":"http:\/\/www.si-hr.eu\/si2\/wp-json\/wp\/v2\/pages\/1887"}],"collection":[{"href":"http:\/\/www.si-hr.eu\/si2\/wp-json\/wp\/v2\/pages"}],"about":[{"href":"http:\/\/www.si-hr.eu\/si2\/wp-json\/wp\/v2\/types\/page"}],"author":[{"embeddable":true,"href":"http:\/\/www.si-hr.eu\/si2\/wp-json\/wp\/v2\/users\/3"}],"replies":[{"embeddable":true,"href":"http:\/\/www.si-hr.eu\/si2\/wp-json\/wp\/v2\/comments?post=1887"}],"version-history":[{"count":1,"href":"http:\/\/www.si-hr.eu\/si2\/wp-json\/wp\/v2\/pages\/1887\/revisions"}],"predecessor-version":[{"id":1890,"href":"http:\/\/www.si-hr.eu\/si2\/wp-json\/wp\/v2\/pages\/1887\/revisions\/1890"}],"up":[{"embeddable":true,"href":"http:\/\/www.si-hr.eu\/si2\/wp-json\/wp\/v2\/pages\/1483"}],"wp:attachment":[{"href":"http:\/\/www.si-hr.eu\/si2\/wp-json\/wp\/v2\/media?parent=1887"}],"curies":[{"name":"wp","href":"https:\/\/api.w.org\/{rel}","templated":true}]}}