{"id":2019,"date":"2016-11-25T15:17:13","date_gmt":"2016-11-25T14:17:13","guid":{"rendered":"http:\/\/www.si-hr.eu\/si2\/?page_id=2019"},"modified":"2016-11-25T15:17:13","modified_gmt":"2016-11-25T14:17:13","slug":"mladiekoin","status":"publish","type":"page","link":"http:\/\/www.si-hr.eu\/si2\/map-2\/mladiekoin\/","title":{"rendered":"MLADIEKOIN"},"content":{"rendered":"\n<style type=\"text\/css\" data-created_by=\"avia_inline_auto\" id=\"style-css-av-av_one_full-352b07ef7d3bc99b2e9f92e7a9e06bdb\">\n.flex_column.av-av_one_full-352b07ef7d3bc99b2e9f92e7a9e06bdb{\nborder-radius:0px 0px 0px 0px;\n-webkit-border-radius:0px 0px 0px 0px;\n-moz-border-radius:0px 0px 0px 0px;\n}\n<\/style>\n<div class='flex_column av-av_one_full-352b07ef7d3bc99b2e9f92e7a9e06bdb av_one_full  avia-builder-el-0  el_before_av_one_half  avia-builder-el-first  first flex_column_div av-zero-column-padding '   ><style type=\"text\/css\" data-created_by=\"avia_inline_auto\" id=\"style-css-av-av_heading-bf4baff0e159470b735275e497bf7025\">\n#top .av-special-heading.av-av_heading-bf4baff0e159470b735275e497bf7025{\npadding-bottom:10px;\n}\nbody .av-special-heading.av-av_heading-bf4baff0e159470b735275e497bf7025 .av-special-heading-tag .heading-char{\nfont-size:25px;\n}\n.av-special-heading.av-av_heading-bf4baff0e159470b735275e497bf7025 .av-subheading{\nfont-size:15px;\n}\n<\/style>\n<div  class='av-special-heading av-av_heading-bf4baff0e159470b735275e497bf7025 av-special-heading-h3 blockquote modern-quote modern-centered  avia-builder-el-1  avia-builder-el-no-sibling '><h3 class='av-special-heading-tag'  itemprop=\"headline\"  >GOSPODARSKI IN SOCIALNI RAZVOJ<br \/>\nRAZVOJ PODJETNI\u0160TVA<\/h3><div class=\"special-heading-border\"><div class=\"special-heading-inner-border\"><\/div><\/div><\/div><\/div>\n<style type=\"text\/css\" data-created_by=\"avia_inline_auto\" id=\"style-css-av-av_one_half-352b07ef7d3bc99b2e9f92e7a9e06bdb\">\n.flex_column.av-av_one_half-352b07ef7d3bc99b2e9f92e7a9e06bdb{\nborder-radius:0px 0px 0px 0px;\n-webkit-border-radius:0px 0px 0px 0px;\n-moz-border-radius:0px 0px 0px 0px;\n}\n<\/style>\n<div class='flex_column av-av_one_half-352b07ef7d3bc99b2e9f92e7a9e06bdb av_one_half  avia-builder-el-2  el_after_av_one_full  el_before_av_one_half  first flex_column_div av-zero-column-padding column-top-margin'   ><p>\n<style type=\"text\/css\" data-created_by=\"avia_inline_auto\" id=\"style-css-av-av_image-c8bd5fc743f60a73600f1989d515f1f4\">\n.avia-image-container.av-av_image-c8bd5fc743f60a73600f1989d515f1f4 .av-image-caption-overlay-center{\ncolor:#ffffff;\n}\n<\/style>\n<div  class='avia-image-container av-av_image-c8bd5fc743f60a73600f1989d515f1f4 av-styling- avia-align-center  avia-builder-el-3  el_before_av_textblock  avia-builder-el-first '  itemprop=\"image\" itemscope=\"itemscope\" itemtype=\"https:\/\/schema.org\/ImageObject\" ><div class=\"avia-image-container-inner\"><div class=\"avia-image-overlay-wrap\"><img decoding=\"async\" class='wp-image-2020 avia-img-lazy-loading-not-2020 avia_image' src=\"http:\/\/www.si-hr.eu\/si2\/wp-content\/uploads\/sites\/14\/2016\/11\/MLADIEKOIN-1030x680.jpg\" alt='' title='MLADIEKOIN'  height=\"680\" width=\"1030\"  itemprop=\"thumbnailUrl\" srcset=\"http:\/\/www.si-hr.eu\/si2\/wp-content\/uploads\/sites\/14\/2016\/11\/MLADIEKOIN-1030x680.jpg 1030w, http:\/\/www.si-hr.eu\/si2\/wp-content\/uploads\/sites\/14\/2016\/11\/MLADIEKOIN-300x198.jpg 300w, http:\/\/www.si-hr.eu\/si2\/wp-content\/uploads\/sites\/14\/2016\/11\/MLADIEKOIN-600x396.jpg 600w, http:\/\/www.si-hr.eu\/si2\/wp-content\/uploads\/sites\/14\/2016\/11\/MLADIEKOIN-705x465.jpg 705w, http:\/\/www.si-hr.eu\/si2\/wp-content\/uploads\/sites\/14\/2016\/11\/MLADIEKOIN-450x297.jpg 450w, http:\/\/www.si-hr.eu\/si2\/wp-content\/uploads\/sites\/14\/2016\/11\/MLADIEKOIN.jpg 1170w\" sizes=\"(max-width: 1030px) 100vw, 1030px\" \/><\/div><\/div><\/div><br \/>\n<section  class='av_textblock_section av-av_textblock-0366cc7376be6c9e82a3e9cc8987b64f'  itemscope=\"itemscope\" itemtype=\"https:\/\/schema.org\/CreativeWork\" ><div class='avia_textblock'  itemprop=\"text\" ><p style=\"text-align: center;\"><strong>MLADIEKOIN<\/strong><\/p>\n<\/div><\/section><br \/>\n<section  class='av_textblock_section av-av_textblock-0366cc7376be6c9e82a3e9cc8987b64f'  itemscope=\"itemscope\" itemtype=\"https:\/\/schema.org\/CreativeWork\" ><div class='avia_textblock'  itemprop=\"text\" ><p><span lang=\"sl-SI\"><i><b>Opis vsebine projekta<\/b><\/i><\/span><\/p>\n<p align=\"JUSTIFY\"><span lang=\"sl-SI\">Specifi\u010dni \u010dezmejni cilji projekta so bili: motivirati mlade za razvoj novih projektov na temo eko-inovativnosti in \u010dezmejnega sodelovanja; povezovanje slovenskih in hrva\u0161kih skupin mladih in sodelovanje na skupnih ciljih, ter spodbujanje izmenjave izku\u0161enj, kulture med njimi; razviti dolo\u010deno \u0161tevilo idej na podro\u010dju eko-inovativnosti, ki bodo pripravljene za realizacijo na obeh straneh meje; vklju\u010devanje inovativnih podjetnikov v konzorcije in povezovanje z njihovimi \u010dezmejnimi kolegi, z namenom izmenjave mnenj o podro\u010dju inovativnosti in eko-inovativnosti; v konzorcij mentorjev vklju\u010diti mentorje iz obeh strani meje in razviti skupno metodologijo podjetni\u0161kih kro\u017ekov, primerno za obe strani in pripravljeno za raz\u0161iritev na druga obmejna obmo\u010dja; ter oblikovati sistem podjetni\u0161kih kro\u017ekov, ki bo skupaj z oblikovanim konzorcijem inovativnih podjetnikov tudi v nadalje tvoril veliko \u0161tevilo idej. Neposredni u\u010dinki projekta so bili: izdelana metodologija za razvoj poslovnih na\u010drtov preko e-spleta za obmo\u010dje SLOHRA; izdelan priro\u010dnik za mlade za razvoj poslovnih na\u010drtov za obmo\u010dje SLOHRA; izdelane pogodbe za ustanovitev konzorcijev SLOHRA; vzpostavljen e-spletni forum za mlade na spletni strani projekta; organizirani projektni kampi v Kopru in Reki; organiziran plenarni forum Novo mesto; usposobljeni mentorji za animacijo mladih za razvoj poslovnih na\u010drtov; mladi vklju\u010deni v izobra\u017eevanje za pripravo; ter sklenjene pogodbe oz. dogovori o trajnosti projekta in projektnih idej \u010dezmejnih eko-inovativnih produktov. <\/span><\/p>\n<\/div><\/section><\/p><\/div>\n<style type=\"text\/css\" data-created_by=\"avia_inline_auto\" id=\"style-css-av-av_one_half-2a64de42b738552fe666ca889af77e28\">\n.flex_column.av-av_one_half-2a64de42b738552fe666ca889af77e28{\nborder-radius:0px 0px 0px 0px;\n-webkit-border-radius:0px 0px 0px 0px;\n-moz-border-radius:0px 0px 0px 0px;\n}\n<\/style>\n<div class='flex_column av-av_one_half-2a64de42b738552fe666ca889af77e28 av_one_half  avia-builder-el-6  el_after_av_one_half  el_before_av_image  flex_column_div av-zero-column-padding column-top-margin'   ><section  class='av_textblock_section av-av_textblock-0366cc7376be6c9e82a3e9cc8987b64f'  itemscope=\"itemscope\" itemtype=\"https:\/\/schema.org\/CreativeWork\" ><div class='avia_textblock'  itemprop=\"text\" ><table border=\"1\" width=\"641\" cellspacing=\"0\" cellpadding=\"7\">\n<colgroup>\n<col width=\"115\" \/>\n<col width=\"496\" \/> <\/colgroup>\n<tbody>\n<tr>\n<td bgcolor=\"#f2f2f2\" width=\"115\" height=\"8\"><span lang=\"sl-SI\"><b>Naslov projekta<\/b><\/span><\/td>\n<td bgcolor=\"#ffffff\" width=\"496\"><span lang=\"sl-SI\">SLOHRA E-mladi skupaj v eko-inovativnost <\/span><\/td>\n<\/tr>\n<tr>\n<td bgcolor=\"#f2f2f2\" width=\"115\" height=\"9\"><span lang=\"sl-SI\"><b>ESRR sredstva<\/b><\/span><\/td>\n<td bgcolor=\"#ffffff\" width=\"496\"><span lang=\"sl-SI\">484.563,07 EUR<\/span><\/td>\n<\/tr>\n<tr>\n<td bgcolor=\"#f2f2f2\" width=\"115\" height=\"9\"><span lang=\"sl-SI\"><b>Trajanje projekta <\/b><\/span><\/p>\n<p><span lang=\"sl-SI\"><b>(mesec\/leto \u2013 mesec\/leto)<\/b><\/span><\/td>\n<td bgcolor=\"#ffffff\" width=\"496\"><span lang=\"sl-SI\">1.4.2011-31.3.2013 <\/span><\/td>\n<\/tr>\n<tr>\n<td bgcolor=\"#f2f2f2\" width=\"115\" height=\"9\"><span lang=\"sl-SI\"><b>Vodilni partner<\/b><\/span><\/td>\n<td bgcolor=\"#ffffff\" width=\"496\"><span lang=\"sl-SI\">Razvojni center Novo mesto, d.o.o. <\/span><\/td>\n<\/tr>\n<tr>\n<td bgcolor=\"#f2f2f2\" width=\"115\" height=\"9\"><span lang=\"sl-SI\"><b>Partnerji<\/b><\/span><\/td>\n<td bgcolor=\"#ffffff\" width=\"496\"><span style=\"color: #000000;\"><span lang=\"sl-SI\">Regionalni razvojni center Koper<br \/>\nRRA Notranjsko-kra\u0161ke regije d.o.o.<br \/>\nIstarska razvojna agencija (IDA) d.o.o.<br \/>\nRegionalna razvojna agencija Porin<br \/>\nRazvojna agencija Karlova\u010dke \u017dupanije d.o.o.<\/span><\/span><\/td>\n<\/tr>\n<tr>\n<td bgcolor=\"#f2f2f2\" width=\"115\" height=\"9\"><span lang=\"sl-SI\"><b>Vklju\u010dene regije<\/b><\/span><\/td>\n<td bgcolor=\"#ffffff\" width=\"496\"><span lang=\"sl-SI\">SI: Jugovzhodna Slovenija, Primorsko-notranjska regija, Obalno-kra\u0161ka regija<\/span><\/p>\n<p><span lang=\"sl-SI\">HR: Istarska \u017eupanija, Karlova\u010dka \u017eupanija<\/span><\/td>\n<\/tr>\n<tr>\n<td bgcolor=\"#f2f2f2\" width=\"115\" height=\"8\"><span lang=\"sl-SI\"><b>Spletna stran projekta<\/b><\/span><\/td>\n<td bgcolor=\"#ffffff\" width=\"496\"><span lang=\"sl-SI\">SI: <a href=\"http:\/\/www.ida.hr\/index.php?id=60&amp;tx_ttnews%5BbackPid%5D=23&amp;tx_ttnews%5Btt_news%5D=900&amp;cHash=228b6ec94fc200943d586c22ba6f7d4b\">http:\/\/www.rc-nm.si\/Projekti\/ProjektMLADIEKOIN\/<\/a><\/span><\/p>\n<p><a href=\"http:\/\/www.ida.hr\/index.php?id=60&amp;tx_ttnews%5BbackPid%5D=23&amp;tx_ttnews%5Btt_news%5D=900&amp;cHash=228b6ec94fc200943d586c22ba6f7d4b\"><span lang=\"sl-SI\">Kratekopis.aspx<\/span><\/a><\/p>\n<p><span lang=\"sl-SI\">HR: <a href=\"http:\/\/www.ida.hr\/index.php?id=60&amp;tx_ttnews%5BbackPid%5D=23&amp;tx_ttnews%5Btt_news%5D=900&amp;cHash=228b6ec94fc200943d586c22ba6f7d4b\">http:\/\/www.ida.hr\/index.php?id=60&amp;tx_ttnews%5BbackPid%5D=23&amp;tx_ttnews%5Btt_news%5D=900&amp;cHash=228b6ec94fc200943d586c22ba6f7d4b<\/a><\/span><\/td>\n<\/tr>\n<\/tbody>\n<\/table>\n<\/div><\/section><br \/>\n<section  class='av_textblock_section av-av_textblock-0366cc7376be6c9e82a3e9cc8987b64f'  itemscope=\"itemscope\" itemtype=\"https:\/\/schema.org\/CreativeWork\" ><div class='avia_textblock'  itemprop=\"text\" ><p><span lang=\"sl-SI\"><i><b>Klju\u010dni dose\u017eeni rezultati in izvedene aktivnosti <\/b><\/i><\/span><span lang=\"sl-SI\"><i>(kvantitanivni podatki; max. 3 &#8211; 5)<\/i><\/span><\/p>\n<p><span lang=\"sl-SI\">200 mladih vklju\u010denih v projekt;<\/span><\/p>\n<p><span lang=\"sl-SI\">345 izvedenih podjetni\u0161kih kro\u017ekov;<\/span><\/p>\n<p><span lang=\"sl-SI\">23 narejenih poslovnih na\u010drtov za eko-inovativne produkte. <\/span><\/p>\n<\/div><\/section><\/p><\/div>\n<style type=\"text\/css\" data-created_by=\"avia_inline_auto\" id=\"style-css-av-av_image-5017a52f0b5f1baa2ef8de4dcc0c7e4b\">\n.avia-image-container.av-av_image-5017a52f0b5f1baa2ef8de4dcc0c7e4b .av-image-caption-overlay-center{\ncolor:#ffffff;\n}\n<\/style>\n<div  class='avia-image-container av-av_image-5017a52f0b5f1baa2ef8de4dcc0c7e4b av-styling- avia-align-center  avia-builder-el-9  el_after_av_one_half  avia-builder-el-last '  itemprop=\"image\" itemscope=\"itemscope\" itemtype=\"https:\/\/schema.org\/ImageObject\" ><div class=\"avia-image-container-inner\"><div class=\"avia-image-overlay-wrap\"><img decoding=\"async\" class='wp-image-2021 avia-img-lazy-loading-not-2021 avia_image' src=\"http:\/\/www.si-hr.eu\/si2\/wp-content\/uploads\/sites\/14\/2016\/11\/MLADIEKOIN-logo-300x90.jpg\" alt='' title='MLADIEKOIN logo'  height=\"90\" width=\"300\"  itemprop=\"thumbnailUrl\" srcset=\"http:\/\/www.si-hr.eu\/si2\/wp-content\/uploads\/sites\/14\/2016\/11\/MLADIEKOIN-logo-300x90.jpg 300w, http:\/\/www.si-hr.eu\/si2\/wp-content\/uploads\/sites\/14\/2016\/11\/MLADIEKOIN-logo-600x179.jpg 600w, http:\/\/www.si-hr.eu\/si2\/wp-content\/uploads\/sites\/14\/2016\/11\/MLADIEKOIN-logo-705x211.jpg 705w, http:\/\/www.si-hr.eu\/si2\/wp-content\/uploads\/sites\/14\/2016\/11\/MLADIEKOIN-logo-450x135.jpg 450w, http:\/\/www.si-hr.eu\/si2\/wp-content\/uploads\/sites\/14\/2016\/11\/MLADIEKOIN-logo.jpg 990w\" sizes=\"(max-width: 300px) 100vw, 300px\" \/><\/div><\/div><\/div><\/p>\n","protected":false},"excerpt":{"rendered":"","protected":false},"author":3,"featured_media":0,"parent":1483,"menu_order":0,"comment_status":"closed","ping_status":"closed","template":"","meta":{"ngg_post_thumbnail":0},"acf":[],"_links":{"self":[{"href":"http:\/\/www.si-hr.eu\/si2\/wp-json\/wp\/v2\/pages\/2019"}],"collection":[{"href":"http:\/\/www.si-hr.eu\/si2\/wp-json\/wp\/v2\/pages"}],"about":[{"href":"http:\/\/www.si-hr.eu\/si2\/wp-json\/wp\/v2\/types\/page"}],"author":[{"embeddable":true,"href":"http:\/\/www.si-hr.eu\/si2\/wp-json\/wp\/v2\/users\/3"}],"replies":[{"embeddable":true,"href":"http:\/\/www.si-hr.eu\/si2\/wp-json\/wp\/v2\/comments?post=2019"}],"version-history":[{"count":1,"href":"http:\/\/www.si-hr.eu\/si2\/wp-json\/wp\/v2\/pages\/2019\/revisions"}],"predecessor-version":[{"id":2022,"href":"http:\/\/www.si-hr.eu\/si2\/wp-json\/wp\/v2\/pages\/2019\/revisions\/2022"}],"up":[{"embeddable":true,"href":"http:\/\/www.si-hr.eu\/si2\/wp-json\/wp\/v2\/pages\/1483"}],"wp:attachment":[{"href":"http:\/\/www.si-hr.eu\/si2\/wp-json\/wp\/v2\/media?parent=2019"}],"curies":[{"name":"wp","href":"https:\/\/api.w.org\/{rel}","templated":true}]}}