{"id":2023,"date":"2016-11-25T15:27:33","date_gmt":"2016-11-25T14:27:33","guid":{"rendered":"http:\/\/www.si-hr.eu\/si2\/?page_id=2023"},"modified":"2019-12-18T08:10:26","modified_gmt":"2019-12-18T07:10:26","slug":"medgen-borza","status":"publish","type":"page","link":"http:\/\/www.si-hr.eu\/si2\/map-2\/medgen-borza\/","title":{"rendered":"MEDGEN BORZA"},"content":{"rendered":"\n<style type=\"text\/css\" data-created_by=\"avia_inline_auto\" id=\"style-css-av-av_one_full-352b07ef7d3bc99b2e9f92e7a9e06bdb\">\n.flex_column.av-av_one_full-352b07ef7d3bc99b2e9f92e7a9e06bdb{\nborder-radius:0px 0px 0px 0px;\n-webkit-border-radius:0px 0px 0px 0px;\n-moz-border-radius:0px 0px 0px 0px;\n}\n<\/style>\n<div class='flex_column av-av_one_full-352b07ef7d3bc99b2e9f92e7a9e06bdb av_one_full  avia-builder-el-0  el_before_av_one_half  avia-builder-el-first  first flex_column_div av-zero-column-padding '   ><style type=\"text\/css\" data-created_by=\"avia_inline_auto\" id=\"style-css-av-av_heading-1daf6adb621fc0e25710b350524793e7\">\n#top .av-special-heading.av-av_heading-1daf6adb621fc0e25710b350524793e7{\npadding-bottom:10px;\n}\nbody .av-special-heading.av-av_heading-1daf6adb621fc0e25710b350524793e7 .av-special-heading-tag .heading-char{\nfont-size:25px;\n}\n.av-special-heading.av-av_heading-1daf6adb621fc0e25710b350524793e7 .av-subheading{\nfont-size:15px;\n}\n<\/style>\n<div  class='av-special-heading av-av_heading-1daf6adb621fc0e25710b350524793e7 av-special-heading-h3 blockquote modern-quote modern-centered  avia-builder-el-1  avia-builder-el-no-sibling '><h3 class='av-special-heading-tag'  itemprop=\"headline\"  >GOSPODARSKI IN SOCIALNI RAZVOJ<br \/>\nSOCIALNA INTEGRACIJA<\/h3><div class=\"special-heading-border\"><div class=\"special-heading-inner-border\"><\/div><\/div><\/div><\/div>\n\n<style type=\"text\/css\" data-created_by=\"avia_inline_auto\" id=\"style-css-av-av_one_half-352b07ef7d3bc99b2e9f92e7a9e06bdb\">\n.flex_column.av-av_one_half-352b07ef7d3bc99b2e9f92e7a9e06bdb{\nborder-radius:0px 0px 0px 0px;\n-webkit-border-radius:0px 0px 0px 0px;\n-moz-border-radius:0px 0px 0px 0px;\n}\n<\/style>\n<div class='flex_column av-av_one_half-352b07ef7d3bc99b2e9f92e7a9e06bdb av_one_half  avia-builder-el-2  el_after_av_one_full  el_before_av_one_half  first flex_column_div av-zero-column-padding column-top-margin'   ><p>\n<style type=\"text\/css\" data-created_by=\"avia_inline_auto\" id=\"style-css-av-av_image-2f6c45aec091cd154b5da64b86dc5fec\">\n.avia-image-container.av-av_image-2f6c45aec091cd154b5da64b86dc5fec .av-image-caption-overlay-center{\ncolor:#ffffff;\n}\n<\/style>\n<div  class='avia-image-container av-av_image-2f6c45aec091cd154b5da64b86dc5fec av-styling- avia-align-center  avia-builder-el-3  el_before_av_textblock  avia-builder-el-first '  itemprop=\"image\" itemscope=\"itemscope\" itemtype=\"https:\/\/schema.org\/ImageObject\" ><div class=\"avia-image-container-inner\"><div class=\"avia-image-overlay-wrap\"><img decoding=\"async\" class='wp-image-2025 avia-img-lazy-loading-not-2025 avia_image' src=\"http:\/\/www.si-hr.eu\/si2\/wp-content\/uploads\/sites\/14\/2016\/11\/MEDGEN-BORZA.jpg\" alt='' title='MEDGEN BORZA'  height=\"720\" width=\"960\"  itemprop=\"thumbnailUrl\" srcset=\"http:\/\/www.si-hr.eu\/si2\/wp-content\/uploads\/sites\/14\/2016\/11\/MEDGEN-BORZA.jpg 960w, http:\/\/www.si-hr.eu\/si2\/wp-content\/uploads\/sites\/14\/2016\/11\/MEDGEN-BORZA-300x225.jpg 300w, http:\/\/www.si-hr.eu\/si2\/wp-content\/uploads\/sites\/14\/2016\/11\/MEDGEN-BORZA-600x450.jpg 600w, http:\/\/www.si-hr.eu\/si2\/wp-content\/uploads\/sites\/14\/2016\/11\/MEDGEN-BORZA-705x529.jpg 705w, http:\/\/www.si-hr.eu\/si2\/wp-content\/uploads\/sites\/14\/2016\/11\/MEDGEN-BORZA-450x338.jpg 450w\" sizes=\"(max-width: 960px) 100vw, 960px\" \/><\/div><\/div><\/div><br \/>\n<section  class='av_textblock_section av-av_textblock-0366cc7376be6c9e82a3e9cc8987b64f'  itemscope=\"itemscope\" itemtype=\"https:\/\/schema.org\/CreativeWork\" ><div class='avia_textblock'  itemprop=\"text\" ><p align=\"CENTER\"><span lang=\"sl-SI\"><b>MEDGEN BORZA<\/b><\/span><\/p>\n<\/div><\/section><br \/>\n<section  class='av_textblock_section av-av_textblock-0366cc7376be6c9e82a3e9cc8987b64f'  itemscope=\"itemscope\" itemtype=\"https:\/\/schema.org\/CreativeWork\" ><div class='avia_textblock'  itemprop=\"text\" ><p><span lang=\"sl-SI\"><i><b>Opis vsebine projekta<\/b><\/i><\/span><\/p>\n<p align=\"JUSTIFY\"><span lang=\"sl-SI\">Splo\u0161ni cilj projekta je bil s pomo\u010djo aktivnega vklju\u010devanja vseh starostnih skupin v socialno in dru\u017ebeno \u017eivljenje dvigniti raven medgeneracijske solidarnosti na programskem obmo\u010dju in tako s spodbujanjem prostovoljstva in samo-organizacijskih zmogljivosti ter z u\u010dinkovito rabo \u010dlove\u0161kih in ostalih virov prispevati k zmanj\u0161anju negativnih u\u010dinkov demografskih sprememb. S tem je projekt projekt omogo\u010dil lokalnim in regionalnim akterjem, da se skupaj s svojimi\u00a0 \u010dezmejnimi partnerji spopadejo s\u00a0\u010dezmejnimi izzivi; podprl razvoj in promocijo\u00a0\u010dezmejnega obmo\u010dja in skupne identitete; investiral v ljudi, odpravil socialno izklju\u010denost in vzpostavil ugodne \u017eivljenjske pogoje. Specifi\u010dni \u010dezmejni cilji projekta so bili: Izbolj\u0161ati komunikacijo in aktivnosti sodelovanja socialno izklju\u010denih skupin v vseh procesih dru\u017ebenega delovanja; priprava ciljnih skupin na aktivno in samostojno osvajanje znanja in pridobivanje informacij za u\u010dinkovito rabo \u010dlove\u0161kih virov; vlaganje v znanje, inovacije in razvoj \u010dlove\u0161kih virov, ki temeljijo na neformalnem in formalnem vse\u017eivljenjskem u\u010denju razviti model stalnega in u\u010dinkovitega \u010dezmejnega sodelovanja.<\/span><\/p>\n<\/div><\/section><\/p><\/div>\n\n<style type=\"text\/css\" data-created_by=\"avia_inline_auto\" id=\"style-css-av-av_one_half-2a64de42b738552fe666ca889af77e28\">\n.flex_column.av-av_one_half-2a64de42b738552fe666ca889af77e28{\nborder-radius:0px 0px 0px 0px;\n-webkit-border-radius:0px 0px 0px 0px;\n-moz-border-radius:0px 0px 0px 0px;\n}\n<\/style>\n<div class='flex_column av-av_one_half-2a64de42b738552fe666ca889af77e28 av_one_half  avia-builder-el-6  el_after_av_one_half  el_before_av_image  flex_column_div av-zero-column-padding column-top-margin'   ><section  class='av_textblock_section av-av_textblock-2de302bf1aa3cf4c9157dbe6f50ac7eb'  itemscope=\"itemscope\" itemtype=\"https:\/\/schema.org\/CreativeWork\" ><div class='avia_textblock'  itemprop=\"text\" ><table style=\"height: 608px;\" border=\"1\" width=\"638\" cellspacing=\"0\" cellpadding=\"7\">\n<colgroup>\n<col width=\"200\" \/>\n<col width=\"406\" \/> <\/colgroup>\n<tbody>\n<tr>\n<td bgcolor=\"#f2f2f2\" width=\"200\" height=\"8\"><span lang=\"sl-SI\"><b>Naslov projekta<\/b><\/span><\/td>\n<td bgcolor=\"#ffffff\" width=\"406\"><span lang=\"sl-SI\">Krepitev medgeneracijske pomo\u010di na ravni lokalnih skupnosti<\/span><\/td>\n<\/tr>\n<tr>\n<td bgcolor=\"#f2f2f2\" width=\"200\" height=\"9\"><span lang=\"sl-SI\"><b>ESRR sredstva<\/b><\/span><\/td>\n<td bgcolor=\"#ffffff\" width=\"406\"><span lang=\"sl-SI\">774.500,96 EUR<\/span><\/td>\n<\/tr>\n<tr>\n<td bgcolor=\"#f2f2f2\" width=\"200\" height=\"9\"><span lang=\"sl-SI\"><b>Trajanje projekta <\/b><\/span><\/p>\n<p><span lang=\"sl-SI\"><b>(mesec\/leto \u2013 mesec\/leto)<\/b><\/span><\/td>\n<td bgcolor=\"#ffffff\" width=\"406\"><span lang=\"sl-SI\">1.3.2014 \u2013 17.6.2015<\/span><\/td>\n<\/tr>\n<tr>\n<td bgcolor=\"#f2f2f2\" width=\"200\" height=\"9\"><span lang=\"sl-SI\"><b>Vodilni partner<\/b><\/span><\/td>\n<td bgcolor=\"#ffffff\" width=\"406\"><span lang=\"sl-SI\">Ob\u010dina Lo\u0161ka dolina<\/span><\/td>\n<\/tr>\n<tr>\n<td bgcolor=\"#f2f2f2\" width=\"200\" height=\"9\"><span lang=\"sl-SI\"><b>Partnerji<\/b><\/span><\/td>\n<td bgcolor=\"#ffffff\" width=\"406\"><span lang=\"sl-SI\">Grad Prelog<\/span><\/p>\n<p><span lang=\"sl-SI\">Grad Ludbreg<\/span><\/p>\n<p><span lang=\"sl-SI\">Ob\u010dina Re\u010dica ob Savinji<\/span><\/p>\n<p><span lang=\"sl-SI\">In\u0161titut Antona Trstenjaka<\/span><\/td>\n<\/tr>\n<tr>\n<td bgcolor=\"#f2f2f2\" width=\"200\" height=\"9\"><span lang=\"sl-SI\"><b>Vklju\u010dene regije<\/b><\/span><\/td>\n<td bgcolor=\"#ffffff\" width=\"406\"><span lang=\"sl-SI\">SI: Notranjsko-kra\u0161ka regija, Osrednjeslovenska regija<\/span><\/p>\n<p><span lang=\"sl-SI\">HR:Me\u0111imurska \u017eupanija; Vara\u017edinska \u017eupanija<\/span><\/td>\n<\/tr>\n<tr>\n<td bgcolor=\"#f2f2f2\" width=\"200\" height=\"21\"><\/td>\n<td valign=\"BOTTOM\" bgcolor=\"#ffffff\" width=\"406\"><\/td>\n<\/tr>\n<\/tbody>\n<\/table>\n<\/div><\/section><br \/>\n<section  class='av_textblock_section av-av_textblock-0366cc7376be6c9e82a3e9cc8987b64f'  itemscope=\"itemscope\" itemtype=\"https:\/\/schema.org\/CreativeWork\" ><div class='avia_textblock'  itemprop=\"text\" ><p><span lang=\"sl-SI\"><i><b>Klju\u010dni dose\u017eeni rezultati in izvedene aktivnosti <\/b><\/i><\/span><span lang=\"sl-SI\"><i>(kvantitanivni podatki; max. 3 &#8211; 5)<\/i><\/span><\/p>\n<p><span lang=\"sl-SI\">4 vzpostavljeni medgeneracijski centri;<\/span><\/p>\n<p><span lang=\"sl-SI\">80 usposobljenih dru\u017einskih oskrbovalcev;<\/span><\/p>\n<p><span lang=\"sl-SI\">80 izobra\u017eenih prostovoljcev;<\/span><\/p>\n<p><span lang=\"sl-SI\">2 dvodnevna medgeneracijska tabora;<\/span><\/p>\n<p><span lang=\"sl-SI\">2 izvedeni kulturno-dru\u017ebeni sre\u010danji.<\/span><\/p>\n<\/div><\/section><\/p><\/div>\n<style type=\"text\/css\" data-created_by=\"avia_inline_auto\" id=\"style-css-av-av_image-c8d697aff6e47119ed529e11595ee516\">\n.avia-image-container.av-av_image-c8d697aff6e47119ed529e11595ee516 .av-image-caption-overlay-center{\ncolor:#ffffff;\n}\n<\/style>\n<div  class='avia-image-container av-av_image-c8d697aff6e47119ed529e11595ee516 av-styling- avia-align-center  avia-builder-el-9  el_after_av_one_half  avia-builder-el-last '  itemprop=\"image\" itemscope=\"itemscope\" itemtype=\"https:\/\/schema.org\/ImageObject\" ><div class=\"avia-image-container-inner\"><div class=\"avia-image-overlay-wrap\"><img decoding=\"async\" class='wp-image-2024 avia-img-lazy-loading-not-2024 avia_image' src=\"http:\/\/www.si-hr.eu\/si2\/wp-content\/uploads\/sites\/14\/2016\/11\/MEDGEN-BORZA-logo.jpg\" alt='' title='MEDGEN BORZA logo'  height=\"157\" width=\"324\"  itemprop=\"thumbnailUrl\" srcset=\"http:\/\/www.si-hr.eu\/si2\/wp-content\/uploads\/sites\/14\/2016\/11\/MEDGEN-BORZA-logo.jpg 324w, http:\/\/www.si-hr.eu\/si2\/wp-content\/uploads\/sites\/14\/2016\/11\/MEDGEN-BORZA-logo-300x145.jpg 300w\" sizes=\"(max-width: 324px) 100vw, 324px\" \/><\/div><\/div><\/div><\/p>\n","protected":false},"excerpt":{"rendered":"","protected":false},"author":3,"featured_media":0,"parent":1483,"menu_order":0,"comment_status":"closed","ping_status":"closed","template":"","meta":{"ngg_post_thumbnail":0},"acf":[],"_links":{"self":[{"href":"http:\/\/www.si-hr.eu\/si2\/wp-json\/wp\/v2\/pages\/2023"}],"collection":[{"href":"http:\/\/www.si-hr.eu\/si2\/wp-json\/wp\/v2\/pages"}],"about":[{"href":"http:\/\/www.si-hr.eu\/si2\/wp-json\/wp\/v2\/types\/page"}],"author":[{"embeddable":true,"href":"http:\/\/www.si-hr.eu\/si2\/wp-json\/wp\/v2\/users\/3"}],"replies":[{"embeddable":true,"href":"http:\/\/www.si-hr.eu\/si2\/wp-json\/wp\/v2\/comments?post=2023"}],"version-history":[{"count":3,"href":"http:\/\/www.si-hr.eu\/si2\/wp-json\/wp\/v2\/pages\/2023\/revisions"}],"predecessor-version":[{"id":5449,"href":"http:\/\/www.si-hr.eu\/si2\/wp-json\/wp\/v2\/pages\/2023\/revisions\/5449"}],"up":[{"embeddable":true,"href":"http:\/\/www.si-hr.eu\/si2\/wp-json\/wp\/v2\/pages\/1483"}],"wp:attachment":[{"href":"http:\/\/www.si-hr.eu\/si2\/wp-json\/wp\/v2\/media?parent=2023"}],"curies":[{"name":"wp","href":"https:\/\/api.w.org\/{rel}","templated":true}]}}