{"id":2062,"date":"2016-11-26T01:39:44","date_gmt":"2016-11-26T00:39:44","guid":{"rendered":"http:\/\/www.si-hr.eu\/si2\/?page_id=2062"},"modified":"2016-11-26T01:39:44","modified_gmt":"2016-11-26T00:39:44","slug":"365-dni-riviere","status":"publish","type":"page","link":"http:\/\/www.si-hr.eu\/si2\/map-2\/365-dni-riviere\/","title":{"rendered":"365 DNI RIVIERE"},"content":{"rendered":"\n<style type=\"text\/css\" data-created_by=\"avia_inline_auto\" id=\"style-css-av-av_one_full-352b07ef7d3bc99b2e9f92e7a9e06bdb\">\n.flex_column.av-av_one_full-352b07ef7d3bc99b2e9f92e7a9e06bdb{\nborder-radius:0px 0px 0px 0px;\n-webkit-border-radius:0px 0px 0px 0px;\n-moz-border-radius:0px 0px 0px 0px;\n}\n<\/style>\n<div class='flex_column av-av_one_full-352b07ef7d3bc99b2e9f92e7a9e06bdb av_one_full  avia-builder-el-0  el_before_av_one_half  avia-builder-el-first  first flex_column_div av-zero-column-padding '   ><style type=\"text\/css\" data-created_by=\"avia_inline_auto\" id=\"style-css-av-av_heading-34c2fe89b75314e26f88be04017869be\">\n#top .av-special-heading.av-av_heading-34c2fe89b75314e26f88be04017869be{\npadding-bottom:10px;\n}\nbody .av-special-heading.av-av_heading-34c2fe89b75314e26f88be04017869be .av-special-heading-tag .heading-char{\nfont-size:25px;\n}\n.av-special-heading.av-av_heading-34c2fe89b75314e26f88be04017869be .av-subheading{\nfont-size:15px;\n}\n<\/style>\n<div  class='av-special-heading av-av_heading-34c2fe89b75314e26f88be04017869be av-special-heading-h3 blockquote modern-quote modern-centered  avia-builder-el-1  avia-builder-el-no-sibling '><h3 class='av-special-heading-tag'  itemprop=\"headline\"  >GOSPODARSKI IN SOCIALNI RAZVOJ<br \/>\nTURIZEM IN RAZVOJ PODE\u017dELJA<\/h3><div class=\"special-heading-border\"><div class=\"special-heading-inner-border\"><\/div><\/div><\/div><\/div>\n<style type=\"text\/css\" data-created_by=\"avia_inline_auto\" id=\"style-css-av-av_one_half-352b07ef7d3bc99b2e9f92e7a9e06bdb\">\n.flex_column.av-av_one_half-352b07ef7d3bc99b2e9f92e7a9e06bdb{\nborder-radius:0px 0px 0px 0px;\n-webkit-border-radius:0px 0px 0px 0px;\n-moz-border-radius:0px 0px 0px 0px;\n}\n<\/style>\n<div class='flex_column av-av_one_half-352b07ef7d3bc99b2e9f92e7a9e06bdb av_one_half  avia-builder-el-2  el_after_av_one_full  el_before_av_one_half  first flex_column_div av-zero-column-padding column-top-margin'   ><p>\n<style type=\"text\/css\" data-created_by=\"avia_inline_auto\" id=\"style-css-av-av_image-6bb531df2b51728f1c9c832697a96700\">\n.avia-image-container.av-av_image-6bb531df2b51728f1c9c832697a96700 .av-image-caption-overlay-center{\ncolor:#ffffff;\n}\n<\/style>\n<div  class='avia-image-container av-av_image-6bb531df2b51728f1c9c832697a96700 av-styling- avia-align-center  avia-builder-el-3  el_before_av_image  avia-builder-el-first '  itemprop=\"image\" itemscope=\"itemscope\" itemtype=\"https:\/\/schema.org\/ImageObject\" ><div class=\"avia-image-container-inner\"><div class=\"avia-image-overlay-wrap\"><img decoding=\"async\" class='wp-image-2064 avia-img-lazy-loading-not-2064 avia_image' src=\"http:\/\/www.si-hr.eu\/si2\/wp-content\/uploads\/sites\/14\/2016\/11\/365-DNI-RIVIERE-300x199.jpg\" alt='' title='365 DNI RIVIERE'  height=\"199\" width=\"300\"  itemprop=\"thumbnailUrl\" srcset=\"http:\/\/www.si-hr.eu\/si2\/wp-content\/uploads\/sites\/14\/2016\/11\/365-DNI-RIVIERE-300x199.jpg 300w, http:\/\/www.si-hr.eu\/si2\/wp-content\/uploads\/sites\/14\/2016\/11\/365-DNI-RIVIERE-600x398.jpg 600w, http:\/\/www.si-hr.eu\/si2\/wp-content\/uploads\/sites\/14\/2016\/11\/365-DNI-RIVIERE-705x467.jpg 705w, http:\/\/www.si-hr.eu\/si2\/wp-content\/uploads\/sites\/14\/2016\/11\/365-DNI-RIVIERE-450x298.jpg 450w, http:\/\/www.si-hr.eu\/si2\/wp-content\/uploads\/sites\/14\/2016\/11\/365-DNI-RIVIERE.jpg 800w\" sizes=\"(max-width: 300px) 100vw, 300px\" \/><\/div><\/div><\/div><br \/>\n\n<style type=\"text\/css\" data-created_by=\"avia_inline_auto\" id=\"style-css-av-av_image-2f456c44747e2e4a7cf11b61a04525b8\">\n.avia-image-container.av-av_image-2f456c44747e2e4a7cf11b61a04525b8 .av-image-caption-overlay-center{\ncolor:#ffffff;\n}\n<\/style>\n<div  class='avia-image-container av-av_image-2f456c44747e2e4a7cf11b61a04525b8 av-styling- avia-align-center  avia-builder-el-4  el_after_av_image  el_before_av_textblock '  itemprop=\"image\" itemscope=\"itemscope\" itemtype=\"https:\/\/schema.org\/ImageObject\" ><div class=\"avia-image-container-inner\"><div class=\"avia-image-overlay-wrap\"><img decoding=\"async\" class='wp-image-2063 avia-img-lazy-loading-not-2063 avia_image' src=\"http:\/\/www.si-hr.eu\/si2\/wp-content\/uploads\/sites\/14\/2016\/11\/365-DNI-RIVIERE1-300x199.jpg\" alt='' title='365 DNI RIVIERE1'  height=\"199\" width=\"300\"  itemprop=\"thumbnailUrl\" srcset=\"http:\/\/www.si-hr.eu\/si2\/wp-content\/uploads\/sites\/14\/2016\/11\/365-DNI-RIVIERE1-300x199.jpg 300w, http:\/\/www.si-hr.eu\/si2\/wp-content\/uploads\/sites\/14\/2016\/11\/365-DNI-RIVIERE1-600x398.jpg 600w, http:\/\/www.si-hr.eu\/si2\/wp-content\/uploads\/sites\/14\/2016\/11\/365-DNI-RIVIERE1-705x467.jpg 705w, http:\/\/www.si-hr.eu\/si2\/wp-content\/uploads\/sites\/14\/2016\/11\/365-DNI-RIVIERE1-450x298.jpg 450w, http:\/\/www.si-hr.eu\/si2\/wp-content\/uploads\/sites\/14\/2016\/11\/365-DNI-RIVIERE1.jpg 800w\" sizes=\"(max-width: 300px) 100vw, 300px\" \/><\/div><\/div><\/div><br \/>\n<section  class='av_textblock_section av-av_textblock-0366cc7376be6c9e82a3e9cc8987b64f'  itemscope=\"itemscope\" itemtype=\"https:\/\/schema.org\/CreativeWork\" ><div class='avia_textblock'  itemprop=\"text\" ><p style=\"text-align: center;\"><strong>365 DNI RIVIERE<\/strong><\/p>\n<\/div><\/section><br \/>\n<section  class='av_textblock_section av-av_textblock-0366cc7376be6c9e82a3e9cc8987b64f'  itemscope=\"itemscope\" itemtype=\"https:\/\/schema.org\/CreativeWork\" ><div class='avia_textblock'  itemprop=\"text\" ><p><span lang=\"sl-SI\"><i><b>Opis vsebine projekta<\/b><\/i><\/span><\/p>\n<p align=\"JUSTIFY\"><span lang=\"sl-SI\">Splo\u0161ni \u010dezmejni cilji projekta so bili: <\/span><span lang=\"sl-SI\">Oblikovanje ene skupne \u010dezmejne destinacije \u00bbRIVIERA\u00ab; izbolj\u0161anje imid\u017ea, privla\u010dnosti in konkuren\u010dnosti \u010dezmejnega obmo\u010dja \u00bbRIVIERA\u00ab za doseganje pozitivnih u\u010dinkov; zagotavljanje podpore razvoju turizma z izbolj\u0161ano ponudbo, povezovanjem in bolj\u0161o izrabo kulturnih tudi naravnih virov; vklju\u010ditev raznolikih turisti\u010dnih virov v \u010dezmejne turisti\u010dne produkte z o\u017eivljanjem in ohranjanjem kulturnih virov; pove\u010danje povpra\u0161evanja po vseh segmentih ponudbe na \u010dezmejnem obmo\u010dju, skozi vse leto \u2013 \u00bb365 DNI RIVIERE\u00ab. Specifi\u010dni \u010dezmejni cilji projekta so bili: oblikovati privla\u010den in konkuren\u010den integralni turisti\u010dni produkt &#8211; kulturni turizem \u00bbRIVIERA\u00ab; oblikovati sistem 6 podproduktov kulturnega turizma; pilotsko izvesti imid\u017e \u010dezmejno kulturno prireditev \u00bbRIVIERA skozi stoletje\u00ab; oblikovati na\u010drt profesionalne organizacije in skupne tr\u017eenjske platforme za tr\u017eenje kulturnega turizma \u00bbRIVIERA\u00ab vklju\u010diti in izobraziti vse klju\u010dne dele\u017enike iz javnega, zasebnega in civilnega sektorja za oblikovanje, tr\u017eenje in izvedbo integralnega turisti\u010dnega produkta kulturni turizem \u00bbRIVIERA\u00ab.<\/span><\/p>\n<\/div><\/section><\/p><\/div>\n<style type=\"text\/css\" data-created_by=\"avia_inline_auto\" id=\"style-css-av-av_one_half-2a64de42b738552fe666ca889af77e28\">\n.flex_column.av-av_one_half-2a64de42b738552fe666ca889af77e28{\nborder-radius:0px 0px 0px 0px;\n-webkit-border-radius:0px 0px 0px 0px;\n-moz-border-radius:0px 0px 0px 0px;\n}\n<\/style>\n<div class='flex_column av-av_one_half-2a64de42b738552fe666ca889af77e28 av_one_half  avia-builder-el-7  el_after_av_one_half  avia-builder-el-last  flex_column_div av-zero-column-padding column-top-margin'   ><section  class='av_textblock_section av-av_textblock-0366cc7376be6c9e82a3e9cc8987b64f'  itemscope=\"itemscope\" itemtype=\"https:\/\/schema.org\/CreativeWork\" ><div class='avia_textblock'  itemprop=\"text\" ><table border=\"1\" width=\"636\" cellspacing=\"0\" cellpadding=\"7\">\n<colgroup>\n<col width=\"200\" \/>\n<col width=\"406\" \/> <\/colgroup>\n<tbody>\n<tr>\n<td bgcolor=\"#f2f2f2\" width=\"200\" height=\"8\"><span lang=\"sl-SI\"><b>Naslov projekta<\/b><\/span><\/td>\n<td bgcolor=\"#ffffff\" width=\"406\"><span lang=\"sl-SI\">365 dni kulturnega turizma v zibelki srednjeevropskega turizma<\/span><\/td>\n<\/tr>\n<tr>\n<td bgcolor=\"#f2f2f2\" width=\"200\" height=\"9\"><span lang=\"sl-SI\"><b>ESRR sredstva<\/b><\/span><\/td>\n<td bgcolor=\"#ffffff\" width=\"406\"><span lang=\"sl-SI\">435.588,45 EUR<\/span><\/td>\n<\/tr>\n<tr>\n<td bgcolor=\"#f2f2f2\" width=\"200\" height=\"9\"><span lang=\"sl-SI\"><b>Trajanje projekta <\/b><\/span><\/p>\n<p><span lang=\"sl-SI\"><b>(mesec\/leto \u2013 mesec\/leto)<\/b><\/span><\/td>\n<td bgcolor=\"#ffffff\" width=\"406\"><span lang=\"sl-SI\">1.4.2011 \u2013 31.3.2013<\/span><\/td>\n<\/tr>\n<tr>\n<td bgcolor=\"#f2f2f2\" width=\"200\" height=\"9\"><span lang=\"sl-SI\"><b>Vodilni partner<\/b><\/span><\/td>\n<td bgcolor=\"#ffffff\" width=\"406\"><span lang=\"sl-SI\">Ob\u010dina Piran<\/span><\/td>\n<\/tr>\n<tr>\n<td bgcolor=\"#f2f2f2\" width=\"200\" height=\"9\"><span lang=\"sl-SI\"><b>Partnerji<\/b><\/span><\/td>\n<td bgcolor=\"#ffffff\" width=\"406\">\n<p align=\"JUSTIFY\"><span style=\"color: #000000;\"><span lang=\"sl-SI\">Turisti\u010dno zdru\u017eenje Portoro\u017e<\/span><\/span><\/p>\n<p align=\"JUSTIFY\"><span style=\"color: #000000;\"><span lang=\"sl-SI\">Turisti\u010dno zdru\u017eenje mesta Opatija (Turisti\u010dka zajednica grada Opatija)<\/span><\/span><\/p>\n<p align=\"JUSTIFY\"><span style=\"color: #000000;\"><span lang=\"sl-SI\">Grad Opatija<\/span><\/span><\/p>\n<\/td>\n<\/tr>\n<tr>\n<td bgcolor=\"#f2f2f2\" width=\"200\" height=\"9\"><span lang=\"sl-SI\"><b>Vklju\u010dene regije<\/b><\/span><\/td>\n<td bgcolor=\"#ffffff\" width=\"406\"><span lang=\"sl-SI\">SI:Obalno-kra\u0161ka regija<\/span><\/p>\n<p><span lang=\"sl-SI\">HR:Primorsko-goranska \u017eupanija<\/span><\/td>\n<\/tr>\n<tr>\n<td bgcolor=\"#f2f2f2\" width=\"200\" height=\"21\"><span lang=\"sl-SI\"><b>Spletna stran projekta<\/b><\/span><\/td>\n<td valign=\"BOTTOM\" bgcolor=\"#ffffff\" width=\"406\"><span lang=\"sl-SI\">SI:<\/span> <a href=\"http:\/\/www.365danariviere.eu\/sl\/home\"><span lang=\"sl-SI\">http:\/\/www.365danariviere.eu\/sl\/home<\/span><\/a><\/p>\n<p><span lang=\"sl-SI\">HR:<\/span> <a href=\"http:\/\/www.365danariviere.eu\/\"><span lang=\"sl-SI\">http:\/\/www.365danariviere.eu\/<\/span><\/a><\/p>\n<p><span lang=\"sl-SI\">EN:<\/span> <a href=\"http:\/\/www.365danariviere.eu\/en\/home\"><span lang=\"sl-SI\">http:\/\/www.365danariviere.eu\/en\/home<\/span><\/a><\/td>\n<\/tr>\n<\/tbody>\n<\/table>\n<\/div><\/section><br \/>\n<section  class='av_textblock_section av-av_textblock-0366cc7376be6c9e82a3e9cc8987b64f'  itemscope=\"itemscope\" itemtype=\"https:\/\/schema.org\/CreativeWork\" ><div class='avia_textblock'  itemprop=\"text\" ><p><span lang=\"sl-SI\"><i><b>Klju\u010dni dose\u017eeni rezultati in izvedene aktivnosti <\/b><\/i><\/span><span lang=\"sl-SI\"><i>(kvantitanivni podatki; max. 3 &#8211; 5)<\/i><\/span><\/p>\n<p><span lang=\"sl-SI\">6 turisti\u010dnih produktov, ki se odvijajo tekom celega leta;<\/span><\/p>\n<p><span lang=\"sl-SI\">1 \u010dezmejni \u00bbimid\u017e\u00ab dogodek;<\/span><\/p>\n<p><span lang=\"sl-SI\">5000 obiskovalcev na posameznem dogodku.<\/span><\/p>\n<\/div><\/section><\/p><\/div><\/p>\n","protected":false},"excerpt":{"rendered":"","protected":false},"author":3,"featured_media":0,"parent":1483,"menu_order":0,"comment_status":"closed","ping_status":"closed","template":"","meta":{"ngg_post_thumbnail":0},"acf":[],"_links":{"self":[{"href":"http:\/\/www.si-hr.eu\/si2\/wp-json\/wp\/v2\/pages\/2062"}],"collection":[{"href":"http:\/\/www.si-hr.eu\/si2\/wp-json\/wp\/v2\/pages"}],"about":[{"href":"http:\/\/www.si-hr.eu\/si2\/wp-json\/wp\/v2\/types\/page"}],"author":[{"embeddable":true,"href":"http:\/\/www.si-hr.eu\/si2\/wp-json\/wp\/v2\/users\/3"}],"replies":[{"embeddable":true,"href":"http:\/\/www.si-hr.eu\/si2\/wp-json\/wp\/v2\/comments?post=2062"}],"version-history":[{"count":1,"href":"http:\/\/www.si-hr.eu\/si2\/wp-json\/wp\/v2\/pages\/2062\/revisions"}],"predecessor-version":[{"id":2065,"href":"http:\/\/www.si-hr.eu\/si2\/wp-json\/wp\/v2\/pages\/2062\/revisions\/2065"}],"up":[{"embeddable":true,"href":"http:\/\/www.si-hr.eu\/si2\/wp-json\/wp\/v2\/pages\/1483"}],"wp:attachment":[{"href":"http:\/\/www.si-hr.eu\/si2\/wp-json\/wp\/v2\/media?parent=2062"}],"curies":[{"name":"wp","href":"https:\/\/api.w.org\/{rel}","templated":true}]}}