{"id":2703,"date":"2017-09-05T14:46:14","date_gmt":"2017-09-05T13:46:14","guid":{"rendered":"http:\/\/www.si-hr.eu\/si2\/?page_id=2703"},"modified":"2017-09-05T14:46:14","modified_gmt":"2017-09-05T13:46:14","slug":"uzivam-tradicijo","status":"publish","type":"page","link":"http:\/\/www.si-hr.eu\/si2\/map-2\/uzivam-tradicijo\/","title":{"rendered":"U\u017eivam tradicijo"},"content":{"rendered":"\n<style type=\"text\/css\" data-created_by=\"avia_inline_auto\" id=\"style-css-av-av_one_full-352b07ef7d3bc99b2e9f92e7a9e06bdb\">\n.flex_column.av-av_one_full-352b07ef7d3bc99b2e9f92e7a9e06bdb{\nborder-radius:0px 0px 0px 0px;\n-webkit-border-radius:0px 0px 0px 0px;\n-moz-border-radius:0px 0px 0px 0px;\n}\n<\/style>\n<div class='flex_column av-av_one_full-352b07ef7d3bc99b2e9f92e7a9e06bdb av_one_full  avia-builder-el-0  avia-builder-el-no-sibling  first flex_column_div av-zero-column-padding '   ><section  class='av_textblock_section av-av_textblock-2de302bf1aa3cf4c9157dbe6f50ac7eb'  itemscope=\"itemscope\" itemtype=\"https:\/\/schema.org\/CreativeWork\" ><div class='avia_textblock'  itemprop=\"text\" ><p><strong>Akronim projekta: <span class=\"logo-project-title\">U\u017eivam tradicijo<\/span> ( 1.354.645,00 EUR ESRR)<\/strong><\/p>\n<p><strong>Vodilni partner: <\/strong>Biotehni\u0161ki izobra\u017eevalni center Ljubljana<\/p>\n<p align=\"JUSTIFY\"><strong>Projektni partnerji: <\/strong>PARNAS Zavod za kulturo in turizem, Velike La\u0161\u010de, Grm Novo mesto &#8211; center biotehnike in turizma, Naj Tura d.o.o., Javna ustanova &#8220;Park prirode \u017dumberak &#8211; Samoborsko gorje&#8221;, Udruga za zdrav \u017eivot i zdravu prirodu &#8220;Trbuhovica&#8221; Prezid, Turisti\u010dka zajednica op\u0107ine Vrsar, Zagorska razvojna agencija d.o.o. za promicanje regionalnog razvoja<\/p>\n<p align=\"JUSTIFY\"><strong>Pridru\u017eeni<\/strong> <strong>partnerji:\u00a0<\/strong>Muzej in galerije mesta Ljubljana, Turizem Ljubljana, Zavod lon\u010darska vas Filovci, Samoborski muzej, Ekonomska, trgova\u010dka i ugostiteljska \u0161kola, Muzeji Hrvatskog zagorja<\/p>\n<p>Obmo\u010dje od Prekmurja do Istre je bogato s kulturnimi in naravnimi spomeniki, od muzejev do naravnih parkov. Zaradi svoje raznolikosti in prepletenosti z nesnovno dedi\u0161\u010dino, ki med drugim vklju\u010duje dedi\u0161\u010dino kulinari\u010dne kulture, \u0161ege, navade in obrti, je dedi\u0161\u010dina klju\u010dna za razvoj turizma. Glavni izziv pa je, da je ta izjemen potencial za razvoj lokalnih okolij preslabo izkori\u0161\u010den, ker je dedi\u0161\u010dina obravnavana parcialno in premalo strokovno, in zato ni dovolj privla\u010dna za zahtevne sodobne obiskovalce.<\/p>\n<p>Glavni cilj projekta je zato vzpostaviti kulinari\u010dno transverzalo od Panonije do Jadrana, ki bo obiskovalcem ponudila edinstveno do\u017eivetje avtohtone tradicije, obi\u010dajev in kulinarike v obliki privla\u010dnih programov, ki bodo na podlagi trajnostnega sodelovanja lokalnih ponudnikov potekali v edinstvenih obmo\u010djih dedi\u0161\u010dine: zidanica na Tr\u0161ki gori, Botani\u010dni vrt in Muzej mesta Ljubljana, Trubarjeva doma\u010dija na Ra\u0161ici, Lon\u010darska vas Filovci \u2013 muzej na prostem, Naravni park \u017dumberak-Samoborsko gorje, va\u0161ko jedro Prezida, staro mestno jedro Vrsarja in muzeji Krapine.<\/p>\n<p>Edinstven projektni pristop bo omogo\u010dil, da bomo oblikovali kulinari\u010dno transverzalo \u2013 skupno tematsko turo, ki bo prepletala zgodbe tradicije in kulinarike na vseh vklju\u010denih obmo\u010djih. Klju\u010dne koristi in s tem inovativne \u010dezmejne spremembe bodo za ciljne skupine:<br \/>\n&#8211; dele\u017enike v lokalnih okoljih bomo povezali v dedi\u0161\u010dinske skupnosti in jih izobrazili, da bodo predajali tradicijo na mlade in na obiskovalce,<br \/>\n&#8211; predstavniki javnih ustanov, \u0161olstva, nevladnih organizacij in podjetij se bodo znotraj obmo\u010dij in med njimi povezali v skupen ve\u010ddnevni program in ponujali celoten spekter storitev,<br \/>\n&#8211; obiskovalci, od mladih, dru\u017ein, do starej\u0161ih in tujih obiskovalcev, bodo aktivno vklju\u010deni v izku\u0161njo do\u017eivljanja tradicije v unikatnem okolju,<br \/>\n&#8211; z inovativnim \u010dezmejnim pristopom bomo dvignili splo\u0161no znanje o dedi\u0161\u010dini in ustvarili privla\u010dna delovna mesta v lokalnem okolju.<\/p>\n<\/div><\/section><\/div>\n","protected":false},"excerpt":{"rendered":"","protected":false},"author":1,"featured_media":0,"parent":1483,"menu_order":0,"comment_status":"closed","ping_status":"closed","template":"","meta":{"ngg_post_thumbnail":0},"acf":[],"_links":{"self":[{"href":"http:\/\/www.si-hr.eu\/si2\/wp-json\/wp\/v2\/pages\/2703"}],"collection":[{"href":"http:\/\/www.si-hr.eu\/si2\/wp-json\/wp\/v2\/pages"}],"about":[{"href":"http:\/\/www.si-hr.eu\/si2\/wp-json\/wp\/v2\/types\/page"}],"author":[{"embeddable":true,"href":"http:\/\/www.si-hr.eu\/si2\/wp-json\/wp\/v2\/users\/1"}],"replies":[{"embeddable":true,"href":"http:\/\/www.si-hr.eu\/si2\/wp-json\/wp\/v2\/comments?post=2703"}],"version-history":[{"count":2,"href":"http:\/\/www.si-hr.eu\/si2\/wp-json\/wp\/v2\/pages\/2703\/revisions"}],"predecessor-version":[{"id":2705,"href":"http:\/\/www.si-hr.eu\/si2\/wp-json\/wp\/v2\/pages\/2703\/revisions\/2705"}],"up":[{"embeddable":true,"href":"http:\/\/www.si-hr.eu\/si2\/wp-json\/wp\/v2\/pages\/1483"}],"wp:attachment":[{"href":"http:\/\/www.si-hr.eu\/si2\/wp-json\/wp\/v2\/media?parent=2703"}],"curies":[{"name":"wp","href":"https:\/\/api.w.org\/{rel}","templated":true}]}}