{"id":2868,"date":"2017-10-27T11:38:04","date_gmt":"2017-10-27T10:38:04","guid":{"rendered":"http:\/\/www.si-hr.eu\/si2\/?page_id=2868"},"modified":"2017-10-27T12:20:13","modified_gmt":"2017-10-27T11:20:13","slug":"druga_delavnica_za_porocanje","status":"publish","type":"page","link":"http:\/\/www.si-hr.eu\/si2\/druga_delavnica_za_porocanje\/","title":{"rendered":"Druga delavnica za poro\u010danje (oktober 2017)"},"content":{"rendered":"<div id='layer_slider_1'  class='avia-layerslider main_color avia-shadow  avia-builder-el-0  el_before_av_one_full  avia-builder-el-first  container_wrap sidebar_right'  style='height: 251px;'  ><\/div><div id='after_layer_slider_1'  class='main_color av_default_container_wrap container_wrap sidebar_right'  ><div class='container av-section-cont-open' ><div class='template-page content  av-content-small alpha units'><div class='post-entry post-entry-type-page post-entry-2868'><div class='entry-content-wrapper clearfix'>\n\n<style type=\"text\/css\" data-created_by=\"avia_inline_auto\" id=\"style-css-av-av_one_full-352b07ef7d3bc99b2e9f92e7a9e06bdb\">\n.flex_column.av-av_one_full-352b07ef7d3bc99b2e9f92e7a9e06bdb{\nborder-radius:0px 0px 0px 0px;\n-webkit-border-radius:0px 0px 0px 0px;\n-moz-border-radius:0px 0px 0px 0px;\n}\n<\/style>\n<div class='flex_column av-av_one_full-352b07ef7d3bc99b2e9f92e7a9e06bdb av_one_full  avia-builder-el-1  el_after_av_layerslider  el_before_av_one_fourth  avia-builder-el-first  first flex_column_div av-zero-column-padding '   ><section  class='av_textblock_section av-av_textblock-2de302bf1aa3cf4c9157dbe6f50ac7eb'  itemscope=\"itemscope\" itemtype=\"https:\/\/schema.org\/CreativeWork\" ><div class='avia_textblock'  itemprop=\"text\" ><h3>Druga delavnica za poro\u010danje za vodilne in projektne partnerje odobrenih projektov<\/h3>\n<div class=\"special-heading-border\"><\/div>\n<\/div><\/section><\/div>\n\n<style type=\"text\/css\" data-created_by=\"avia_inline_auto\" id=\"style-css-av-av_one_fourth-352b07ef7d3bc99b2e9f92e7a9e06bdb\">\n.flex_column.av-av_one_fourth-352b07ef7d3bc99b2e9f92e7a9e06bdb{\nborder-radius:0px 0px 0px 0px;\n-webkit-border-radius:0px 0px 0px 0px;\n-moz-border-radius:0px 0px 0px 0px;\n}\n<\/style>\n<div class='flex_column av-av_one_fourth-352b07ef7d3bc99b2e9f92e7a9e06bdb av_one_fourth  avia-builder-el-3  el_after_av_one_full  el_before_av_one_fourth  first flex_column_div av-zero-column-padding column-top-margin'   ><section  class='av_textblock_section av-av_textblock-2de302bf1aa3cf4c9157dbe6f50ac7eb'  itemscope=\"itemscope\" itemtype=\"https:\/\/schema.org\/CreativeWork\" ><div class='avia_textblock'  itemprop=\"text\" ><h5>Prezentacije z delavnice<\/h5>\n<ul>\n<li><a href=\"http:\/\/www.si-hr.eu\/si2\/download\/Informiranje-in-obvescanje_2.pdf\" target=\"_blank\" rel=\"noopener\">SI-HR Informiranje in obve\u0161\u010danje<\/a><\/li>\n<li><a href=\"http:\/\/www.si-hr.eu\/si2\/download\/Izvjestavanje-o-prihvatljivosti-troskova-HR_2.pdf\" target=\"_blank\" rel=\"noopener\">Izvje\u0161tavanje (HR FLC)<\/a><\/li>\n<li><a href=\"http:\/\/www.si-hr.eu\/si2\/download\/Smjernice-o-izvjestavanju_2.pdf\" target=\"_blank\" rel=\"noopener\">SI-HR Poro\u010danje o napredku projekta<\/a><\/li>\n<\/ul>\n<\/div><\/section><\/div>\n\n<style type=\"text\/css\" data-created_by=\"avia_inline_auto\" id=\"style-css-av-av_one_fourth-2a64de42b738552fe666ca889af77e28\">\n.flex_column.av-av_one_fourth-2a64de42b738552fe666ca889af77e28{\nborder-radius:0px 0px 0px 0px;\n-webkit-border-radius:0px 0px 0px 0px;\n-moz-border-radius:0px 0px 0px 0px;\n}\n<\/style>\n<div class='flex_column av-av_one_fourth-2a64de42b738552fe666ca889af77e28 av_one_fourth  avia-builder-el-5  el_after_av_one_fourth  el_before_av_one_half  flex_column_div av-zero-column-padding column-top-margin'   ><section  class='av_textblock_section av-av_textblock-2de302bf1aa3cf4c9157dbe6f50ac7eb'  itemscope=\"itemscope\" itemtype=\"https:\/\/schema.org\/CreativeWork\" ><div class='avia_textblock'  itemprop=\"text\" ><h5>Vabili na delavnico<\/h5>\n<ul>\n<li><a href=\"http:\/\/www.si-hr.eu\/si2\/download\/Vabilo-pozivnica_porocanje-izvjestavanje-2-rok_2.pdf\" target=\"_blank\" rel=\"noopener\">Vabilo na drugo delavnico za poro\u010danje<\/a><\/li>\n<\/ul>\n<h5>Lista prisotnosti<\/h5>\n<ul>\n<li><a href=\"http:\/\/www.si-hr.eu\/si2\/download\/Lista-prisotnosti_2.pdf\">Lista prisotnosti<\/a><\/li>\n<\/ul>\n<\/div><\/section><\/div>\n<style type=\"text\/css\" data-created_by=\"avia_inline_auto\" id=\"style-css-av-av_one_half-2a64de42b738552fe666ca889af77e28\">\n.flex_column.av-av_one_half-2a64de42b738552fe666ca889af77e28{\nborder-radius:0px 0px 0px 0px;\n-webkit-border-radius:0px 0px 0px 0px;\n-moz-border-radius:0px 0px 0px 0px;\n}\n<\/style>\n<div class='flex_column av-av_one_half-2a64de42b738552fe666ca889af77e28 av_one_half  avia-builder-el-7  el_after_av_one_fourth  el_before_av_one_full  flex_column_div av-zero-column-padding column-top-margin'   ><section  class='av_textblock_section av-av_textblock-2de302bf1aa3cf4c9157dbe6f50ac7eb'  itemscope=\"itemscope\" itemtype=\"https:\/\/schema.org\/CreativeWork\" ><div class='avia_textblock'  itemprop=\"text\" ><p style=\"text-align: justify;\">V okviru 2. roka Odprtega javnega razpisa za predlo\u017eitev projektov Programa sodelovanja Interreg V-A Slovenija-Hrva\u0161ka za obdobje 2014-2020 je bilo odobrenih 12 projektov. Za vodilne in projektne partnerje teh projektov je bila <strong>26. oktobra 2017<\/strong> izvedena delavnica za poro\u010danje.<\/p>\n<p style=\"text-align: justify;\">Na delavnici, ki je potekala v Karlovcu, na Hrva\u0161kem, so bila udele\u017eencem predstavljena navodila o informiranju in obve\u0161\u010danju ter navodila o poro\u010danju. Osrednji del delavnice je bil namenjen prakti\u010dni predstavitvi poro\u010danja v elektronskem sistemu spremljanja (eMS). V drugem delu delavnice pa so predstavniki hrva\u0161ke prvostopenjske kontrole hrva\u0161kim upravi\u010dencem predstavili nacionalna pravila za poro\u010danje.<\/p>\n<\/div><\/section><\/div><\/p>\n\n<style type=\"text\/css\" data-created_by=\"avia_inline_auto\" id=\"style-css-av-av_one_full-352b07ef7d3bc99b2e9f92e7a9e06bdb\">\n.flex_column.av-av_one_full-352b07ef7d3bc99b2e9f92e7a9e06bdb{\nborder-radius:0px 0px 0px 0px;\n-webkit-border-radius:0px 0px 0px 0px;\n-moz-border-radius:0px 0px 0px 0px;\n}\n<\/style>\n<div class='flex_column av-av_one_full-352b07ef7d3bc99b2e9f92e7a9e06bdb av_one_full  avia-builder-el-9  el_after_av_one_half  avia-builder-el-last  first flex_column_div av-zero-column-padding column-top-margin'   ><style type=\"text\/css\" data-created_by=\"avia_inline_auto\" id=\"style-css-av-av_gallery-df551e398fb62adc90e78c6a354cd2df\">\n#top .avia-gallery.av-av_gallery-df551e398fb62adc90e78c6a354cd2df .avia-gallery-thumb a{\nwidth:20%;\n}\n<\/style>\n<div  class='avia-gallery av-av_gallery-df551e398fb62adc90e78c6a354cd2df avia_animate_when_visible  avia-builder-el-10  avia-builder-el-no-sibling  avia_lazyload avia-gallery-animate avia-gallery-1'  itemprop=\"image\" itemscope=\"itemscope\" itemtype=\"https:\/\/schema.org\/ImageObject\" ><div class='avia-gallery-thumb'> <a href=\"http:\/\/www.si-hr.eu\/si2\/wp-content\/uploads\/sites\/14\/2017\/10\/IMG_20171026_101507-1030x649.jpg\" data-srcset=\"http:\/\/www.si-hr.eu\/si2\/wp-content\/uploads\/sites\/14\/2017\/10\/IMG_20171026_101507-1030x649.jpg 1030w, http:\/\/www.si-hr.eu\/si2\/wp-content\/uploads\/sites\/14\/2017\/10\/IMG_20171026_101507-300x189.jpg 300w, http:\/\/www.si-hr.eu\/si2\/wp-content\/uploads\/sites\/14\/2017\/10\/IMG_20171026_101507-768x484.jpg 768w, http:\/\/www.si-hr.eu\/si2\/wp-content\/uploads\/sites\/14\/2017\/10\/IMG_20171026_101507-600x378.jpg 600w, http:\/\/www.si-hr.eu\/si2\/wp-content\/uploads\/sites\/14\/2017\/10\/IMG_20171026_101507-1500x946.jpg 1500w, http:\/\/www.si-hr.eu\/si2\/wp-content\/uploads\/sites\/14\/2017\/10\/IMG_20171026_101507-705x445.jpg 705w, http:\/\/www.si-hr.eu\/si2\/wp-content\/uploads\/sites\/14\/2017\/10\/IMG_20171026_101507-450x284.jpg 450w\" data-sizes=\"(max-width: 1030px) 100vw, 1030px\" data-rel='gallery-1' data-prev-img='http:\/\/www.si-hr.eu\/si2\/wp-content\/uploads\/sites\/14\/2017\/10\/IMG_20171026_101507-495x400.jpg' class='first_thumb lightbox ' data-onclick='1' title='delavnica za poro\u010danje '  itemprop=\"thumbnailUrl\"  ><img decoding=\"async\" class=\"wp-image-2871 avia-img-lazy-loading-not-2871\"  data-avia-tooltip='delavnica za poro\u010danje ' src=\"http:\/\/www.si-hr.eu\/si2\/wp-content\/uploads\/sites\/14\/2017\/10\/IMG_20171026_101507-495x400.jpg\" width=\"495\" height=\"400\"  title='sdr' alt='' srcset=\"http:\/\/www.si-hr.eu\/si2\/wp-content\/uploads\/sites\/14\/2017\/10\/IMG_20171026_101507-495x400.jpg 495w, http:\/\/www.si-hr.eu\/si2\/wp-content\/uploads\/sites\/14\/2017\/10\/IMG_20171026_101507-845x684.jpg 845w\" sizes=\"(max-width: 495px) 100vw, 495px\" \/><\/a> <a href=\"http:\/\/www.si-hr.eu\/si2\/wp-content\/uploads\/sites\/14\/2017\/10\/IMG_20171026_101648-1030x773.jpg\" data-srcset=\"http:\/\/www.si-hr.eu\/si2\/wp-content\/uploads\/sites\/14\/2017\/10\/IMG_20171026_101648-1030x773.jpg 1030w, http:\/\/www.si-hr.eu\/si2\/wp-content\/uploads\/sites\/14\/2017\/10\/IMG_20171026_101648-300x225.jpg 300w, http:\/\/www.si-hr.eu\/si2\/wp-content\/uploads\/sites\/14\/2017\/10\/IMG_20171026_101648-768x576.jpg 768w, http:\/\/www.si-hr.eu\/si2\/wp-content\/uploads\/sites\/14\/2017\/10\/IMG_20171026_101648-600x450.jpg 600w, http:\/\/www.si-hr.eu\/si2\/wp-content\/uploads\/sites\/14\/2017\/10\/IMG_20171026_101648-1500x1125.jpg 1500w, http:\/\/www.si-hr.eu\/si2\/wp-content\/uploads\/sites\/14\/2017\/10\/IMG_20171026_101648-705x529.jpg 705w, http:\/\/www.si-hr.eu\/si2\/wp-content\/uploads\/sites\/14\/2017\/10\/IMG_20171026_101648-450x338.jpg 450w\" data-sizes=\"(max-width: 1030px) 100vw, 1030px\" data-rel='gallery-1' data-prev-img='http:\/\/www.si-hr.eu\/si2\/wp-content\/uploads\/sites\/14\/2017\/10\/IMG_20171026_101648-495x400.jpg' class='lightbox ' data-onclick='2' title='delavnica za poro\u010danje '  itemprop=\"thumbnailUrl\"  ><img decoding=\"async\" class=\"wp-image-2872 avia-img-lazy-loading-not-2872\"  data-avia-tooltip='delavnica za poro\u010danje ' src=\"http:\/\/www.si-hr.eu\/si2\/wp-content\/uploads\/sites\/14\/2017\/10\/IMG_20171026_101648-495x400.jpg\" width=\"495\" height=\"400\"  title='oznor' alt='' srcset=\"http:\/\/www.si-hr.eu\/si2\/wp-content\/uploads\/sites\/14\/2017\/10\/IMG_20171026_101648-495x400.jpg 495w, http:\/\/www.si-hr.eu\/si2\/wp-content\/uploads\/sites\/14\/2017\/10\/IMG_20171026_101648-845x684.jpg 845w\" sizes=\"(max-width: 495px) 100vw, 495px\" \/><\/a> <a href=\"http:\/\/www.si-hr.eu\/si2\/wp-content\/uploads\/sites\/14\/2017\/10\/IMG_20171026_102419-1030x773.jpg\" data-srcset=\"http:\/\/www.si-hr.eu\/si2\/wp-content\/uploads\/sites\/14\/2017\/10\/IMG_20171026_102419-1030x773.jpg 1030w, http:\/\/www.si-hr.eu\/si2\/wp-content\/uploads\/sites\/14\/2017\/10\/IMG_20171026_102419-300x225.jpg 300w, http:\/\/www.si-hr.eu\/si2\/wp-content\/uploads\/sites\/14\/2017\/10\/IMG_20171026_102419-768x576.jpg 768w, http:\/\/www.si-hr.eu\/si2\/wp-content\/uploads\/sites\/14\/2017\/10\/IMG_20171026_102419-600x450.jpg 600w, http:\/\/www.si-hr.eu\/si2\/wp-content\/uploads\/sites\/14\/2017\/10\/IMG_20171026_102419-1500x1125.jpg 1500w, http:\/\/www.si-hr.eu\/si2\/wp-content\/uploads\/sites\/14\/2017\/10\/IMG_20171026_102419-705x529.jpg 705w, http:\/\/www.si-hr.eu\/si2\/wp-content\/uploads\/sites\/14\/2017\/10\/IMG_20171026_102419-450x338.jpg 450w\" data-sizes=\"(max-width: 1030px) 100vw, 1030px\" data-rel='gallery-1' data-prev-img='http:\/\/www.si-hr.eu\/si2\/wp-content\/uploads\/sites\/14\/2017\/10\/IMG_20171026_102419-495x400.jpg' class='lightbox ' data-onclick='3' title='delavnica za poro\u010danje '  itemprop=\"thumbnailUrl\"  ><img decoding=\"async\" class=\"wp-image-2873 avia-img-lazy-loading-not-2873\"  data-avia-tooltip='delavnica za poro\u010danje ' src=\"http:\/\/www.si-hr.eu\/si2\/wp-content\/uploads\/sites\/14\/2017\/10\/IMG_20171026_102419-495x400.jpg\" width=\"495\" height=\"400\"  title='sdr' alt='' srcset=\"http:\/\/www.si-hr.eu\/si2\/wp-content\/uploads\/sites\/14\/2017\/10\/IMG_20171026_102419-495x400.jpg 495w, http:\/\/www.si-hr.eu\/si2\/wp-content\/uploads\/sites\/14\/2017\/10\/IMG_20171026_102419-845x684.jpg 845w\" sizes=\"(max-width: 495px) 100vw, 495px\" \/><\/a> <a href=\"http:\/\/www.si-hr.eu\/si2\/wp-content\/uploads\/sites\/14\/2017\/10\/IMG_20171026_102628-1030x773.jpg\" data-srcset=\"http:\/\/www.si-hr.eu\/si2\/wp-content\/uploads\/sites\/14\/2017\/10\/IMG_20171026_102628-1030x773.jpg 1030w, http:\/\/www.si-hr.eu\/si2\/wp-content\/uploads\/sites\/14\/2017\/10\/IMG_20171026_102628-300x225.jpg 300w, http:\/\/www.si-hr.eu\/si2\/wp-content\/uploads\/sites\/14\/2017\/10\/IMG_20171026_102628-768x576.jpg 768w, http:\/\/www.si-hr.eu\/si2\/wp-content\/uploads\/sites\/14\/2017\/10\/IMG_20171026_102628-600x450.jpg 600w, http:\/\/www.si-hr.eu\/si2\/wp-content\/uploads\/sites\/14\/2017\/10\/IMG_20171026_102628-1500x1125.jpg 1500w, http:\/\/www.si-hr.eu\/si2\/wp-content\/uploads\/sites\/14\/2017\/10\/IMG_20171026_102628-705x529.jpg 705w, http:\/\/www.si-hr.eu\/si2\/wp-content\/uploads\/sites\/14\/2017\/10\/IMG_20171026_102628-450x338.jpg 450w\" data-sizes=\"(max-width: 1030px) 100vw, 1030px\" data-rel='gallery-1' data-prev-img='http:\/\/www.si-hr.eu\/si2\/wp-content\/uploads\/sites\/14\/2017\/10\/IMG_20171026_102628-495x400.jpg' class='lightbox ' data-onclick='4' title='delavnica za poro\u010danje '  itemprop=\"thumbnailUrl\"  ><img decoding=\"async\" class=\"wp-image-2874 avia-img-lazy-loading-not-2874\"  data-avia-tooltip='delavnica za poro\u010danje ' src=\"http:\/\/www.si-hr.eu\/si2\/wp-content\/uploads\/sites\/14\/2017\/10\/IMG_20171026_102628-495x400.jpg\" width=\"495\" height=\"400\"  title='sdr' alt='' srcset=\"http:\/\/www.si-hr.eu\/si2\/wp-content\/uploads\/sites\/14\/2017\/10\/IMG_20171026_102628-495x400.jpg 495w, http:\/\/www.si-hr.eu\/si2\/wp-content\/uploads\/sites\/14\/2017\/10\/IMG_20171026_102628-845x684.jpg 845w\" sizes=\"(max-width: 495px) 100vw, 495px\" \/><\/a> <a href=\"http:\/\/www.si-hr.eu\/si2\/wp-content\/uploads\/sites\/14\/2017\/10\/IMG_20171026_103709-1030x572.jpg\" data-srcset=\"http:\/\/www.si-hr.eu\/si2\/wp-content\/uploads\/sites\/14\/2017\/10\/IMG_20171026_103709-1030x572.jpg 1030w, http:\/\/www.si-hr.eu\/si2\/wp-content\/uploads\/sites\/14\/2017\/10\/IMG_20171026_103709-300x167.jpg 300w, http:\/\/www.si-hr.eu\/si2\/wp-content\/uploads\/sites\/14\/2017\/10\/IMG_20171026_103709-768x427.jpg 768w, http:\/\/www.si-hr.eu\/si2\/wp-content\/uploads\/sites\/14\/2017\/10\/IMG_20171026_103709-600x333.jpg 600w, http:\/\/www.si-hr.eu\/si2\/wp-content\/uploads\/sites\/14\/2017\/10\/IMG_20171026_103709-1500x833.jpg 1500w, http:\/\/www.si-hr.eu\/si2\/wp-content\/uploads\/sites\/14\/2017\/10\/IMG_20171026_103709-705x392.jpg 705w, http:\/\/www.si-hr.eu\/si2\/wp-content\/uploads\/sites\/14\/2017\/10\/IMG_20171026_103709-450x250.jpg 450w\" data-sizes=\"(max-width: 1030px) 100vw, 1030px\" data-rel='gallery-1' data-prev-img='http:\/\/www.si-hr.eu\/si2\/wp-content\/uploads\/sites\/14\/2017\/10\/IMG_20171026_103709-495x400.jpg' class='lightbox ' data-onclick='5' title='delavnica za poro\u010danje '  itemprop=\"thumbnailUrl\"  ><img decoding=\"async\" class=\"wp-image-2875 avia-img-lazy-loading-not-2875\"  data-avia-tooltip='delavnica za poro\u010danje ' src=\"http:\/\/www.si-hr.eu\/si2\/wp-content\/uploads\/sites\/14\/2017\/10\/IMG_20171026_103709-495x400.jpg\" width=\"495\" height=\"400\"  title='oznor' alt='' srcset=\"http:\/\/www.si-hr.eu\/si2\/wp-content\/uploads\/sites\/14\/2017\/10\/IMG_20171026_103709-495x400.jpg 495w, http:\/\/www.si-hr.eu\/si2\/wp-content\/uploads\/sites\/14\/2017\/10\/IMG_20171026_103709-845x684.jpg 845w\" sizes=\"(max-width: 495px) 100vw, 495px\" \/><\/a> <a href=\"http:\/\/www.si-hr.eu\/si2\/wp-content\/uploads\/sites\/14\/2017\/10\/IMG_20171026_105423-1030x773.jpg\" data-srcset=\"http:\/\/www.si-hr.eu\/si2\/wp-content\/uploads\/sites\/14\/2017\/10\/IMG_20171026_105423-1030x773.jpg 1030w, http:\/\/www.si-hr.eu\/si2\/wp-content\/uploads\/sites\/14\/2017\/10\/IMG_20171026_105423-300x225.jpg 300w, http:\/\/www.si-hr.eu\/si2\/wp-content\/uploads\/sites\/14\/2017\/10\/IMG_20171026_105423-768x576.jpg 768w, http:\/\/www.si-hr.eu\/si2\/wp-content\/uploads\/sites\/14\/2017\/10\/IMG_20171026_105423-600x450.jpg 600w, http:\/\/www.si-hr.eu\/si2\/wp-content\/uploads\/sites\/14\/2017\/10\/IMG_20171026_105423-1500x1125.jpg 1500w, http:\/\/www.si-hr.eu\/si2\/wp-content\/uploads\/sites\/14\/2017\/10\/IMG_20171026_105423-705x529.jpg 705w, http:\/\/www.si-hr.eu\/si2\/wp-content\/uploads\/sites\/14\/2017\/10\/IMG_20171026_105423-450x338.jpg 450w\" data-sizes=\"(max-width: 1030px) 100vw, 1030px\" data-rel='gallery-1' data-prev-img='http:\/\/www.si-hr.eu\/si2\/wp-content\/uploads\/sites\/14\/2017\/10\/IMG_20171026_105423-495x400.jpg' class='first_thumb lightbox ' data-onclick='6' title='delavnica za poro\u010danje '  itemprop=\"thumbnailUrl\"  ><img decoding=\"async\" class=\"wp-image-2876 avia-img-lazy-loading-not-2876\"  data-avia-tooltip='delavnica za poro\u010danje ' src=\"http:\/\/www.si-hr.eu\/si2\/wp-content\/uploads\/sites\/14\/2017\/10\/IMG_20171026_105423-495x400.jpg\" width=\"495\" height=\"400\"  title='sdr' alt='' srcset=\"http:\/\/www.si-hr.eu\/si2\/wp-content\/uploads\/sites\/14\/2017\/10\/IMG_20171026_105423-495x400.jpg 495w, http:\/\/www.si-hr.eu\/si2\/wp-content\/uploads\/sites\/14\/2017\/10\/IMG_20171026_105423-845x684.jpg 845w\" sizes=\"(max-width: 495px) 100vw, 495px\" \/><\/a> <a href=\"http:\/\/www.si-hr.eu\/si2\/wp-content\/uploads\/sites\/14\/2017\/10\/IMG_20171026_112500-1030x773.jpg\" data-srcset=\"http:\/\/www.si-hr.eu\/si2\/wp-content\/uploads\/sites\/14\/2017\/10\/IMG_20171026_112500-1030x773.jpg 1030w, http:\/\/www.si-hr.eu\/si2\/wp-content\/uploads\/sites\/14\/2017\/10\/IMG_20171026_112500-300x225.jpg 300w, http:\/\/www.si-hr.eu\/si2\/wp-content\/uploads\/sites\/14\/2017\/10\/IMG_20171026_112500-768x576.jpg 768w, http:\/\/www.si-hr.eu\/si2\/wp-content\/uploads\/sites\/14\/2017\/10\/IMG_20171026_112500-600x450.jpg 600w, http:\/\/www.si-hr.eu\/si2\/wp-content\/uploads\/sites\/14\/2017\/10\/IMG_20171026_112500-1500x1125.jpg 1500w, http:\/\/www.si-hr.eu\/si2\/wp-content\/uploads\/sites\/14\/2017\/10\/IMG_20171026_112500-705x529.jpg 705w, http:\/\/www.si-hr.eu\/si2\/wp-content\/uploads\/sites\/14\/2017\/10\/IMG_20171026_112500-450x338.jpg 450w\" data-sizes=\"(max-width: 1030px) 100vw, 1030px\" data-rel='gallery-1' data-prev-img='http:\/\/www.si-hr.eu\/si2\/wp-content\/uploads\/sites\/14\/2017\/10\/IMG_20171026_112500-495x400.jpg' class='lightbox ' data-onclick='7' title='delavnica za poro\u010danje '  itemprop=\"thumbnailUrl\"  ><img decoding=\"async\" class=\"wp-image-2877 avia-img-lazy-loading-not-2877\"  data-avia-tooltip='delavnica za poro\u010danje ' src=\"http:\/\/www.si-hr.eu\/si2\/wp-content\/uploads\/sites\/14\/2017\/10\/IMG_20171026_112500-495x400.jpg\" width=\"495\" height=\"400\"  title='sdr' alt='' srcset=\"http:\/\/www.si-hr.eu\/si2\/wp-content\/uploads\/sites\/14\/2017\/10\/IMG_20171026_112500-495x400.jpg 495w, http:\/\/www.si-hr.eu\/si2\/wp-content\/uploads\/sites\/14\/2017\/10\/IMG_20171026_112500-845x684.jpg 845w\" sizes=\"(max-width: 495px) 100vw, 495px\" \/><\/a> <a href=\"http:\/\/www.si-hr.eu\/si2\/wp-content\/uploads\/sites\/14\/2017\/10\/IMG_20171026_131817-1030x647.jpg\" data-srcset=\"http:\/\/www.si-hr.eu\/si2\/wp-content\/uploads\/sites\/14\/2017\/10\/IMG_20171026_131817-1030x647.jpg 1030w, http:\/\/www.si-hr.eu\/si2\/wp-content\/uploads\/sites\/14\/2017\/10\/IMG_20171026_131817-300x188.jpg 300w, http:\/\/www.si-hr.eu\/si2\/wp-content\/uploads\/sites\/14\/2017\/10\/IMG_20171026_131817-768x482.jpg 768w, http:\/\/www.si-hr.eu\/si2\/wp-content\/uploads\/sites\/14\/2017\/10\/IMG_20171026_131817-600x377.jpg 600w, http:\/\/www.si-hr.eu\/si2\/wp-content\/uploads\/sites\/14\/2017\/10\/IMG_20171026_131817-1500x942.jpg 1500w, http:\/\/www.si-hr.eu\/si2\/wp-content\/uploads\/sites\/14\/2017\/10\/IMG_20171026_131817-705x443.jpg 705w, http:\/\/www.si-hr.eu\/si2\/wp-content\/uploads\/sites\/14\/2017\/10\/IMG_20171026_131817-450x283.jpg 450w\" data-sizes=\"(max-width: 1030px) 100vw, 1030px\" data-rel='gallery-1' data-prev-img='http:\/\/www.si-hr.eu\/si2\/wp-content\/uploads\/sites\/14\/2017\/10\/IMG_20171026_131817-495x400.jpg' class='lightbox ' data-onclick='8' title='delavnica za poro\u010danje '  itemprop=\"thumbnailUrl\"  ><img decoding=\"async\" class=\"wp-image-2878 avia-img-lazy-loading-not-2878\"  data-avia-tooltip='delavnica za poro\u010danje ' src=\"http:\/\/www.si-hr.eu\/si2\/wp-content\/uploads\/sites\/14\/2017\/10\/IMG_20171026_131817-495x400.jpg\" width=\"495\" height=\"400\"  title='cof' alt='' srcset=\"http:\/\/www.si-hr.eu\/si2\/wp-content\/uploads\/sites\/14\/2017\/10\/IMG_20171026_131817-495x400.jpg 495w, http:\/\/www.si-hr.eu\/si2\/wp-content\/uploads\/sites\/14\/2017\/10\/IMG_20171026_131817-845x684.jpg 845w\" sizes=\"(max-width: 495px) 100vw, 495px\" \/><\/a> <a href=\"http:\/\/www.si-hr.eu\/si2\/wp-content\/uploads\/sites\/14\/2017\/10\/IMG_20171026_142234-1030x678.jpg\" data-srcset=\"http:\/\/www.si-hr.eu\/si2\/wp-content\/uploads\/sites\/14\/2017\/10\/IMG_20171026_142234-1030x678.jpg 1030w, http:\/\/www.si-hr.eu\/si2\/wp-content\/uploads\/sites\/14\/2017\/10\/IMG_20171026_142234-300x197.jpg 300w, http:\/\/www.si-hr.eu\/si2\/wp-content\/uploads\/sites\/14\/2017\/10\/IMG_20171026_142234-768x505.jpg 768w, http:\/\/www.si-hr.eu\/si2\/wp-content\/uploads\/sites\/14\/2017\/10\/IMG_20171026_142234-600x395.jpg 600w, http:\/\/www.si-hr.eu\/si2\/wp-content\/uploads\/sites\/14\/2017\/10\/IMG_20171026_142234-1500x987.jpg 1500w, http:\/\/www.si-hr.eu\/si2\/wp-content\/uploads\/sites\/14\/2017\/10\/IMG_20171026_142234-705x464.jpg 705w, http:\/\/www.si-hr.eu\/si2\/wp-content\/uploads\/sites\/14\/2017\/10\/IMG_20171026_142234-450x296.jpg 450w\" data-sizes=\"(max-width: 1030px) 100vw, 1030px\" data-rel='gallery-1' data-prev-img='http:\/\/www.si-hr.eu\/si2\/wp-content\/uploads\/sites\/14\/2017\/10\/IMG_20171026_142234-495x400.jpg' class='lightbox ' data-onclick='9' title='delavnica za poro\u010danje '  itemprop=\"thumbnailUrl\"  ><img decoding=\"async\" class=\"wp-image-2879 avia-img-lazy-loading-not-2879\"  data-avia-tooltip='delavnica za poro\u010danje ' src=\"http:\/\/www.si-hr.eu\/si2\/wp-content\/uploads\/sites\/14\/2017\/10\/IMG_20171026_142234-495x400.jpg\" width=\"495\" height=\"400\"  title='sdr' alt='' srcset=\"http:\/\/www.si-hr.eu\/si2\/wp-content\/uploads\/sites\/14\/2017\/10\/IMG_20171026_142234-495x400.jpg 495w, http:\/\/www.si-hr.eu\/si2\/wp-content\/uploads\/sites\/14\/2017\/10\/IMG_20171026_142234-845x684.jpg 845w\" sizes=\"(max-width: 495px) 100vw, 495px\" \/><\/a><\/div><\/div><\/div>\n","protected":false},"excerpt":{"rendered":"","protected":false},"author":1,"featured_media":0,"parent":0,"menu_order":0,"comment_status":"closed","ping_status":"closed","template":"","meta":{"ngg_post_thumbnail":0},"acf":[],"_links":{"self":[{"href":"http:\/\/www.si-hr.eu\/si2\/wp-json\/wp\/v2\/pages\/2868"}],"collection":[{"href":"http:\/\/www.si-hr.eu\/si2\/wp-json\/wp\/v2\/pages"}],"about":[{"href":"http:\/\/www.si-hr.eu\/si2\/wp-json\/wp\/v2\/types\/page"}],"author":[{"embeddable":true,"href":"http:\/\/www.si-hr.eu\/si2\/wp-json\/wp\/v2\/users\/1"}],"replies":[{"embeddable":true,"href":"http:\/\/www.si-hr.eu\/si2\/wp-json\/wp\/v2\/comments?post=2868"}],"version-history":[{"count":7,"href":"http:\/\/www.si-hr.eu\/si2\/wp-json\/wp\/v2\/pages\/2868\/revisions"}],"predecessor-version":[{"id":4151,"href":"http:\/\/www.si-hr.eu\/si2\/wp-json\/wp\/v2\/pages\/2868\/revisions\/4151"}],"wp:attachment":[{"href":"http:\/\/www.si-hr.eu\/si2\/wp-json\/wp\/v2\/media?parent=2868"}],"curies":[{"name":"wp","href":"https:\/\/api.w.org\/{rel}","templated":true}]}}