{"id":3481,"date":"2018-10-09T08:08:46","date_gmt":"2018-10-09T07:08:46","guid":{"rendered":"http:\/\/www.si-hr.eu\/si2\/?page_id=3481"},"modified":"2018-10-09T08:08:46","modified_gmt":"2018-10-09T07:08:46","slug":"prehistory-adventure","status":"publish","type":"page","link":"http:\/\/www.si-hr.eu\/si2\/map-2\/prehistory-adventure\/","title":{"rendered":"Prehistory Adventure"},"content":{"rendered":"\n<style type=\"text\/css\" data-created_by=\"avia_inline_auto\" id=\"style-css-av-av_one_full-352b07ef7d3bc99b2e9f92e7a9e06bdb\">\n.flex_column.av-av_one_full-352b07ef7d3bc99b2e9f92e7a9e06bdb{\nborder-radius:0px 0px 0px 0px;\n-webkit-border-radius:0px 0px 0px 0px;\n-moz-border-radius:0px 0px 0px 0px;\n}\n<\/style>\n<div class='flex_column av-av_one_full-352b07ef7d3bc99b2e9f92e7a9e06bdb av_one_full  avia-builder-el-0  avia-builder-el-no-sibling  first flex_column_div av-zero-column-padding '   ><section  class='av_textblock_section av-av_textblock-2de302bf1aa3cf4c9157dbe6f50ac7eb'  itemscope=\"itemscope\" itemtype=\"https:\/\/schema.org\/CreativeWork\" ><div class='avia_textblock'  itemprop=\"text\" ><p><strong>\u00a0<\/strong><\/p>\n<p><strong>Akronim projekta:\u00a0<span class=\"logo-project-title\">Prehistory Adventure <\/span> (612.246,44 EUR ESRR)<\/strong><\/p>\n<p><strong>Vodilni partner:<\/strong> Op\u0107ina Donja Vo\u0107a<\/p>\n<p><strong>Projektni partnerji:<\/strong> Ob\u010dina Zre\u010de, Muzej Turopolja, Ob\u010dina Radenci, Arheolo\u0161ki muzej u Zagrebu, Univerza v Ljubljani (Filozofska fakulteta)<\/p>\n<p>Prazgodovinska dedi\u0161\u010dina na programskem obmo\u010dju ni celovito predstavljena v obliki privla\u010dne vsebine in ni upravljana trajnostno. Arheologi opozarjajo na 2 prisotni vrzeli: pomanjkanje inovativnih pristopov pri turisti\u010dni interpretaciji arheolo\u0161ke dedi\u0161\u010dine v naravi ter zapostavljenost posami\u010dnih najdb. Obstajajo klasi\u010dne vitrinske razstave, informacijsko \u0161ibki arheolo\u0161ki parki in slabo promovirane poti. Posami\u010dne najdbe niso interpretirane v smislu turisti\u010dnih vsebin. Na ta izziv odgovarja SPLO\u0160NI CILJ projekta, ki je hkrati skupni izziv \u2013 kako na pou\u010den in raziskovalen na\u010din povezati potek prazgodovine od starej\u0161e kamene dobe do \u017eelezne dobe, ovrednotiti in izpostaviti pomembnost posami\u010dnih najdb ter izkustveno pokazati kako je pra\u010dlovek v razli\u010dnih obdobjih \u017eivel, se obla\u010dil, jedel, delal in kak\u0161ne so bile njegove navade.<\/p>\n<p>Pri\u010dakovana SPREMEMBA bodo nove zanimive vsebine brez \u0161kodljivih vplivov na zavarovano jedro dedi\u0161\u010dine. Projekt bo povezal in aktiviral prazgodovinski potencial s pomo\u010djo moderne IKT tehnologije na podro\u010dju raz\u0161irjene stvarnosti (Augmented Reality) v 5 razli\u010dnih regijah programskega obmo\u010dja in ciljnim skupinam ponudil nepozaben vpogled v najbolj oddaljeno obdobje \u010dlove\u0161ke zgodovine.<\/p>\n<p>KORISTI bodo imeli sektor turisti\u010dnega gospodarstva in lokalno prebivalstvo (ekonomska aktivacija), turisti in druga zainteresirana javnost (vse\u017eivljenjsko u\u010denje in pridobivanje novih kompetenc).Kompleksnost podro\u010dja in raznolikost arheolo\u0161kih prazgodovinskih odkritij zahteva NUJNO \u010cEZMEJNO SODELOVANJE strokovnjakov, ki bodo sinergijsko ustvarili nove metodolo\u0161ke pristope, zagotovili celostno interpretacijo prazgodovinskih dejstev ter dogajanje potisnili na vstopne to\u010dke zavarovane dedi\u0161\u010dine preko razli\u010dnih INOVATIVNIH elementov do\u017eivljanja (1 aplikacija raz\u0161irjene stvarnosti, 1 info virtualni kiosk, 1 prazgodovinski u\u010dni poligon, 5 interaktivnih pametnih info tabel, 86 organiziranih dogodkov in delavnic itd.).<\/p>\n<\/div><\/section><\/div>\n","protected":false},"excerpt":{"rendered":"","protected":false},"author":1,"featured_media":0,"parent":1483,"menu_order":0,"comment_status":"closed","ping_status":"closed","template":"","meta":{"ngg_post_thumbnail":0},"acf":[],"_links":{"self":[{"href":"http:\/\/www.si-hr.eu\/si2\/wp-json\/wp\/v2\/pages\/3481"}],"collection":[{"href":"http:\/\/www.si-hr.eu\/si2\/wp-json\/wp\/v2\/pages"}],"about":[{"href":"http:\/\/www.si-hr.eu\/si2\/wp-json\/wp\/v2\/types\/page"}],"author":[{"embeddable":true,"href":"http:\/\/www.si-hr.eu\/si2\/wp-json\/wp\/v2\/users\/1"}],"replies":[{"embeddable":true,"href":"http:\/\/www.si-hr.eu\/si2\/wp-json\/wp\/v2\/comments?post=3481"}],"version-history":[{"count":3,"href":"http:\/\/www.si-hr.eu\/si2\/wp-json\/wp\/v2\/pages\/3481\/revisions"}],"predecessor-version":[{"id":3484,"href":"http:\/\/www.si-hr.eu\/si2\/wp-json\/wp\/v2\/pages\/3481\/revisions\/3484"}],"up":[{"embeddable":true,"href":"http:\/\/www.si-hr.eu\/si2\/wp-json\/wp\/v2\/pages\/1483"}],"wp:attachment":[{"href":"http:\/\/www.si-hr.eu\/si2\/wp-json\/wp\/v2\/media?parent=3481"}],"curies":[{"name":"wp","href":"https:\/\/api.w.org\/{rel}","templated":true}]}}