{"id":36,"date":"2015-10-02T21:29:47","date_gmt":"2015-10-02T20:29:47","guid":{"rendered":"http:\/\/84.39.218.252\/si2\/?page_id=36"},"modified":"2016-08-03T13:11:46","modified_gmt":"2016-08-03T12:11:46","slug":"zakonodaja-eu","status":"publish","type":"page","link":"http:\/\/www.si-hr.eu\/si2\/program\/zakonodaja-eu\/","title":{"rendered":"Zakonodaja EU"},"content":{"rendered":"<div id='layer_slider_1'  class='avia-layerslider main_color avia-shadow  avia-builder-el-0  el_before_av_one_full  avia-builder-el-first  container_wrap sidebar_right'  style='height: 251px;'  ><\/div><div id='after_layer_slider_1'  class='main_color av_default_container_wrap container_wrap sidebar_right'  ><div class='container av-section-cont-open' ><div class='template-page content  av-content-small alpha units'><div class='post-entry post-entry-type-page post-entry-36'><div class='entry-content-wrapper clearfix'>\n\n<style type=\"text\/css\" data-created_by=\"avia_inline_auto\" id=\"style-css-av-av_one_full-352b07ef7d3bc99b2e9f92e7a9e06bdb\">\n.flex_column.av-av_one_full-352b07ef7d3bc99b2e9f92e7a9e06bdb{\nborder-radius:0px 0px 0px 0px;\n-webkit-border-radius:0px 0px 0px 0px;\n-moz-border-radius:0px 0px 0px 0px;\n}\n<\/style>\n<div class='flex_column av-av_one_full-352b07ef7d3bc99b2e9f92e7a9e06bdb av_one_full  avia-builder-el-1  el_after_av_layerslider  el_before_av_one_third  avia-builder-el-first  first flex_column_div av-zero-column-padding '   ><style type=\"text\/css\" data-created_by=\"avia_inline_auto\" id=\"style-css-av-av_heading-40155a3967d33767ec77a8da08b37fff\">\n#top .av-special-heading.av-av_heading-40155a3967d33767ec77a8da08b37fff{\npadding-bottom:5px;\n}\nbody .av-special-heading.av-av_heading-40155a3967d33767ec77a8da08b37fff .av-special-heading-tag .heading-char{\nfont-size:25px;\n}\n.av-special-heading.av-av_heading-40155a3967d33767ec77a8da08b37fff .av-subheading{\nfont-size:15px;\n}\n<\/style>\n<div  class='av-special-heading av-av_heading-40155a3967d33767ec77a8da08b37fff av-special-heading-h3  avia-builder-el-2  avia-builder-el-no-sibling '><h3 class='av-special-heading-tag'  itemprop=\"headline\"  >ZAKONODAJA<\/h3><div class=\"special-heading-border\"><div class=\"special-heading-inner-border\"><\/div><\/div><\/div><\/div>\n<style type=\"text\/css\" data-created_by=\"avia_inline_auto\" id=\"style-css-av-av_one_third-352b07ef7d3bc99b2e9f92e7a9e06bdb\">\n.flex_column.av-av_one_third-352b07ef7d3bc99b2e9f92e7a9e06bdb{\nborder-radius:0px 0px 0px 0px;\n-webkit-border-radius:0px 0px 0px 0px;\n-moz-border-radius:0px 0px 0px 0px;\n}\n<\/style>\n<div class='flex_column av-av_one_third-352b07ef7d3bc99b2e9f92e7a9e06bdb av_one_third  avia-builder-el-3  el_after_av_one_full  el_before_av_one_third  first flex_column_div av-zero-column-padding column-top-margin'   ><section  class='av_textblock_section av-av_textblock-0366cc7376be6c9e82a3e9cc8987b64f'  itemscope=\"itemscope\" itemtype=\"https:\/\/schema.org\/CreativeWork\" ><div class='avia_textblock'  itemprop=\"text\" ><p><strong>UREDBA\u00a0<\/strong><strong>O IZVAJANJU POSTOPKOV PRI PORABI SREDSTEV EVROPSKEGA TERITORIALNEGA SODELOVANJA\u00a0<\/strong><strong>v Republiki Sloveniji v programskem obdobju 2014\u20132020<\/strong><\/p>\n<div class=\"wpfilebase-file-default\" onclick=\"if('undefined' == typeof event.target.href) document.getElementById('wpfb-file-link-1').click();\">\r\n  <div class=\"icon\"><a href=\"http:\/\/www.si-hr.eu\/si2\/download\/ets-uredba.pdf\" target=\"_blank\" title=\"Download ETS Uredba\"><img align=\"middle\" src=\"http:\/\/www.si-hr.eu\/si2\/?wpfilebase_thumbnail=1&amp;fid=39&amp;name=thumb_ets-uredba-85x120.jpg\" alt=\"ETS Uredba\" \/><\/a><\/div>\r\n  <div class=\"filetitle\">\r\n    <a href=\"http:\/\/www.si-hr.eu\/si2\/download\/ets-uredba.pdf\" title=\"Download ETS Uredba\" target=\"_blank\" id=\"wpfb-file-link-1\">ETS Uredba<\/a>\r\n    \r\n    <br \/>\r\n    ets-uredba.pdf<br \/>\r\n    \r\n  <\/div>\r\n  <div class=\"info\">\r\n    106.4 KiB<br \/>\r\n    1161 Downloads<br \/>\r\n    <a href=\"#\" onclick=\"return wpfilebase_filedetails(1);\">Podrobnosti<\/a>\r\n  <\/div>\r\n  <div class=\"details\" id=\"wpfilebase-filedetails1\" style=\"display: none;\">\r\n  \r\n  <table border=\"0\">\r\n   \r\n   \r\n   \r\n   \r\n   \r\n   \r\n   <tr><td><strong>Datum:<\/strong><\/td><td>3. 8. 2016<\/td><\/tr>\r\n  <\/table>\r\n  <\/div>\r\n <div style=\"clear: both;\"><\/div>\r\n<\/div>\n<\/div><\/section><\/div>\n<style type=\"text\/css\" data-created_by=\"avia_inline_auto\" id=\"style-css-av-av_one_third-2a64de42b738552fe666ca889af77e28\">\n.flex_column.av-av_one_third-2a64de42b738552fe666ca889af77e28{\nborder-radius:0px 0px 0px 0px;\n-webkit-border-radius:0px 0px 0px 0px;\n-moz-border-radius:0px 0px 0px 0px;\n}\n<\/style>\n<div class='flex_column av-av_one_third-2a64de42b738552fe666ca889af77e28 av_one_third  avia-builder-el-5  el_after_av_one_third  el_before_av_one_third  flex_column_div av-zero-column-padding column-top-margin'   ><section  class='av_textblock_section av-av_textblock-0366cc7376be6c9e82a3e9cc8987b64f'  itemscope=\"itemscope\" itemtype=\"https:\/\/schema.org\/CreativeWork\" ><div class='avia_textblock'  itemprop=\"text\" ><p><strong>UREDBA (EU) \u0161t. 1299\/2013 EVROPSKEGA PARLAMENTA IN SVETA<\/strong> z dne 17. decembra 2013 o posebnih dolo\u010dbah za podporo cilju &#8220;evropsko teritorialno sodelovanje&#8221; iz Evropskega sklada za regionalni razvoj<\/p>\n<div class=\"wpfilebase-file-default\" onclick=\"if('undefined' == typeof event.target.href) document.getElementById('wpfb-file-link-2').click();\">\r\n  <div class=\"icon\"><a href=\"http:\/\/www.si-hr.eu\/si2\/download\/UREDBA_(EU)_st_1299_2013.pdf\" target=\"_blank\" title=\"Download UREDBA (EU) St 1299 2013\"><img align=\"middle\" src=\"http:\/\/www.si-hr.eu\/si2\/wp-includes\/images\/crystal\/document.png\" alt=\"UREDBA (EU) St 1299 2013\" \/><\/a><\/div>\r\n  <div class=\"filetitle\">\r\n    <a href=\"http:\/\/www.si-hr.eu\/si2\/download\/UREDBA_(EU)_st_1299_2013.pdf\" title=\"Download UREDBA (EU) St 1299 2013\" target=\"_blank\" id=\"wpfb-file-link-2\">UREDBA (EU) St 1299 2013<\/a>\r\n    \r\n    <br \/>\r\n    UREDBA_(EU)_st_1299_2013.pdf<br \/>\r\n    \r\n  <\/div>\r\n  <div class=\"info\">\r\n    1.2 MiB<br \/>\r\n    1092 Downloads<br \/>\r\n    <a href=\"#\" onclick=\"return wpfilebase_filedetails(2);\">Podrobnosti<\/a>\r\n  <\/div>\r\n  <div class=\"details\" id=\"wpfilebase-filedetails2\" style=\"display: none;\">\r\n  \r\n  <table border=\"0\">\r\n   \r\n   \r\n   \r\n   \r\n   \r\n   \r\n   <tr><td><strong>Datum:<\/strong><\/td><td>2. 2. 2016<\/td><\/tr>\r\n  <\/table>\r\n  <\/div>\r\n <div style=\"clear: both;\"><\/div>\r\n<\/div>\n<\/div><\/section><\/div><\/p>\n\n<style type=\"text\/css\" data-created_by=\"avia_inline_auto\" id=\"style-css-av-av_one_third-2a64de42b738552fe666ca889af77e28\">\n.flex_column.av-av_one_third-2a64de42b738552fe666ca889af77e28{\nborder-radius:0px 0px 0px 0px;\n-webkit-border-radius:0px 0px 0px 0px;\n-moz-border-radius:0px 0px 0px 0px;\n}\n<\/style>\n<div class='flex_column av-av_one_third-2a64de42b738552fe666ca889af77e28 av_one_third  avia-builder-el-7  el_after_av_one_third  el_before_av_one_third  flex_column_div av-zero-column-padding column-top-margin'   ><section  class='av_textblock_section av-av_textblock-0366cc7376be6c9e82a3e9cc8987b64f'  itemscope=\"itemscope\" itemtype=\"https:\/\/schema.org\/CreativeWork\" ><div class='avia_textblock'  itemprop=\"text\" ><p><strong>UREDBA (EU) \u0161t. 1301\/2013 EVROPSKEGA PARLAMENTA IN SVETA<\/strong> z dne 17. decembra 2013 o Evropskem skladu za regionalni razvoj in o posebnih dolo\u010dbah glede cilja &#8220;nalo\u017ebe za rast in delovna mesta&#8221; ter o razveljavitvi Uredbe (ES) \u0161t. 1080\/2006<\/p>\n<div class=\"wpfilebase-file-default\" onclick=\"if('undefined' == typeof event.target.href) document.getElementById('wpfb-file-link-3').click();\">\r\n  <div class=\"icon\"><a href=\"http:\/\/www.si-hr.eu\/si2\/download\/UREDBA_(EU)_st_1301_2013.pdf\" target=\"_blank\" title=\"Download UREDBA (EU) St 1301 2013\"><img align=\"middle\" src=\"http:\/\/www.si-hr.eu\/si2\/wp-includes\/images\/crystal\/document.png\" alt=\"UREDBA (EU) St 1301 2013\" \/><\/a><\/div>\r\n  <div class=\"filetitle\">\r\n    <a href=\"http:\/\/www.si-hr.eu\/si2\/download\/UREDBA_(EU)_st_1301_2013.pdf\" title=\"Download UREDBA (EU) St 1301 2013\" target=\"_blank\" id=\"wpfb-file-link-3\">UREDBA (EU) St 1301 2013<\/a>\r\n    \r\n    <br \/>\r\n    UREDBA_(EU)_st_1301_2013.pdf<br \/>\r\n    \r\n  <\/div>\r\n  <div class=\"info\">\r\n    1.2 MiB<br \/>\r\n    1156 Downloads<br \/>\r\n    <a href=\"#\" onclick=\"return wpfilebase_filedetails(3);\">Podrobnosti<\/a>\r\n  <\/div>\r\n  <div class=\"details\" id=\"wpfilebase-filedetails3\" style=\"display: none;\">\r\n  \r\n  <table border=\"0\">\r\n   \r\n   \r\n   \r\n   \r\n   \r\n   \r\n   <tr><td><strong>Datum:<\/strong><\/td><td>2. 2. 2016<\/td><\/tr>\r\n  <\/table>\r\n  <\/div>\r\n <div style=\"clear: both;\"><\/div>\r\n<\/div>\n<\/div><\/section><\/div>\n\n<style type=\"text\/css\" data-created_by=\"avia_inline_auto\" id=\"style-css-av-av_one_third-352b07ef7d3bc99b2e9f92e7a9e06bdb\">\n.flex_column.av-av_one_third-352b07ef7d3bc99b2e9f92e7a9e06bdb{\nborder-radius:0px 0px 0px 0px;\n-webkit-border-radius:0px 0px 0px 0px;\n-moz-border-radius:0px 0px 0px 0px;\n}\n<\/style>\n<div class='flex_column av-av_one_third-352b07ef7d3bc99b2e9f92e7a9e06bdb av_one_third  avia-builder-el-9  el_after_av_one_third  avia-builder-el-last  first flex_column_div av-zero-column-padding column-top-margin'   ><section  class='av_textblock_section av-av_textblock-0366cc7376be6c9e82a3e9cc8987b64f'  itemscope=\"itemscope\" itemtype=\"https:\/\/schema.org\/CreativeWork\" ><div class='avia_textblock'  itemprop=\"text\" ><p><strong>UREDBA (EU) \u0161t. 1303\/2013 EVROPSKEGA PARLAMENTA IN SVETA<\/strong> z dne 17. decembra 2013 o skupnih dolo\u010dbah o Evropskem skladu za regionalni razvoj, Evropskem socialnem skladu, Kohezijskem skladu, Evropskem kmetijskem skladu za razvoj pode\u017eelja in Evropskem skladu za pomorstvo in ribi\u0161tvo, o splo\u0161nih dolo\u010dbah o Evropskem skladu za regionalni razvoj, Evropskem socialnem skladu, Kohezijskem skladu in Evropskem skladu za pomorstvo in ribi\u0161tvo ter o razveljavitvi Uredbe Sveta (ES) \u0161t. 1083\/2006<\/p>\n<div class=\"wpfilebase-file-default\" onclick=\"if('undefined' == typeof event.target.href) document.getElementById('wpfb-file-link-4').click();\">\r\n  <div class=\"icon\"><a href=\"http:\/\/www.si-hr.eu\/si2\/download\/UREDBA_(EU)_st_1303_2013.pdf\" target=\"_blank\" title=\"Download UREDBA (EU) St 1303 2013\"><img align=\"middle\" src=\"http:\/\/www.si-hr.eu\/si2\/wp-includes\/images\/crystal\/document.png\" alt=\"UREDBA (EU) St 1303 2013\" \/><\/a><\/div>\r\n  <div class=\"filetitle\">\r\n    <a href=\"http:\/\/www.si-hr.eu\/si2\/download\/UREDBA_(EU)_st_1303_2013.pdf\" title=\"Download UREDBA (EU) St 1303 2013\" target=\"_blank\" id=\"wpfb-file-link-4\">UREDBA (EU) St 1303 2013<\/a>\r\n    \r\n    <br \/>\r\n    UREDBA_(EU)_st_1303_2013.pdf<br \/>\r\n    \r\n  <\/div>\r\n  <div class=\"info\">\r\n    2.3 MiB<br \/>\r\n    1419 Downloads<br \/>\r\n    <a href=\"#\" onclick=\"return wpfilebase_filedetails(4);\">Podrobnosti<\/a>\r\n  <\/div>\r\n  <div class=\"details\" id=\"wpfilebase-filedetails4\" style=\"display: none;\">\r\n  \r\n  <table border=\"0\">\r\n   \r\n   \r\n   \r\n   \r\n   \r\n   \r\n   <tr><td><strong>Datum:<\/strong><\/td><td>2. 2. 2016<\/td><\/tr>\r\n  <\/table>\r\n  <\/div>\r\n <div style=\"clear: both;\"><\/div>\r\n<\/div>\n<\/div><\/section><\/div>\n","protected":false},"excerpt":{"rendered":"","protected":false},"author":3,"featured_media":0,"parent":187,"menu_order":0,"comment_status":"closed","ping_status":"closed","template":"","meta":{"ngg_post_thumbnail":0},"acf":[],"_links":{"self":[{"href":"http:\/\/www.si-hr.eu\/si2\/wp-json\/wp\/v2\/pages\/36"}],"collection":[{"href":"http:\/\/www.si-hr.eu\/si2\/wp-json\/wp\/v2\/pages"}],"about":[{"href":"http:\/\/www.si-hr.eu\/si2\/wp-json\/wp\/v2\/types\/page"}],"author":[{"embeddable":true,"href":"http:\/\/www.si-hr.eu\/si2\/wp-json\/wp\/v2\/users\/3"}],"replies":[{"embeddable":true,"href":"http:\/\/www.si-hr.eu\/si2\/wp-json\/wp\/v2\/comments?post=36"}],"version-history":[{"count":7,"href":"http:\/\/www.si-hr.eu\/si2\/wp-json\/wp\/v2\/pages\/36\/revisions"}],"predecessor-version":[{"id":1251,"href":"http:\/\/www.si-hr.eu\/si2\/wp-json\/wp\/v2\/pages\/36\/revisions\/1251"}],"up":[{"embeddable":true,"href":"http:\/\/www.si-hr.eu\/si2\/wp-json\/wp\/v2\/pages\/187"}],"wp:attachment":[{"href":"http:\/\/www.si-hr.eu\/si2\/wp-json\/wp\/v2\/media?parent=36"}],"curies":[{"name":"wp","href":"https:\/\/api.w.org\/{rel}","templated":true}]}}