{"id":4139,"date":"2018-11-29T15:17:39","date_gmt":"2018-11-29T14:17:39","guid":{"rendered":"http:\/\/www.si-hr.eu\/si2\/?page_id=4139"},"modified":"2018-11-29T15:22:49","modified_gmt":"2018-11-29T14:22:49","slug":"tretja-delavnica-za-porocanje-november-2018","status":"publish","type":"page","link":"http:\/\/www.si-hr.eu\/si2\/tretja-delavnica-za-porocanje-november-2018\/","title":{"rendered":"Tretja delavnica za poro\u010danje (november 2018)"},"content":{"rendered":"<div id='layer_slider_1'  class='avia-layerslider main_color avia-shadow  avia-builder-el-0  el_before_av_one_full  avia-builder-el-first  container_wrap sidebar_right'  style='height: 251px;'  ><\/div><div id='after_layer_slider_1'  class='main_color av_default_container_wrap container_wrap sidebar_right'  ><div class='container av-section-cont-open' ><div class='template-page content  av-content-small alpha units'><div class='post-entry post-entry-type-page post-entry-4139'><div class='entry-content-wrapper clearfix'>\n\n<style type=\"text\/css\" data-created_by=\"avia_inline_auto\" id=\"style-css-av-av_one_full-352b07ef7d3bc99b2e9f92e7a9e06bdb\">\n.flex_column.av-av_one_full-352b07ef7d3bc99b2e9f92e7a9e06bdb{\nborder-radius:0px 0px 0px 0px;\n-webkit-border-radius:0px 0px 0px 0px;\n-moz-border-radius:0px 0px 0px 0px;\n}\n<\/style>\n<div class='flex_column av-av_one_full-352b07ef7d3bc99b2e9f92e7a9e06bdb av_one_full  avia-builder-el-1  el_after_av_layerslider  el_before_av_one_fourth  avia-builder-el-first  first flex_column_div av-zero-column-padding '   ><section  class='av_textblock_section av-av_textblock-2de302bf1aa3cf4c9157dbe6f50ac7eb'  itemscope=\"itemscope\" itemtype=\"https:\/\/schema.org\/CreativeWork\" ><div class='avia_textblock'  itemprop=\"text\" ><h3>Tretja delavnica za poro\u010danje za vodilne in projektne partnerje odobrenih projektov<\/h3>\n<div class=\"special-heading-border\"><\/div>\n<\/div><\/section><\/div>\n\n<style type=\"text\/css\" data-created_by=\"avia_inline_auto\" id=\"style-css-av-av_one_fourth-352b07ef7d3bc99b2e9f92e7a9e06bdb\">\n.flex_column.av-av_one_fourth-352b07ef7d3bc99b2e9f92e7a9e06bdb{\nborder-radius:0px 0px 0px 0px;\n-webkit-border-radius:0px 0px 0px 0px;\n-moz-border-radius:0px 0px 0px 0px;\n}\n<\/style>\n<div class='flex_column av-av_one_fourth-352b07ef7d3bc99b2e9f92e7a9e06bdb av_one_fourth  avia-builder-el-3  el_after_av_one_full  el_before_av_one_fourth  first flex_column_div av-zero-column-padding column-top-margin'   ><section  class='av_textblock_section av-av_textblock-2de302bf1aa3cf4c9157dbe6f50ac7eb'  itemscope=\"itemscope\" itemtype=\"https:\/\/schema.org\/CreativeWork\" ><div class='avia_textblock'  itemprop=\"text\" ><h5>Prezentacije z delavnice<\/h5>\n<ul>\n<li><a href=\"http:\/\/www.si-hr.eu\/si2\/download\/SI-HR-Informiranje-in-obvescanje.pdf\">SI-HR Informiranje in obve\u0161\u010danje<\/a><\/li>\n<li><a href=\"http:\/\/www.si-hr.eu\/si2\/download\/SI-HR-Porocanje-o-napredku-projekta.pdf\">SI-HR Poro\u010danje o napredku projekta<\/a><\/li>\n<li><a href=\"http:\/\/www.si-hr.eu\/si2\/download\/Izvjestavanje-i-prihvatljivost-troskova.pdf\">Izvje\u0161tavanje i prihvatljivost tro\u0161kova<\/a><\/li>\n<li><a href=\"http:\/\/www.si-hr.eu\/si2\/download\/Nepravilnosti-i-prijevare.pdf\">Nepravilnosti i prijevare<\/a><\/li>\n<\/ul>\n<\/div><\/section><\/div>\n\n<style type=\"text\/css\" data-created_by=\"avia_inline_auto\" id=\"style-css-av-av_one_fourth-2a64de42b738552fe666ca889af77e28\">\n.flex_column.av-av_one_fourth-2a64de42b738552fe666ca889af77e28{\nborder-radius:0px 0px 0px 0px;\n-webkit-border-radius:0px 0px 0px 0px;\n-moz-border-radius:0px 0px 0px 0px;\n}\n<\/style>\n<div class='flex_column av-av_one_fourth-2a64de42b738552fe666ca889af77e28 av_one_fourth  avia-builder-el-5  el_after_av_one_fourth  el_before_av_one_half  flex_column_div av-zero-column-padding column-top-margin'   ><section  class='av_textblock_section av-av_textblock-2de302bf1aa3cf4c9157dbe6f50ac7eb'  itemscope=\"itemscope\" itemtype=\"https:\/\/schema.org\/CreativeWork\" ><div class='avia_textblock'  itemprop=\"text\" ><h5>Vabilo na delavnico<\/h5>\n<ul>\n<li><a href=\"http:\/\/www.si-hr.eu\/si2\/download\/Vabilo-pozivnica_porocanje-izvjestavanje-3.rok__2.pdf\">Vabilo na tretjo delavnico za poro\u010danje<\/a><\/li>\n<\/ul>\n<\/div><\/section><\/div>\n<style type=\"text\/css\" data-created_by=\"avia_inline_auto\" id=\"style-css-av-av_one_half-2a64de42b738552fe666ca889af77e28\">\n.flex_column.av-av_one_half-2a64de42b738552fe666ca889af77e28{\nborder-radius:0px 0px 0px 0px;\n-webkit-border-radius:0px 0px 0px 0px;\n-moz-border-radius:0px 0px 0px 0px;\n}\n<\/style>\n<div class='flex_column av-av_one_half-2a64de42b738552fe666ca889af77e28 av_one_half  avia-builder-el-7  el_after_av_one_fourth  el_before_av_one_full  flex_column_div av-zero-column-padding column-top-margin'   ><section  class='av_textblock_section av-av_textblock-2de302bf1aa3cf4c9157dbe6f50ac7eb'  itemscope=\"itemscope\" itemtype=\"https:\/\/schema.org\/CreativeWork\" ><div class='avia_textblock'  itemprop=\"text\" ><p>28. novembra 2018 je v Ljubljani potekala delavnica na temo poro\u010danja za projekte odobrene v okviru 3. roka Odprtega javnega razpisa.<\/p>\n<p>V okviru 3. roka Odprtega javnega razpisa za predlo\u017eitev projektov Programa sodelovanja Interreg V-A Slovenija-Hrva\u0161ka za obdobje 2014-2020 je bilo odobrenih 17 projektov in za vodilne ter projektne partnerje teh projektov je bila izvedena delavnica za poro\u010danje.<\/p>\n<p>Na delavnici so bila udele\u017eencem predstavljena navodila o informiranju in obve\u0161\u010danju ter navodila o poro\u010danju. Osrednji del delavnice je bil namenjen prakti\u010dni predstavitvi poro\u010danja v elektronskem sistemu spremljanja (eMS) s poudarkom na najpogostej\u0161ih napakah, ki se pojavljajo v procesu poro\u010danja. V drugem delu delavnice pa so predstavniki hrva\u0161ke prvostopenjske kontrole hrva\u0161kim upravi\u010dencem predstavili nacionalna pravila za poro\u010danje.<\/p>\n<p>Delavnice se je udele\u017eilo 190 udele\u017eencev v vlogi vodilnega ali projektnega partnerja, na delavnici pa so bili prisotni tudi programski partnerji iz obeh sodelujo\u010dih dr\u017eav.<\/p>\n<\/div><\/section><\/div><\/p>\n\n<style type=\"text\/css\" data-created_by=\"avia_inline_auto\" id=\"style-css-av-av_one_full-352b07ef7d3bc99b2e9f92e7a9e06bdb\">\n.flex_column.av-av_one_full-352b07ef7d3bc99b2e9f92e7a9e06bdb{\nborder-radius:0px 0px 0px 0px;\n-webkit-border-radius:0px 0px 0px 0px;\n-moz-border-radius:0px 0px 0px 0px;\n}\n<\/style>\n<div class='flex_column av-av_one_full-352b07ef7d3bc99b2e9f92e7a9e06bdb av_one_full  avia-builder-el-9  el_after_av_one_half  avia-builder-el-last  first flex_column_div av-zero-column-padding column-top-margin'   ><style type=\"text\/css\" data-created_by=\"avia_inline_auto\" id=\"style-css-av-av_gallery-ac4cdb45701cea7e1c6682a31c1a34e0\">\n#top .avia-gallery.av-av_gallery-ac4cdb45701cea7e1c6682a31c1a34e0 .avia-gallery-thumb a{\nwidth:20%;\n}\n<\/style>\n<div  class='avia-gallery av-av_gallery-ac4cdb45701cea7e1c6682a31c1a34e0 avia_animate_when_visible  avia-builder-el-10  avia-builder-el-no-sibling  avia_lazyload avia-gallery-animate avia-gallery-1'  itemprop=\"image\" itemscope=\"itemscope\" itemtype=\"https:\/\/schema.org\/ImageObject\" ><div class='avia-gallery-thumb'> <a href=\"http:\/\/www.si-hr.eu\/si2\/wp-content\/uploads\/sites\/14\/2018\/11\/DSCN4309-2-1030x773.jpg\" data-srcset=\"http:\/\/www.si-hr.eu\/si2\/wp-content\/uploads\/sites\/14\/2018\/11\/DSCN4309-2-1030x773.jpg 1030w, http:\/\/www.si-hr.eu\/si2\/wp-content\/uploads\/sites\/14\/2018\/11\/DSCN4309-2-300x225.jpg 300w, http:\/\/www.si-hr.eu\/si2\/wp-content\/uploads\/sites\/14\/2018\/11\/DSCN4309-2-768x576.jpg 768w, http:\/\/www.si-hr.eu\/si2\/wp-content\/uploads\/sites\/14\/2018\/11\/DSCN4309-2-600x450.jpg 600w, http:\/\/www.si-hr.eu\/si2\/wp-content\/uploads\/sites\/14\/2018\/11\/DSCN4309-2-1500x1125.jpg 1500w, http:\/\/www.si-hr.eu\/si2\/wp-content\/uploads\/sites\/14\/2018\/11\/DSCN4309-2-705x529.jpg 705w, http:\/\/www.si-hr.eu\/si2\/wp-content\/uploads\/sites\/14\/2018\/11\/DSCN4309-2-450x338.jpg 450w\" data-sizes=\"(max-width: 1030px) 100vw, 1030px\" data-rel='gallery-1' data-prev-img='http:\/\/www.si-hr.eu\/si2\/wp-content\/uploads\/sites\/14\/2018\/11\/DSCN4309-2-495x400.jpg' class='first_thumb lightbox ' data-onclick='1' title='DSCN4309'  itemprop=\"thumbnailUrl\"  ><img decoding=\"async\" class=\"wp-image-4142 avia-img-lazy-loading-not-4142\"   src=\"http:\/\/www.si-hr.eu\/si2\/wp-content\/uploads\/sites\/14\/2018\/11\/DSCN4309-2-495x400.jpg\" width=\"495\" height=\"400\"  title='DSCN4309' alt='' srcset=\"http:\/\/www.si-hr.eu\/si2\/wp-content\/uploads\/sites\/14\/2018\/11\/DSCN4309-2-495x400.jpg 495w, http:\/\/www.si-hr.eu\/si2\/wp-content\/uploads\/sites\/14\/2018\/11\/DSCN4309-2-845x684.jpg 845w\" sizes=\"(max-width: 495px) 100vw, 495px\" \/><\/a> <a href=\"http:\/\/www.si-hr.eu\/si2\/wp-content\/uploads\/sites\/14\/2018\/11\/DSCN4311-2-1030x773.jpg\" data-srcset=\"http:\/\/www.si-hr.eu\/si2\/wp-content\/uploads\/sites\/14\/2018\/11\/DSCN4311-2-1030x773.jpg 1030w, http:\/\/www.si-hr.eu\/si2\/wp-content\/uploads\/sites\/14\/2018\/11\/DSCN4311-2-300x225.jpg 300w, http:\/\/www.si-hr.eu\/si2\/wp-content\/uploads\/sites\/14\/2018\/11\/DSCN4311-2-768x576.jpg 768w, http:\/\/www.si-hr.eu\/si2\/wp-content\/uploads\/sites\/14\/2018\/11\/DSCN4311-2-600x450.jpg 600w, http:\/\/www.si-hr.eu\/si2\/wp-content\/uploads\/sites\/14\/2018\/11\/DSCN4311-2-1500x1125.jpg 1500w, http:\/\/www.si-hr.eu\/si2\/wp-content\/uploads\/sites\/14\/2018\/11\/DSCN4311-2-705x529.jpg 705w, http:\/\/www.si-hr.eu\/si2\/wp-content\/uploads\/sites\/14\/2018\/11\/DSCN4311-2-450x338.jpg 450w\" data-sizes=\"(max-width: 1030px) 100vw, 1030px\" data-rel='gallery-1' data-prev-img='http:\/\/www.si-hr.eu\/si2\/wp-content\/uploads\/sites\/14\/2018\/11\/DSCN4311-2-495x400.jpg' class='lightbox ' data-onclick='2' title='DSCN4311'  itemprop=\"thumbnailUrl\"  ><img decoding=\"async\" class=\"wp-image-4143 avia-img-lazy-loading-not-4143\"   src=\"http:\/\/www.si-hr.eu\/si2\/wp-content\/uploads\/sites\/14\/2018\/11\/DSCN4311-2-495x400.jpg\" width=\"495\" height=\"400\"  title='DSCN4311' alt='' srcset=\"http:\/\/www.si-hr.eu\/si2\/wp-content\/uploads\/sites\/14\/2018\/11\/DSCN4311-2-495x400.jpg 495w, http:\/\/www.si-hr.eu\/si2\/wp-content\/uploads\/sites\/14\/2018\/11\/DSCN4311-2-845x684.jpg 845w\" sizes=\"(max-width: 495px) 100vw, 495px\" \/><\/a> <a href=\"http:\/\/www.si-hr.eu\/si2\/wp-content\/uploads\/sites\/14\/2018\/11\/DSCN4314-2-1030x773.jpg\" data-srcset=\"http:\/\/www.si-hr.eu\/si2\/wp-content\/uploads\/sites\/14\/2018\/11\/DSCN4314-2-1030x773.jpg 1030w, http:\/\/www.si-hr.eu\/si2\/wp-content\/uploads\/sites\/14\/2018\/11\/DSCN4314-2-300x225.jpg 300w, http:\/\/www.si-hr.eu\/si2\/wp-content\/uploads\/sites\/14\/2018\/11\/DSCN4314-2-768x576.jpg 768w, http:\/\/www.si-hr.eu\/si2\/wp-content\/uploads\/sites\/14\/2018\/11\/DSCN4314-2-600x450.jpg 600w, http:\/\/www.si-hr.eu\/si2\/wp-content\/uploads\/sites\/14\/2018\/11\/DSCN4314-2-1500x1125.jpg 1500w, http:\/\/www.si-hr.eu\/si2\/wp-content\/uploads\/sites\/14\/2018\/11\/DSCN4314-2-705x529.jpg 705w, http:\/\/www.si-hr.eu\/si2\/wp-content\/uploads\/sites\/14\/2018\/11\/DSCN4314-2-450x338.jpg 450w\" data-sizes=\"(max-width: 1030px) 100vw, 1030px\" data-rel='gallery-1' data-prev-img='http:\/\/www.si-hr.eu\/si2\/wp-content\/uploads\/sites\/14\/2018\/11\/DSCN4314-2-495x400.jpg' class='lightbox ' data-onclick='3' title='DSCN4314'  itemprop=\"thumbnailUrl\"  ><img decoding=\"async\" class=\"wp-image-4144 avia-img-lazy-loading-not-4144\"   src=\"http:\/\/www.si-hr.eu\/si2\/wp-content\/uploads\/sites\/14\/2018\/11\/DSCN4314-2-495x400.jpg\" width=\"495\" height=\"400\"  title='DSCN4314' alt='' srcset=\"http:\/\/www.si-hr.eu\/si2\/wp-content\/uploads\/sites\/14\/2018\/11\/DSCN4314-2-495x400.jpg 495w, http:\/\/www.si-hr.eu\/si2\/wp-content\/uploads\/sites\/14\/2018\/11\/DSCN4314-2-845x684.jpg 845w\" sizes=\"(max-width: 495px) 100vw, 495px\" \/><\/a> <a href=\"http:\/\/www.si-hr.eu\/si2\/wp-content\/uploads\/sites\/14\/2018\/11\/DSCN4324-2-1030x773.jpg\" data-srcset=\"http:\/\/www.si-hr.eu\/si2\/wp-content\/uploads\/sites\/14\/2018\/11\/DSCN4324-2-1030x773.jpg 1030w, http:\/\/www.si-hr.eu\/si2\/wp-content\/uploads\/sites\/14\/2018\/11\/DSCN4324-2-300x225.jpg 300w, http:\/\/www.si-hr.eu\/si2\/wp-content\/uploads\/sites\/14\/2018\/11\/DSCN4324-2-768x576.jpg 768w, http:\/\/www.si-hr.eu\/si2\/wp-content\/uploads\/sites\/14\/2018\/11\/DSCN4324-2-600x450.jpg 600w, http:\/\/www.si-hr.eu\/si2\/wp-content\/uploads\/sites\/14\/2018\/11\/DSCN4324-2-1500x1125.jpg 1500w, http:\/\/www.si-hr.eu\/si2\/wp-content\/uploads\/sites\/14\/2018\/11\/DSCN4324-2-705x529.jpg 705w, http:\/\/www.si-hr.eu\/si2\/wp-content\/uploads\/sites\/14\/2018\/11\/DSCN4324-2-450x338.jpg 450w\" data-sizes=\"(max-width: 1030px) 100vw, 1030px\" data-rel='gallery-1' data-prev-img='http:\/\/www.si-hr.eu\/si2\/wp-content\/uploads\/sites\/14\/2018\/11\/DSCN4324-2-495x400.jpg' class='lightbox ' data-onclick='4' title='DSCN4324'  itemprop=\"thumbnailUrl\"  ><img decoding=\"async\" class=\"wp-image-4145 avia-img-lazy-loading-not-4145\"   src=\"http:\/\/www.si-hr.eu\/si2\/wp-content\/uploads\/sites\/14\/2018\/11\/DSCN4324-2-495x400.jpg\" width=\"495\" height=\"400\"  title='DSCN4324' alt='' srcset=\"http:\/\/www.si-hr.eu\/si2\/wp-content\/uploads\/sites\/14\/2018\/11\/DSCN4324-2-495x400.jpg 495w, http:\/\/www.si-hr.eu\/si2\/wp-content\/uploads\/sites\/14\/2018\/11\/DSCN4324-2-845x684.jpg 845w\" sizes=\"(max-width: 495px) 100vw, 495px\" \/><\/a> <a href=\"http:\/\/www.si-hr.eu\/si2\/wp-content\/uploads\/sites\/14\/2018\/11\/DSCN4326-2-1030x773.jpg\" data-srcset=\"http:\/\/www.si-hr.eu\/si2\/wp-content\/uploads\/sites\/14\/2018\/11\/DSCN4326-2-1030x773.jpg 1030w, http:\/\/www.si-hr.eu\/si2\/wp-content\/uploads\/sites\/14\/2018\/11\/DSCN4326-2-300x225.jpg 300w, http:\/\/www.si-hr.eu\/si2\/wp-content\/uploads\/sites\/14\/2018\/11\/DSCN4326-2-768x576.jpg 768w, http:\/\/www.si-hr.eu\/si2\/wp-content\/uploads\/sites\/14\/2018\/11\/DSCN4326-2-600x450.jpg 600w, http:\/\/www.si-hr.eu\/si2\/wp-content\/uploads\/sites\/14\/2018\/11\/DSCN4326-2-1500x1125.jpg 1500w, http:\/\/www.si-hr.eu\/si2\/wp-content\/uploads\/sites\/14\/2018\/11\/DSCN4326-2-705x529.jpg 705w, http:\/\/www.si-hr.eu\/si2\/wp-content\/uploads\/sites\/14\/2018\/11\/DSCN4326-2-450x338.jpg 450w\" data-sizes=\"(max-width: 1030px) 100vw, 1030px\" data-rel='gallery-1' data-prev-img='http:\/\/www.si-hr.eu\/si2\/wp-content\/uploads\/sites\/14\/2018\/11\/DSCN4326-2-495x400.jpg' class='lightbox ' data-onclick='5' title='DSCN4326'  itemprop=\"thumbnailUrl\"  ><img decoding=\"async\" class=\"wp-image-4146 avia-img-lazy-loading-not-4146\"   src=\"http:\/\/www.si-hr.eu\/si2\/wp-content\/uploads\/sites\/14\/2018\/11\/DSCN4326-2-495x400.jpg\" width=\"495\" height=\"400\"  title='DSCN4326' alt='' srcset=\"http:\/\/www.si-hr.eu\/si2\/wp-content\/uploads\/sites\/14\/2018\/11\/DSCN4326-2-495x400.jpg 495w, http:\/\/www.si-hr.eu\/si2\/wp-content\/uploads\/sites\/14\/2018\/11\/DSCN4326-2-845x684.jpg 845w\" sizes=\"(max-width: 495px) 100vw, 495px\" \/><\/a><\/div><\/div><\/div>\n","protected":false},"excerpt":{"rendered":"","protected":false},"author":1,"featured_media":0,"parent":0,"menu_order":0,"comment_status":"closed","ping_status":"closed","template":"","meta":{"ngg_post_thumbnail":0},"acf":[],"_links":{"self":[{"href":"http:\/\/www.si-hr.eu\/si2\/wp-json\/wp\/v2\/pages\/4139"}],"collection":[{"href":"http:\/\/www.si-hr.eu\/si2\/wp-json\/wp\/v2\/pages"}],"about":[{"href":"http:\/\/www.si-hr.eu\/si2\/wp-json\/wp\/v2\/types\/page"}],"author":[{"embeddable":true,"href":"http:\/\/www.si-hr.eu\/si2\/wp-json\/wp\/v2\/users\/1"}],"replies":[{"embeddable":true,"href":"http:\/\/www.si-hr.eu\/si2\/wp-json\/wp\/v2\/comments?post=4139"}],"version-history":[{"count":4,"href":"http:\/\/www.si-hr.eu\/si2\/wp-json\/wp\/v2\/pages\/4139\/revisions"}],"predecessor-version":[{"id":4169,"href":"http:\/\/www.si-hr.eu\/si2\/wp-json\/wp\/v2\/pages\/4139\/revisions\/4169"}],"wp:attachment":[{"href":"http:\/\/www.si-hr.eu\/si2\/wp-json\/wp\/v2\/media?parent=4139"}],"curies":[{"name":"wp","href":"https:\/\/api.w.org\/{rel}","templated":true}]}}