{"id":934,"date":"2016-02-23T13:37:45","date_gmt":"2016-02-23T12:37:45","guid":{"rendered":"http:\/\/84.39.218.255\/si2\/?page_id=934"},"modified":"2016-02-24T12:49:48","modified_gmt":"2016-02-24T11:49:48","slug":"delavnici-1_rok_rogaska_in_opatija","status":"publish","type":"page","link":"http:\/\/www.si-hr.eu\/si2\/delavnici-1_rok_rogaska_in_opatija\/","title":{"rendered":"Delavnici-1_rok_rogaska_in_opatija"},"content":{"rendered":"<div id='layer_slider_1'  class='avia-layerslider main_color avia-shadow  avia-builder-el-0  el_before_av_one_full  avia-builder-el-first  container_wrap sidebar_right'  style='height: 251px;'  ><\/div><div id='after_layer_slider_1'  class='main_color av_default_container_wrap container_wrap sidebar_right'  ><div class='container av-section-cont-open' ><div class='template-page content  av-content-small alpha units'><div class='post-entry post-entry-type-page post-entry-934'><div class='entry-content-wrapper clearfix'>\n\n<style type=\"text\/css\" data-created_by=\"avia_inline_auto\" id=\"style-css-av-av_one_full-352b07ef7d3bc99b2e9f92e7a9e06bdb\">\n.flex_column.av-av_one_full-352b07ef7d3bc99b2e9f92e7a9e06bdb{\nborder-radius:0px 0px 0px 0px;\n-webkit-border-radius:0px 0px 0px 0px;\n-moz-border-radius:0px 0px 0px 0px;\n}\n<\/style>\n<div class='flex_column av-av_one_full-352b07ef7d3bc99b2e9f92e7a9e06bdb av_one_full  avia-builder-el-1  el_after_av_layerslider  el_before_av_one_fourth  avia-builder-el-first  first flex_column_div av-zero-column-padding '   ><section  class='av_textblock_section av-av_textblock-0366cc7376be6c9e82a3e9cc8987b64f'  itemscope=\"itemscope\" itemtype=\"https:\/\/schema.org\/CreativeWork\" ><div class='avia_textblock'  itemprop=\"text\" ><h3>Delavnici za prijavitelje v okviru 1. roka za oddajo projektnih predlogov<\/h3>\n<div class=\"special-heading-border\"><\/div>\n<\/div><\/section><\/div>\n\n<style type=\"text\/css\" data-created_by=\"avia_inline_auto\" id=\"style-css-av-av_one_fourth-352b07ef7d3bc99b2e9f92e7a9e06bdb\">\n.flex_column.av-av_one_fourth-352b07ef7d3bc99b2e9f92e7a9e06bdb{\nborder-radius:0px 0px 0px 0px;\n-webkit-border-radius:0px 0px 0px 0px;\n-moz-border-radius:0px 0px 0px 0px;\n}\n<\/style>\n<div class='flex_column av-av_one_fourth-352b07ef7d3bc99b2e9f92e7a9e06bdb av_one_fourth  avia-builder-el-3  el_after_av_one_full  el_before_av_one_fourth  first flex_column_div av-zero-column-padding column-top-margin'   ><section  class='av_textblock_section av-av_textblock-0366cc7376be6c9e82a3e9cc8987b64f'  itemscope=\"itemscope\" itemtype=\"https:\/\/schema.org\/CreativeWork\" ><div class='avia_textblock'  itemprop=\"text\" ><h5>Prezentacije z delavnic<\/h5>\n<ul>\n<li><a href=\"http:\/\/84.39.218.255\/si2\/wp-content\/uploads\/sites\/14\/2016\/02\/3_Predstavitev_programa_Predstavljanje_Programa.pptx\">Predstavitev Programa sodelovanja<\/a><\/li>\n<li><a href=\"http:\/\/84.39.218.255\/si2\/wp-content\/uploads\/sites\/14\/2016\/02\/4_Javni_razpis_Javni_poziv.pptx\">Predstavitev javnega razpisa za predlo\u017eitev projektov<\/a><\/li>\n<li><a href=\"http:\/\/84.39.218.255\/si2\/wp-content\/uploads\/sites\/14\/2016\/02\/5_Upravicenost_stroskov_Prihvatljivost_troskova.pptx\">Upravi\u010denost stro\u0161kov<\/a><\/li>\n<li><a href=\"http:\/\/84.39.218.255\/si2\/wp-content\/uploads\/sites\/14\/2016\/02\/6_Informiranje_in_obvescanje_Informiranje_i_obavjestavanje.pptx\">Informiranje in obve\u0161\u010danje<\/a><\/li>\n<li><a href=\"http:\/\/84.39.218.255\/si2\/wp-content\/uploads\/sites\/14\/2016\/02\/7_Priloge_k_prijavnici_Prilozi_prijavnom_obrascu.pptx\">Priloge k prijavnici<\/a><\/li>\n<\/ul>\n<\/div><\/section><\/div>\n<style type=\"text\/css\" data-created_by=\"avia_inline_auto\" id=\"style-css-av-av_one_fourth-2a64de42b738552fe666ca889af77e28\">\n.flex_column.av-av_one_fourth-2a64de42b738552fe666ca889af77e28{\nborder-radius:0px 0px 0px 0px;\n-webkit-border-radius:0px 0px 0px 0px;\n-moz-border-radius:0px 0px 0px 0px;\n}\n<\/style>\n<div class='flex_column av-av_one_fourth-2a64de42b738552fe666ca889af77e28 av_one_fourth  avia-builder-el-5  el_after_av_one_fourth  el_before_av_one_half  flex_column_div av-zero-column-padding column-top-margin'   ><section  class='av_textblock_section av-av_textblock-0366cc7376be6c9e82a3e9cc8987b64f'  itemscope=\"itemscope\" itemtype=\"https:\/\/schema.org\/CreativeWork\" ><div class='avia_textblock'  itemprop=\"text\" ><h5>Vabili na delavnici<\/h5>\n<ul>\n<li><a href=\"http:\/\/84.39.218.255\/si2\/wp-content\/uploads\/sites\/14\/2016\/02\/Vabilo-pozivnica-delavnicaSLO.pdf\">17. 2. 2016, Roga\u0161ka Slatina<\/a><\/li>\n<li><a href=\"http:\/\/84.39.218.255\/si2\/wp-content\/uploads\/sites\/14\/2016\/02\/Vabilo-pozivnica-Opatija.pdf\">22. 2. 2016, Opatija<\/a><\/li>\n<\/ul>\n<\/div><\/section><\/div><\/p>\n\n<style type=\"text\/css\" data-created_by=\"avia_inline_auto\" id=\"style-css-av-av_one_half-2a64de42b738552fe666ca889af77e28\">\n.flex_column.av-av_one_half-2a64de42b738552fe666ca889af77e28{\nborder-radius:0px 0px 0px 0px;\n-webkit-border-radius:0px 0px 0px 0px;\n-moz-border-radius:0px 0px 0px 0px;\n}\n<\/style>\n<div class='flex_column av-av_one_half-2a64de42b738552fe666ca889af77e28 av_one_half  avia-builder-el-7  el_after_av_one_fourth  el_before_av_one_full  flex_column_div av-zero-column-padding column-top-margin'   ><section  class='av_textblock_section av-av_textblock-0366cc7376be6c9e82a3e9cc8987b64f'  itemscope=\"itemscope\" itemtype=\"https:\/\/schema.org\/CreativeWork\" ><div class='avia_textblock'  itemprop=\"text\" ><p>V okviru 1. roka Javnega razpisa za predlo\u017eitev projektov Programa sodelovanja Interreg V-A Slovenija-Hrva\u0161ka za obdobje 2014-2020 sta bili izvedeni dve delavnici, namenjeni potencialnim prijaviteljem v okviru Javnega razpisa za predlo\u017eitev projektov.<\/p>\n<p>Prva delavnica je potekala\u00a017. februarja 2016 v Roga\u0161ki Slatini. Druga, po vsebini enaka delavnica, pa je bila izvedena\u00a022. februarja 2016 v Opatiji.<\/p>\n<p>V okviru delavnic sta Organ upravljanja in Skupni sekretariat udele\u017eencem na kratko predstavila program sodelovanja, podala informacije o javnem razpisu, predstavila pravila o upravi\u010denosti izdatkov, zahteve pravil informiranja in obve\u0161\u010danja, priloge k prijavnici ter elektronski sistem spremljanja (eMS).<\/p>\n<p>Ker so bila vsa prosta mesta na delavnicah zasedena, smo delavnico iz Opatije prena\u0161ali v \u017eivo preko spleta.<br \/>\nPrvi rok za oddajo projektov je <strong>11. marec 2016<\/strong>. Naslednji rok za predlo\u017eitev projektnih predlogov se predvideva v drugi polovici leta 2016.<\/p>\n<\/div><\/section><\/div>\n\n<style type=\"text\/css\" data-created_by=\"avia_inline_auto\" id=\"style-css-av-av_one_full-352b07ef7d3bc99b2e9f92e7a9e06bdb\">\n.flex_column.av-av_one_full-352b07ef7d3bc99b2e9f92e7a9e06bdb{\nborder-radius:0px 0px 0px 0px;\n-webkit-border-radius:0px 0px 0px 0px;\n-moz-border-radius:0px 0px 0px 0px;\n}\n<\/style>\n<div class='flex_column av-av_one_full-352b07ef7d3bc99b2e9f92e7a9e06bdb av_one_full  avia-builder-el-9  el_after_av_one_half  avia-builder-el-last  first flex_column_div av-zero-column-padding column-top-margin'   ><section  class='av_textblock_section av-av_textblock-0366cc7376be6c9e82a3e9cc8987b64f'  itemscope=\"itemscope\" itemtype=\"https:\/\/schema.org\/CreativeWork\" ><div class='avia_textblock'  itemprop=\"text\" ><p><!-- index.php -->\n<div\n\tclass=\"ngg-galleryoverview ngg-ajax-pagination-none\"\n\tid=\"ngg-gallery-1037-1\">\n\n    \t<div class=\"slideshowlink\">\n        <a href='http:\/\/www.si-hr.eu\/si2\/delavnici-1_rok_rogaska_in_opatija\/nggallery\/slideshow'>[Show slideshow]<\/a>\n\t\t\n\t<\/div>\n\t\t\t<!-- Thumbnails -->\n\t\t\t\t<div id=\"ngg-image-0\" class=\"ngg-gallery-thumbnail-box\" >\n\t\t\t\t        <div class=\"ngg-gallery-thumbnail\">\n            <a href=\"http:\/\/www.si-hr.eu\/si2\/wp-content\/uploads\/sites\/14\/nggallery\/test\/Delavnici_Rogaska_Slatina_in_Opatija-1-min.jpg\"\n               title=\"\"\n               data-src=\"http:\/\/www.si-hr.eu\/si2\/wp-content\/uploads\/sites\/14\/nggallery\/test\/Delavnici_Rogaska_Slatina_in_Opatija-1-min.jpg\"\n               data-thumbnail=\"http:\/\/www.si-hr.eu\/si2\/wp-content\/uploads\/sites\/14\/nggallery\/test\/thumbs\/thumbs_Delavnici_Rogaska_Slatina_in_Opatija-1-min.jpg\"\n               data-image-id=\"34\"\n               data-title=\"Delavnici v Roga\u0161ki Slatini in Opatiji\"\n               data-description=\"\"\n               data-image-slug=\"delavnici_rogaska_slatina_in_opatija-1-min\"\n               class=\"ngg-fancybox\" rel=\"1037\">\n                <img\n                    title=\"Delavnici v Roga\u0161ki Slatini in Opatiji\"\n                    alt=\"Delavnici v Roga\u0161ki Slatini in Opatiji\"\n                    src=\"http:\/\/www.si-hr.eu\/si2\/wp-content\/uploads\/sites\/14\/nggallery\/test\/thumbs\/thumbs_Delavnici_Rogaska_Slatina_in_Opatija-1-min.jpg\"\n                    width=\"240\"\n                    height=\"160\"\n                    style=\"max-width:100%;\"\n                \/>\n            <\/a>\n        <\/div>\n\t\t\t\t\t\t\t<\/div> \n\t\t\t\n        \n\t\t\t\t<div id=\"ngg-image-1\" class=\"ngg-gallery-thumbnail-box\" >\n\t\t\t\t        <div class=\"ngg-gallery-thumbnail\">\n            <a href=\"http:\/\/www.si-hr.eu\/si2\/wp-content\/uploads\/sites\/14\/nggallery\/test\/Delavnici_Rogaska_Slatina_in_Opatija-2-min.jpg\"\n               title=\"\"\n               data-src=\"http:\/\/www.si-hr.eu\/si2\/wp-content\/uploads\/sites\/14\/nggallery\/test\/Delavnici_Rogaska_Slatina_in_Opatija-2-min.jpg\"\n               data-thumbnail=\"http:\/\/www.si-hr.eu\/si2\/wp-content\/uploads\/sites\/14\/nggallery\/test\/thumbs\/thumbs_Delavnici_Rogaska_Slatina_in_Opatija-2-min.jpg\"\n               data-image-id=\"35\"\n               data-title=\"Delavnici v Roga\u0161ki Slatini in Opatiji\"\n               data-description=\"\"\n               data-image-slug=\"delavnici_rogaska_slatina_in_opatija-2-min\"\n               class=\"ngg-fancybox\" rel=\"1037\">\n                <img\n                    title=\"Delavnici v Roga\u0161ki Slatini in Opatiji\"\n                    alt=\"Delavnici v Roga\u0161ki Slatini in Opatiji\"\n                    src=\"http:\/\/www.si-hr.eu\/si2\/wp-content\/uploads\/sites\/14\/nggallery\/test\/thumbs\/thumbs_Delavnici_Rogaska_Slatina_in_Opatija-2-min.jpg\"\n                    width=\"240\"\n                    height=\"160\"\n                    style=\"max-width:100%;\"\n                \/>\n            <\/a>\n        <\/div>\n\t\t\t\t\t\t\t<\/div> \n\t\t\t\n        \n\t\t\t\t<div id=\"ngg-image-2\" class=\"ngg-gallery-thumbnail-box\" >\n\t\t\t\t        <div class=\"ngg-gallery-thumbnail\">\n            <a href=\"http:\/\/www.si-hr.eu\/si2\/wp-content\/uploads\/sites\/14\/nggallery\/test\/Delavnici_Rogaska_Slatina_in_Opatija-3-min.jpg\"\n               title=\"\"\n               data-src=\"http:\/\/www.si-hr.eu\/si2\/wp-content\/uploads\/sites\/14\/nggallery\/test\/Delavnici_Rogaska_Slatina_in_Opatija-3-min.jpg\"\n               data-thumbnail=\"http:\/\/www.si-hr.eu\/si2\/wp-content\/uploads\/sites\/14\/nggallery\/test\/thumbs\/thumbs_Delavnici_Rogaska_Slatina_in_Opatija-3-min.jpg\"\n               data-image-id=\"36\"\n               data-title=\"Delavnici v Roga\u0161ki Slatini in Opatiji\"\n               data-description=\"\"\n               data-image-slug=\"delavnici_rogaska_slatina_in_opatija-3-min\"\n               class=\"ngg-fancybox\" rel=\"1037\">\n                <img\n                    title=\"Delavnici v Roga\u0161ki Slatini in Opatiji\"\n                    alt=\"Delavnici v Roga\u0161ki Slatini in Opatiji\"\n                    src=\"http:\/\/www.si-hr.eu\/si2\/wp-content\/uploads\/sites\/14\/nggallery\/test\/thumbs\/thumbs_Delavnici_Rogaska_Slatina_in_Opatija-3-min.jpg\"\n                    width=\"240\"\n                    height=\"160\"\n                    style=\"max-width:100%;\"\n                \/>\n            <\/a>\n        <\/div>\n\t\t\t\t\t\t\t<\/div> \n\t\t\t\n        \n\t\t\t\t<div id=\"ngg-image-3\" class=\"ngg-gallery-thumbnail-box\" >\n\t\t\t\t        <div class=\"ngg-gallery-thumbnail\">\n            <a href=\"http:\/\/www.si-hr.eu\/si2\/wp-content\/uploads\/sites\/14\/nggallery\/test\/Delavnici_Rogaska_Slatina_in_Opatija-5-min.jpg\"\n               title=\"\"\n               data-src=\"http:\/\/www.si-hr.eu\/si2\/wp-content\/uploads\/sites\/14\/nggallery\/test\/Delavnici_Rogaska_Slatina_in_Opatija-5-min.jpg\"\n               data-thumbnail=\"http:\/\/www.si-hr.eu\/si2\/wp-content\/uploads\/sites\/14\/nggallery\/test\/thumbs\/thumbs_Delavnici_Rogaska_Slatina_in_Opatija-5-min.jpg\"\n               data-image-id=\"38\"\n               data-title=\"Delavnici v Roga\u0161ki Slatini in Opatiji\"\n               data-description=\"\"\n               data-image-slug=\"delavnici_rogaska_slatina_in_opatija-5-min\"\n               class=\"ngg-fancybox\" rel=\"1037\">\n                <img\n                    title=\"Delavnici v Roga\u0161ki Slatini in Opatiji\"\n                    alt=\"Delavnici v Roga\u0161ki Slatini in Opatiji\"\n                    src=\"http:\/\/www.si-hr.eu\/si2\/wp-content\/uploads\/sites\/14\/nggallery\/test\/thumbs\/thumbs_Delavnici_Rogaska_Slatina_in_Opatija-5-min.jpg\"\n                    width=\"240\"\n                    height=\"160\"\n                    style=\"max-width:100%;\"\n                \/>\n            <\/a>\n        <\/div>\n\t\t\t\t\t\t\t<\/div> \n\t\t\t\n        \n\t\t\t\t<div id=\"ngg-image-4\" class=\"ngg-gallery-thumbnail-box\" >\n\t\t\t\t        <div class=\"ngg-gallery-thumbnail\">\n            <a href=\"http:\/\/www.si-hr.eu\/si2\/wp-content\/uploads\/sites\/14\/nggallery\/test\/Delavnici_Rogaska_Slatina_in_Opatija-6-min.jpg\"\n               title=\"\"\n               data-src=\"http:\/\/www.si-hr.eu\/si2\/wp-content\/uploads\/sites\/14\/nggallery\/test\/Delavnici_Rogaska_Slatina_in_Opatija-6-min.jpg\"\n               data-thumbnail=\"http:\/\/www.si-hr.eu\/si2\/wp-content\/uploads\/sites\/14\/nggallery\/test\/thumbs\/thumbs_Delavnici_Rogaska_Slatina_in_Opatija-6-min.jpg\"\n               data-image-id=\"39\"\n               data-title=\"Delavnici v Roga\u0161ki Slatini in Opatiji\"\n               data-description=\"\"\n               data-image-slug=\"delavnici_rogaska_slatina_in_opatija-6-min\"\n               class=\"ngg-fancybox\" rel=\"1037\">\n                <img\n                    title=\"Delavnici v Roga\u0161ki Slatini in Opatiji\"\n                    alt=\"Delavnici v Roga\u0161ki Slatini in Opatiji\"\n                    src=\"http:\/\/www.si-hr.eu\/si2\/wp-content\/uploads\/sites\/14\/nggallery\/test\/thumbs\/thumbs_Delavnici_Rogaska_Slatina_in_Opatija-6-min.jpg\"\n                    width=\"240\"\n                    height=\"160\"\n                    style=\"max-width:100%;\"\n                \/>\n            <\/a>\n        <\/div>\n\t\t\t\t\t\t\t<\/div> \n\t\t\t\n        \n\t\t\t\t<div id=\"ngg-image-5\" class=\"ngg-gallery-thumbnail-box\" >\n\t\t\t\t        <div class=\"ngg-gallery-thumbnail\">\n            <a href=\"http:\/\/www.si-hr.eu\/si2\/wp-content\/uploads\/sites\/14\/nggallery\/test\/Delavnici_Rogaska_Slatina_in_Opatija-7-min.jpg\"\n               title=\"\"\n               data-src=\"http:\/\/www.si-hr.eu\/si2\/wp-content\/uploads\/sites\/14\/nggallery\/test\/Delavnici_Rogaska_Slatina_in_Opatija-7-min.jpg\"\n               data-thumbnail=\"http:\/\/www.si-hr.eu\/si2\/wp-content\/uploads\/sites\/14\/nggallery\/test\/thumbs\/thumbs_Delavnici_Rogaska_Slatina_in_Opatija-7-min.jpg\"\n               data-image-id=\"40\"\n               data-title=\"Delavnici v Roga\u0161ki Slatini in Opatiji\"\n               data-description=\"\"\n               data-image-slug=\"delavnici_rogaska_slatina_in_opatija-7-min\"\n               class=\"ngg-fancybox\" rel=\"1037\">\n                <img\n                    title=\"Delavnici v Roga\u0161ki Slatini in Opatiji\"\n                    alt=\"Delavnici v Roga\u0161ki Slatini in Opatiji\"\n                    src=\"http:\/\/www.si-hr.eu\/si2\/wp-content\/uploads\/sites\/14\/nggallery\/test\/thumbs\/thumbs_Delavnici_Rogaska_Slatina_in_Opatija-7-min.jpg\"\n                    width=\"240\"\n                    height=\"160\"\n                    style=\"max-width:100%;\"\n                \/>\n            <\/a>\n        <\/div>\n\t\t\t\t\t\t\t<\/div> \n\t\t\t\n        \n\t\t\t\t<div id=\"ngg-image-6\" class=\"ngg-gallery-thumbnail-box\" >\n\t\t\t\t        <div class=\"ngg-gallery-thumbnail\">\n            <a href=\"http:\/\/www.si-hr.eu\/si2\/wp-content\/uploads\/sites\/14\/nggallery\/test\/Delavnici_Rogaska_Slatina_in_Opatija-8-min.jpg\"\n               title=\"\"\n               data-src=\"http:\/\/www.si-hr.eu\/si2\/wp-content\/uploads\/sites\/14\/nggallery\/test\/Delavnici_Rogaska_Slatina_in_Opatija-8-min.jpg\"\n               data-thumbnail=\"http:\/\/www.si-hr.eu\/si2\/wp-content\/uploads\/sites\/14\/nggallery\/test\/thumbs\/thumbs_Delavnici_Rogaska_Slatina_in_Opatija-8-min.jpg\"\n               data-image-id=\"41\"\n               data-title=\"Delavnici v Roga\u0161ki Slatini in Opatiji\"\n               data-description=\"\"\n               data-image-slug=\"delavnici_rogaska_slatina_in_opatija-8-min\"\n               class=\"ngg-fancybox\" rel=\"1037\">\n                <img\n                    title=\"Delavnici v Roga\u0161ki Slatini in Opatiji\"\n                    alt=\"Delavnici v Roga\u0161ki Slatini in Opatiji\"\n                    src=\"http:\/\/www.si-hr.eu\/si2\/wp-content\/uploads\/sites\/14\/nggallery\/test\/thumbs\/thumbs_Delavnici_Rogaska_Slatina_in_Opatija-8-min.jpg\"\n                    width=\"240\"\n                    height=\"160\"\n                    style=\"max-width:100%;\"\n                \/>\n            <\/a>\n        <\/div>\n\t\t\t\t\t\t\t<\/div> \n\t\t\t\n        \n\t\t\t\t<div id=\"ngg-image-7\" class=\"ngg-gallery-thumbnail-box\" >\n\t\t\t\t        <div class=\"ngg-gallery-thumbnail\">\n            <a href=\"http:\/\/www.si-hr.eu\/si2\/wp-content\/uploads\/sites\/14\/nggallery\/test\/Delavnici_Rogaska_Slatina_in_Opatija-10-min.jpg\"\n               title=\"\"\n               data-src=\"http:\/\/www.si-hr.eu\/si2\/wp-content\/uploads\/sites\/14\/nggallery\/test\/Delavnici_Rogaska_Slatina_in_Opatija-10-min.jpg\"\n               data-thumbnail=\"http:\/\/www.si-hr.eu\/si2\/wp-content\/uploads\/sites\/14\/nggallery\/test\/thumbs\/thumbs_Delavnici_Rogaska_Slatina_in_Opatija-10-min.jpg\"\n               data-image-id=\"43\"\n               data-title=\"Delavnici v Roga\u0161ki Slatini in Opatiji\"\n               data-description=\"\"\n               data-image-slug=\"delavnici_rogaska_slatina_in_opatija-10-min\"\n               class=\"ngg-fancybox\" rel=\"1037\">\n                <img\n                    title=\"Delavnici v Roga\u0161ki Slatini in Opatiji\"\n                    alt=\"Delavnici v Roga\u0161ki Slatini in Opatiji\"\n                    src=\"http:\/\/www.si-hr.eu\/si2\/wp-content\/uploads\/sites\/14\/nggallery\/test\/thumbs\/thumbs_Delavnici_Rogaska_Slatina_in_Opatija-10-min.jpg\"\n                    width=\"240\"\n                    height=\"160\"\n                    style=\"max-width:100%;\"\n                \/>\n            <\/a>\n        <\/div>\n\t\t\t\t\t\t\t<\/div> \n\t\t\t\n        \n\t\t\n\t\t<!-- Pagination -->\n\t<div class='ngg-clear'><\/div>\t<\/div>\n<\/p>\n<\/div><\/section><\/div>\n","protected":false},"excerpt":{"rendered":"","protected":false},"author":1,"featured_media":0,"parent":0,"menu_order":0,"comment_status":"closed","ping_status":"closed","template":"","meta":{"ngg_post_thumbnail":0},"acf":[],"_links":{"self":[{"href":"http:\/\/www.si-hr.eu\/si2\/wp-json\/wp\/v2\/pages\/934"}],"collection":[{"href":"http:\/\/www.si-hr.eu\/si2\/wp-json\/wp\/v2\/pages"}],"about":[{"href":"http:\/\/www.si-hr.eu\/si2\/wp-json\/wp\/v2\/types\/page"}],"author":[{"embeddable":true,"href":"http:\/\/www.si-hr.eu\/si2\/wp-json\/wp\/v2\/users\/1"}],"replies":[{"embeddable":true,"href":"http:\/\/www.si-hr.eu\/si2\/wp-json\/wp\/v2\/comments?post=934"}],"version-history":[{"count":7,"href":"http:\/\/www.si-hr.eu\/si2\/wp-json\/wp\/v2\/pages\/934\/revisions"}],"predecessor-version":[{"id":2913,"href":"http:\/\/www.si-hr.eu\/si2\/wp-json\/wp\/v2\/pages\/934\/revisions\/2913"}],"wp:attachment":[{"href":"http:\/\/www.si-hr.eu\/si2\/wp-json\/wp\/v2\/media?parent=934"}],"curies":[{"name":"wp","href":"https:\/\/api.w.org\/{rel}","templated":true}]}}